{"id":11060,"date":"2021-09-17T14:07:25","date_gmt":"2021-11-22T11:15:18","guid":{"rendered":"https:\/\/simoreno.se\/product\/nagelforstarkare\/"},"modified":"2022-05-01T13:25:06","modified_gmt":"2022-05-01T11:25:06","slug":"nail-strengthener","status":"publish","type":"product","link":"https:\/\/simoreno.se\/sv\/product\/nail-strengthener\/","title":{"rendered":"NAIL STRENGTHENER"},"content":{"rendered":"<div class=\"field field-name-body field-type-text-with-summary field-label-above\">\n<div class=\"field-label\">Denna produkt inneh\u00e5ller kalciumpantotenat \u00e4ven k\u00e4nt som vitamin B5, som stimulerar tillv\u00e4xt med kaffeextrakt f\u00f6r att st\u00e4rka naturliga naglar. Idealisk f\u00f6r svaga och skadade naglar. Den inneh\u00e5ller ocks\u00e5 retinyl palmitat, k\u00e4nt som vitamin A, som \u00e4r en antioxidant.<\/div>\n<div><\/div>\n<\/div>\n<div class=\"field field-name-field-term-of-user field-type-text-long field-label-above\">\n<div class=\"field-label\"><strong>ANV\u00c4NDARVILLKOR:<\/strong><\/div>\n<div class=\"field-items\">\n<div class=\"field-item even\">\n<p>Ta bort lack och reng\u00f6r naglarna noggrant, applicera sedan ett lager p\u00e5 nagelb\u00e4dden tv\u00e5 g\u00e5nger i veckan f\u00f6r extraordin\u00e4ra resultat. L\u00e5t verka i en minut f\u00f6r att stelna innan du applicerar dina favoritnyanser av S\u00ec Moreno nagellack<\/p>\n<p>&nbsp;<\/p>\n<\/div>\n<\/div>\n<div class=\"field-label\">\n<div class=\"field-label\"><strong>INGREDIENTS:<\/strong><\/div>\n<div class=\"field-items\">\n<div class=\"field-item even\">\n<p>Butyl acetate, nitrocellulose, isopropyl alcohol, acrylates copolymer, benzophenone-one, neopentyl, glycol, acetyl tributyl citrate, stearalkonium bentonite, silica, trimethylpentanediyl dibenzoate.<\/p>\n<\/div>\n<\/div>\n<\/div>\n<\/div>\n","protected":false},"excerpt":{"rendered":"<p><strong>Storlek: 9 ml.<\/strong><\/p>\n","protected":false},"featured_media":11000,"comment_status":"closed","ping_status":"closed","template":"","meta":[],"product_cat":[492],"product_tag":[],"class_list":["post-11060","product","type-product","status-publish","has-post-thumbnail","hentry","product_cat-treatment"],"acf":[],"_links":{"self":[{"href":"https:\/\/simoreno.se\/sv\/wp-json\/wp\/v2\/product\/11060","targetHints":{"allow":["GET"]}}],"collection":[{"href":"https:\/\/simoreno.se\/sv\/wp-json\/wp\/v2\/product"}],"about":[{"href":"https:\/\/simoreno.se\/sv\/wp-json\/wp\/v2\/types\/product"}],"replies":[{"embeddable":true,"href":"https:\/\/simoreno.se\/sv\/wp-json\/wp\/v2\/comments?post=11060"}],"version-history":[{"count":0,"href":"https:\/\/simoreno.se\/sv\/wp-json\/wp\/v2\/product\/11060\/revisions"}],"wp:featuredmedia":[{"embeddable":true,"href":"https:\/\/simoreno.se\/sv\/wp-json\/wp\/v2\/media\/11000"}],"wp:attachment":[{"href":"https:\/\/simoreno.se\/sv\/wp-json\/wp\/v2\/media?parent=11060"}],"wp:term":[{"taxonomy":"product_cat","embeddable":true,"href":"https:\/\/simoreno.se\/sv\/wp-json\/wp\/v2\/product_cat?post=11060"},{"taxonomy":"product_tag","embeddable":true,"href":"https:\/\/simoreno.se\/sv\/wp-json\/wp\/v2\/product_tag?post=11060"}],"curies":[{"name":"wp","href":"https:\/\/api.w.org\/{rel}","templated":true}]}}