{"id":11073,"date":"2021-09-17T14:20:12","date_gmt":"2021-11-22T11:15:32","guid":{"rendered":"https:\/\/simoreno.se\/product\/garvning-i-tahiti-nagellack\/"},"modified":"2022-05-01T13:26:09","modified_gmt":"2022-05-01T11:26:09","slug":"tanning-in-tahiti-nail-polish","status":"publish","type":"product","link":"https:\/\/simoreno.se\/sv\/product\/tanning-in-tahiti-nail-polish\/","title":{"rendered":"Tanning In Tahiti-NAIL POLISH"},"content":{"rendered":"<div class=\"field-label\">\n<p>S\u00ec Moreno nagellack \u00e4r av \u00f6verl\u00e4gsen kvalitet, 7 free formler och inte testat p\u00e5 djur.<\/p>\n<p><strong>INGREDIENTS<\/strong>:<br \/>\nButyl acetate, nitrocellulose, isopropyl alcohol, benzophenone-one, neopentyl, glycol, acetyl tributyl citrate, silica, n-butyl alcohol, styrene, violates 2.<\/p>\n<\/div>\n","protected":false},"excerpt":{"rendered":"<p><strong>Storlek: 9 ml.<\/strong><\/p>\n","protected":false},"featured_media":10994,"comment_status":"closed","ping_status":"closed","template":"","meta":[],"product_cat":[408],"product_tag":[],"class_list":["post-11073","product","type-product","status-publish","has-post-thumbnail","hentry","product_cat-nail-polish"],"acf":[],"_links":{"self":[{"href":"https:\/\/simoreno.se\/sv\/wp-json\/wp\/v2\/product\/11073","targetHints":{"allow":["GET"]}}],"collection":[{"href":"https:\/\/simoreno.se\/sv\/wp-json\/wp\/v2\/product"}],"about":[{"href":"https:\/\/simoreno.se\/sv\/wp-json\/wp\/v2\/types\/product"}],"replies":[{"embeddable":true,"href":"https:\/\/simoreno.se\/sv\/wp-json\/wp\/v2\/comments?post=11073"}],"version-history":[{"count":0,"href":"https:\/\/simoreno.se\/sv\/wp-json\/wp\/v2\/product\/11073\/revisions"}],"wp:featuredmedia":[{"embeddable":true,"href":"https:\/\/simoreno.se\/sv\/wp-json\/wp\/v2\/media\/10994"}],"wp:attachment":[{"href":"https:\/\/simoreno.se\/sv\/wp-json\/wp\/v2\/media?parent=11073"}],"wp:term":[{"taxonomy":"product_cat","embeddable":true,"href":"https:\/\/simoreno.se\/sv\/wp-json\/wp\/v2\/product_cat?post=11073"},{"taxonomy":"product_tag","embeddable":true,"href":"https:\/\/simoreno.se\/sv\/wp-json\/wp\/v2\/product_tag?post=11073"}],"curies":[{"name":"wp","href":"https:\/\/api.w.org\/{rel}","templated":true}]}}