{"id":11075,"date":"2021-09-17T13:23:07","date_gmt":"2021-11-22T11:15:33","guid":{"rendered":"https:\/\/simoreno.se\/product\/instant-lip-plumper-2\/"},"modified":"2022-05-01T13:33:02","modified_gmt":"2022-05-01T11:33:02","slug":"instant-lip-plumper","status":"publish","type":"product","link":"https:\/\/simoreno.se\/sv\/product\/instant-lip-plumper\/","title":{"rendered":"Instant Lip Plumper"},"content":{"rendered":"<div class=\"field field-name-body field-type-text-with-summary field-label-above\">\n<div class=\"field-label\">\n<div class=\"field field-name-body field-type-text-with-summary field-label-above\">\n<div class=\"field-items\">\n<div class=\"field-item even\">\n<p>Instant Lip Plumper: ger omedelbart en ger en omdelbart \u00e5terfuktningsboost f\u00f6r l\u00e4pparna, , som lindrar linjer och rynkor och ut\u00f6kar l\u00e4pparnas kurva och volym med vattnets s\u00e4kra och h\u00e4lsosamma godhet. Den anv\u00e4nder avancerade hyaluroniska sf\u00e4rer som introduceras i den tunna och \u00f6mt\u00e5liga huden p\u00e5 l\u00e4pparna, som drar in fukt fr\u00e5n den omgivande luften, fyller l\u00e4pparna och expanderar dem till en enorm kapacitet. Vi har \u00e4ven inkluderat en peptid som bidrar till utseendet av j\u00e4mnhet och volym. Slutligen inneh\u00e5ller den vitamin E som t\u00e4tar in all fukt f\u00f6r l\u00e5ngvarig saftighet.<\/p>\n<ul>\n<li>Hyaluroniska sf\u00e4rer fylls med fukt som omedelbart fyller l\u00e4pparna<\/li>\n<li>Minskar uppkomsten av rynkor, fina linjer och ytveck<\/li>\n<li>Hj\u00e4lper till att beh\u00e5lla fukt<\/li>\n<li>Stimulerar kollagen- och hyaluronsyntesen<\/li>\n<\/ul>\n<\/div>\n<\/div>\n<\/div>\n<div class=\"field field-name-field-term-of-user field-type-text-long field-label-above\">\n<div class=\"field-label\"><strong>ANV\u00c4NDARVILLKOR:<\/strong><\/div>\n<div class=\"field-items\">\n<div class=\"field-item even\">\n<p>J\u00e4mna ut j\u00e4mnt \u00f6ver l\u00e4ppomr\u00e5det vid behov. Kan anv\u00e4ndas under l\u00e4ppstift eller ensam. Anv\u00e4nd morgon och kv\u00e4ll eller vid behov.<\/p>\n<div class=\"field-label\">\n<div class=\"field field-name-body field-type-text-with-summary field-label-above\">\n<div class=\"field-label\">\n<div class=\"field field-name-field-term-of-user field-type-text-long field-label-above\">\n<div class=\"field-items\">\n<div class=\"field-item even\">\n<div class=\"field-label\"><strong>INGREDIENTS:<\/strong><\/div>\n<div class=\"field-items\">\n<div class=\"field-item even\">\n<p>Simmondsia Chinensis (Jojoba) Seed Oil, Squalane, Ethylhexyl Palmitate, Tribehenin, Sorbitan Isostearate, Palmitoyl Tripeptide-1, Sodium Hyaluronate LMW, Sodium Hyaluronate HMW, Benzyl Nicotinate, Butylene Glycol, Caprylyl Glycol, Hexylene Glycol, Tocopherol.<\/p>\n<\/div>\n<\/div>\n<\/div>\n<\/div>\n<\/div>\n<\/div>\n<div class=\"field-items\">\n<div class=\"field-item even\"><\/div>\n<\/div>\n<\/div>\n<div class=\"field field-name-field-term-of-user field-type-text-long field-label-above\">\n<div class=\"field-items\">\n<div class=\"field-item even\"><\/div>\n<\/div>\n<\/div>\n<\/div>\n<\/div>\n<\/div>\n<\/div>\n<\/div>\n<\/div>\n","protected":false},"excerpt":{"rendered":"<p><strong>Storlek: 7,5 gr.<\/strong><\/p>\n","protected":false},"featured_media":10962,"comment_status":"closed","ping_status":"closed","template":"","meta":[],"product_cat":[410],"product_tag":[],"class_list":["post-11075","product","type-product","status-publish","has-post-thumbnail","hentry","product_cat-body-complete-care-range"],"acf":[],"_links":{"self":[{"href":"https:\/\/simoreno.se\/sv\/wp-json\/wp\/v2\/product\/11075","targetHints":{"allow":["GET"]}}],"collection":[{"href":"https:\/\/simoreno.se\/sv\/wp-json\/wp\/v2\/product"}],"about":[{"href":"https:\/\/simoreno.se\/sv\/wp-json\/wp\/v2\/types\/product"}],"replies":[{"embeddable":true,"href":"https:\/\/simoreno.se\/sv\/wp-json\/wp\/v2\/comments?post=11075"}],"version-history":[{"count":0,"href":"https:\/\/simoreno.se\/sv\/wp-json\/wp\/v2\/product\/11075\/revisions"}],"wp:featuredmedia":[{"embeddable":true,"href":"https:\/\/simoreno.se\/sv\/wp-json\/wp\/v2\/media\/10962"}],"wp:attachment":[{"href":"https:\/\/simoreno.se\/sv\/wp-json\/wp\/v2\/media?parent=11075"}],"wp:term":[{"taxonomy":"product_cat","embeddable":true,"href":"https:\/\/simoreno.se\/sv\/wp-json\/wp\/v2\/product_cat?post=11075"},{"taxonomy":"product_tag","embeddable":true,"href":"https:\/\/simoreno.se\/sv\/wp-json\/wp\/v2\/product_tag?post=11075"}],"curies":[{"name":"wp","href":"https:\/\/api.w.org\/{rel}","templated":true}]}}