{"id":11076,"date":"2021-09-17T14:20:56","date_gmt":"2021-11-22T11:15:36","guid":{"rendered":"https:\/\/simoreno.se\/product\/mot-mig-nere-stranden-nagellack\/"},"modified":"2022-05-01T13:25:54","modified_gmt":"2022-05-01T11:25:54","slug":"meet-me-down-the-shore-nail-polish","status":"publish","type":"product","link":"https:\/\/simoreno.se\/sv\/product\/meet-me-down-the-shore-nail-polish\/","title":{"rendered":"Meet Me Down The Shore-NAIL POLISH"},"content":{"rendered":"<div class=\"field-label\">\n<p>S\u00ec Moreno nagellack \u00e4r av \u00f6verl\u00e4gsen kvalitet, 7 free formler och inte testat p\u00e5 djur.<\/p>\n<p><strong>INGREDIENTS<\/strong>:<br \/>\nButyl acetate, nitrocellulose, isopropyl alcohol, benzophenone-one, neopentyl, glycol, acetyl tributyl citrate, silica, n-butyl alcohol, styrene, violates 2.<\/p>\n<\/div>\n","protected":false},"excerpt":{"rendered":"<p><strong>Storlek: 9 gr.<\/strong><\/p>\n","protected":false},"featured_media":10992,"comment_status":"closed","ping_status":"closed","template":"","meta":[],"product_cat":[408],"product_tag":[],"class_list":["post-11076","product","type-product","status-publish","has-post-thumbnail","hentry","product_cat-nail-polish"],"acf":[],"_links":{"self":[{"href":"https:\/\/simoreno.se\/sv\/wp-json\/wp\/v2\/product\/11076","targetHints":{"allow":["GET"]}}],"collection":[{"href":"https:\/\/simoreno.se\/sv\/wp-json\/wp\/v2\/product"}],"about":[{"href":"https:\/\/simoreno.se\/sv\/wp-json\/wp\/v2\/types\/product"}],"replies":[{"embeddable":true,"href":"https:\/\/simoreno.se\/sv\/wp-json\/wp\/v2\/comments?post=11076"}],"version-history":[{"count":0,"href":"https:\/\/simoreno.se\/sv\/wp-json\/wp\/v2\/product\/11076\/revisions"}],"wp:featuredmedia":[{"embeddable":true,"href":"https:\/\/simoreno.se\/sv\/wp-json\/wp\/v2\/media\/10992"}],"wp:attachment":[{"href":"https:\/\/simoreno.se\/sv\/wp-json\/wp\/v2\/media?parent=11076"}],"wp:term":[{"taxonomy":"product_cat","embeddable":true,"href":"https:\/\/simoreno.se\/sv\/wp-json\/wp\/v2\/product_cat?post=11076"},{"taxonomy":"product_tag","embeddable":true,"href":"https:\/\/simoreno.se\/sv\/wp-json\/wp\/v2\/product_tag?post=11076"}],"curies":[{"name":"wp","href":"https:\/\/api.w.org\/{rel}","templated":true}]}}