{"id":11080,"date":"2021-09-17T13:56:32","date_gmt":"2021-11-22T11:15:36","guid":{"rendered":"https:\/\/simoreno.se\/product\/infallbar-lapp-borste\/"},"modified":"2022-01-21T11:59:36","modified_gmt":"2022-01-21T10:59:36","slug":"retractable-lip-brush","status":"publish","type":"product","link":"https:\/\/simoreno.se\/sv\/product\/retractable-lip-brush\/","title":{"rendered":"Retractable Lip Brush"},"content":{"rendered":"<div class=\"field-label\">\n<div class=\"field field-name-body field-type-text-with-summary field-label-above\">\n<div class=\"field-items\">\n<div class=\"field-item even\">\n<p>Denna kompakta och inf\u00e4llbara l\u00e4ppborste fr\u00e5n S\u00ec Moreno, \u00e4r perfekt f\u00f6r korrekt applicering och l\u00e4tt att f\u00f6rvara. Tillverkad av fint get- och ponnyh\u00e5r f\u00f6r att ge en professionell blandad applikation. Naturliga h\u00e5rborstar \u00e4r tv\u00e4ttbara och h\u00e5ller l\u00e4nge.<\/p>\n<\/div>\n<\/div>\n<\/div>\n<div class=\"field field-name-field-term-of-user field-type-text-long field-label-above\">\n<div class=\"field-label\"><strong>ANV\u00c4NDARVILLKOR:<\/strong><\/div>\n<div class=\"field-items\">\n<div class=\"field-item even\">\n<p>F\u00e4ll upp borstspetsen genom att placera locket p\u00e5 botten av handtaget. Gnid \u00f6ver din favoritf\u00e4rg av S\u00ec Moreno l\u00e4ppstift och applicera p\u00e5 dina l\u00e4ppar upprepade g\u00e5nger tills du f\u00e5r \u00f6nskad f\u00e4rgintensitet.<\/p>\n<\/div>\n<\/div>\n<\/div>\n<\/div>\n<div class=\"field-items\">\n<div class=\"field-item even\">\n<div class=\"field field-name-body field-type-text-with-summary field-label-above\">\n<div class=\"field-items\">\n<div class=\"field-item even\"><\/div>\n<\/div>\n<\/div>\n<div class=\"field field-name-field-term-of-user field-type-text-long field-label-above\">\n<div class=\"field-items\">\n<div class=\"field-item even\">\n<p>&nbsp;<\/p>\n<\/div>\n<\/div>\n<\/div>\n<\/div>\n<\/div>\n","protected":false},"excerpt":{"rendered":"<p>Denna kompakta och inf\u00e4llbara l\u00e4ppborste fr\u00e5n S\u00ec Moreno, \u00e4r perfekt f\u00f6r korrekt applicering och l\u00e4tt att f\u00f6rvara. Tillverkad av fint<\/p>\n","protected":false},"featured_media":11002,"comment_status":"closed","ping_status":"closed","template":"","meta":[],"product_cat":[413],"product_tag":[],"class_list":["post-11080","product","type-product","status-publish","has-post-thumbnail","hentry","product_cat-makeup-applicators"],"acf":[],"_links":{"self":[{"href":"https:\/\/simoreno.se\/sv\/wp-json\/wp\/v2\/product\/11080","targetHints":{"allow":["GET"]}}],"collection":[{"href":"https:\/\/simoreno.se\/sv\/wp-json\/wp\/v2\/product"}],"about":[{"href":"https:\/\/simoreno.se\/sv\/wp-json\/wp\/v2\/types\/product"}],"replies":[{"embeddable":true,"href":"https:\/\/simoreno.se\/sv\/wp-json\/wp\/v2\/comments?post=11080"}],"version-history":[{"count":0,"href":"https:\/\/simoreno.se\/sv\/wp-json\/wp\/v2\/product\/11080\/revisions"}],"wp:featuredmedia":[{"embeddable":true,"href":"https:\/\/simoreno.se\/sv\/wp-json\/wp\/v2\/media\/11002"}],"wp:attachment":[{"href":"https:\/\/simoreno.se\/sv\/wp-json\/wp\/v2\/media?parent=11080"}],"wp:term":[{"taxonomy":"product_cat","embeddable":true,"href":"https:\/\/simoreno.se\/sv\/wp-json\/wp\/v2\/product_cat?post=11080"},{"taxonomy":"product_tag","embeddable":true,"href":"https:\/\/simoreno.se\/sv\/wp-json\/wp\/v2\/product_tag?post=11080"}],"curies":[{"name":"wp","href":"https:\/\/api.w.org\/{rel}","templated":true}]}}