{"id":11082,"date":"2021-09-17T13:58:03","date_gmt":"2021-11-22T11:15:39","guid":{"rendered":"https:\/\/simoreno.se\/product\/liten-kantig-borste\/"},"modified":"2022-01-21T12:03:24","modified_gmt":"2022-01-21T11:03:24","slug":"small-angular-brush","status":"publish","type":"product","link":"https:\/\/simoreno.se\/sv\/product\/small-angular-brush\/","title":{"rendered":"Small Angular Brush"},"content":{"rendered":"<div class=\"field field-name-body field-type-text-with-summary field-label-above\">\n<div class=\"field-label\">Med sin konturformade form g\u00f6r S\u00ec Moreno liten kantig borste att applicera skugga i h\u00f6rnen, i vecken eller \u00f6ver hela \u00f6gonlocket till en enkel och rolig upplevelse. Det \u00e4r s\u00e4rskilt praktiskt f\u00f6r formning och smetning. Tillverkad av fint get- och ponnyh\u00e5r f\u00f6r att ge en professionell blandad applikation. Naturliga h\u00e5rborstar \u00e4r tv\u00e4ttbara och h\u00e5ller l\u00e4nge.<\/div>\n<div><\/div>\n<\/div>\n<div class=\"field field-name-field-term-of-user field-type-text-long field-label-above\">\n<div class=\"field-label\"><strong>ANV\u00c4NDARVILLKOR:<\/strong><\/div>\n<div class=\"field-items\">\n<div class=\"field-item even\">\n<p>Denna produkt \u00e4r designad f\u00f6r att applicera vilken som helst av S\u00ec Moreno pressade \u00f6gonskuggor. Avsluta din \u00f6gonmakeup utan anstr\u00e4ngning med detta viktiga verktyg.<\/p>\n<\/div>\n<\/div>\n<\/div>\n","protected":false},"excerpt":{"rendered":"<p>Med sin konturformade form g\u00f6r S\u00ec Moreno liten kantig borste att applicera skugga i h\u00f6rnen, i vecken eller \u00f6ver hela<\/p>\n","protected":false},"featured_media":11004,"comment_status":"closed","ping_status":"closed","template":"","meta":[],"product_cat":[413],"product_tag":[],"class_list":["post-11082","product","type-product","status-publish","has-post-thumbnail","hentry","product_cat-makeup-applicators"],"acf":[],"_links":{"self":[{"href":"https:\/\/simoreno.se\/sv\/wp-json\/wp\/v2\/product\/11082","targetHints":{"allow":["GET"]}}],"collection":[{"href":"https:\/\/simoreno.se\/sv\/wp-json\/wp\/v2\/product"}],"about":[{"href":"https:\/\/simoreno.se\/sv\/wp-json\/wp\/v2\/types\/product"}],"replies":[{"embeddable":true,"href":"https:\/\/simoreno.se\/sv\/wp-json\/wp\/v2\/comments?post=11082"}],"version-history":[{"count":0,"href":"https:\/\/simoreno.se\/sv\/wp-json\/wp\/v2\/product\/11082\/revisions"}],"wp:featuredmedia":[{"embeddable":true,"href":"https:\/\/simoreno.se\/sv\/wp-json\/wp\/v2\/media\/11004"}],"wp:attachment":[{"href":"https:\/\/simoreno.se\/sv\/wp-json\/wp\/v2\/media?parent=11082"}],"wp:term":[{"taxonomy":"product_cat","embeddable":true,"href":"https:\/\/simoreno.se\/sv\/wp-json\/wp\/v2\/product_cat?post=11082"},{"taxonomy":"product_tag","embeddable":true,"href":"https:\/\/simoreno.se\/sv\/wp-json\/wp\/v2\/product_tag?post=11082"}],"curies":[{"name":"wp","href":"https:\/\/api.w.org\/{rel}","templated":true}]}}