{"id":11087,"date":"2021-09-17T03:38:21","date_gmt":"2021-11-22T11:15:41","guid":{"rendered":"https:\/\/simoreno.se\/product\/neger-extra-tjock-mascara\/"},"modified":"2022-04-30T17:04:19","modified_gmt":"2022-04-30T15:04:19","slug":"negro-extra-thick-mascara","status":"publish","type":"product","link":"https:\/\/simoreno.se\/sv\/product\/negro-extra-thick-mascara\/","title":{"rendered":"NEGRO-Extra Thick Mascara"},"content":{"rendered":"<div class=\"field field-name-body field-type-text-with-summary field-label-above\">\n<div class=\"field field-name-body field-type-text-with-summary field-label-above\">\n<div class=\"field-label\">\n<div class=\"field field-name-body field-type-text-with-summary field-label-above\">\n<div class=\"field-items\">\n<div class=\"field-item even\">\n<ul>\n<li>Vattent\u00e5lig formel<\/li>\n<li>Intensivt pigment som ger utm\u00e4rkt t\u00e4ckning av \u00f6gonfransar<\/li>\n<li>F\u00f6rtjockas och f\u00f6rl\u00e4nga Fransarna utan att klumpas ,kladdas eller flagnar<\/li>\n<li>Slitsfiberborste m\u00f6jligg\u00f6r j\u00e4mn applicering<\/li>\n<li>Milda till k\u00e4nsliga \u00f6gon<\/li>\n<li>PH balanserad formulering<\/li>\n<\/ul>\n<\/div>\n<\/div>\n<\/div>\n<div class=\"field field-name-field-term-of-user field-type-text-long field-label-above\">\n<div class=\"field-label\"><strong>ANV\u00c4NDARVILLKOR:<\/strong><\/div>\n<div class=\"field-items\">\n<div class=\"field-item even\">\n<p>Vattenbest\u00e4ndig mascara formulerad f\u00f6r att ge ett skonsamt resultat som inte flagnar. Fransarna f\u00f6rtjockas och f\u00f6rl\u00e4ngs utan att klumpas eller kladdas samtidigt som de f\u00f6rblir mjuka och konditionerade. Kvinnor med k\u00e4nsliga \u00f6gon eller som anv\u00e4nder kontaktlinser tycker att denna formulering \u00e4r mycket acceptabel.<\/p>\n<\/div>\n<\/div>\n<\/div>\n<\/div>\n<div class=\"field-items\">\n<div class=\"field-item even\">\n<div class=\"field-label\"><strong>INGREDIENTS:<\/strong><\/div>\n<div class=\"field-items\">\n<div class=\"field-item even\">\n<div class=\"field-items\">\n<div class=\"field-item even\">\n<p>Water, Beeswax, PVP \/ Dimethylaminoethyl Methacrylate Copolymer, Isododecane, PEG-20 Sorbitan Beeswax, PVP, Carnauba, Cetyl Phosphate, Glyceryl Stearate SE, Kaolin, Magnesium Aluminum Silicate, Stearyl Alcohol, Butylene Glycol, Cetyl Alcohol, Polybutene, Panthenol, Xanthan Gum, Imidazolidinyl Urea, Propylparaben, Sodium Dehydroacetate, Trisodium EDTA.<\/p>\n<\/div>\n<\/div>\n<\/div>\n<\/div>\n<\/div>\n<\/div>\n<\/div>\n<\/div>\n","protected":false},"excerpt":{"rendered":"<div class=\"field-label\"><strong>STORLEK: 7,4 gr.<\/strong><\/div>\n","protected":false},"featured_media":10863,"comment_status":"closed","ping_status":"closed","template":"","meta":[],"product_cat":[450],"product_tag":[],"class_list":["post-11087","product","type-product","status-publish","has-post-thumbnail","hentry","product_cat-mascara"],"acf":[],"_links":{"self":[{"href":"https:\/\/simoreno.se\/sv\/wp-json\/wp\/v2\/product\/11087","targetHints":{"allow":["GET"]}}],"collection":[{"href":"https:\/\/simoreno.se\/sv\/wp-json\/wp\/v2\/product"}],"about":[{"href":"https:\/\/simoreno.se\/sv\/wp-json\/wp\/v2\/types\/product"}],"replies":[{"embeddable":true,"href":"https:\/\/simoreno.se\/sv\/wp-json\/wp\/v2\/comments?post=11087"}],"version-history":[{"count":0,"href":"https:\/\/simoreno.se\/sv\/wp-json\/wp\/v2\/product\/11087\/revisions"}],"wp:featuredmedia":[{"embeddable":true,"href":"https:\/\/simoreno.se\/sv\/wp-json\/wp\/v2\/media\/10863"}],"wp:attachment":[{"href":"https:\/\/simoreno.se\/sv\/wp-json\/wp\/v2\/media?parent=11087"}],"wp:term":[{"taxonomy":"product_cat","embeddable":true,"href":"https:\/\/simoreno.se\/sv\/wp-json\/wp\/v2\/product_cat?post=11087"},{"taxonomy":"product_tag","embeddable":true,"href":"https:\/\/simoreno.se\/sv\/wp-json\/wp\/v2\/product_tag?post=11087"}],"curies":[{"name":"wp","href":"https:\/\/api.w.org\/{rel}","templated":true}]}}