{"id":11088,"date":"2021-09-17T13:53:47","date_gmt":"2021-11-22T11:15:41","guid":{"rendered":"https:\/\/simoreno.se\/product\/omvant-haravfall\/"},"modified":"2022-03-04T11:12:45","modified_gmt":"2022-03-04T10:12:45","slug":"reverse-hair-loss","status":"publish","type":"product","link":"https:\/\/simoreno.se\/sv\/product\/reverse-hair-loss\/","title":{"rendered":"Reverse Hair Loss"},"content":{"rendered":"<div class=\"field field-name-body field-type-text-with-summary field-label-above\">\n<div class=\"field-label\">\n<div class=\"field field-name-body field-type-text-with-summary field-label-above\">\n<div class=\"field-items\">\n<div class=\"field-item even\">\n<p>S\u00ec Morenos banbrytande Combat Hair Loss Potion \u00e4r vetenskapligt utformad f\u00f6r att vitalisera h\u00e5ret och \u00e5terst\u00e4lla ett ungdomligt utseende. Omv\u00e4nt h\u00e5ravfall \u00e4r en revolutionerande behandling, designad med fokus p\u00e5 androgen alopeci. Applicera direkt p\u00e5 h\u00e5rbotten, tv\u00e5 g\u00e5nger dagligen. Anv\u00e4nd tillr\u00e4ckligt f\u00f6r att fukta h\u00e5rbotten och massera f\u00f6rsiktigt in i h\u00e5rbotten med fingertopparna. Resultat kan uppst\u00e5 inom 2 m\u00e5nader vid anv\u00e4ndning tv\u00e5 g\u00e5nger dagligen. F\u00f6r vissa anv\u00e4ndare kan det ta upp till 4 m\u00e5nader f\u00f6r att se resultat.<\/p>\n<ul>\n<li>H\u00e4mmar omvandlingen av testosteron till DHT<\/li>\n<li>St\u00e4rker de extracellul\u00e4ra matrisproteinerna<\/li>\n<li>F\u00f6rankrar h\u00e5ret fastare<\/li>\n<li>Minskar inflammation och tryck p\u00e5 h\u00e5rs\u00e4ckarna<\/li>\n<li>Reglerar h\u00e5rcykeln f\u00f6r ett \u00f6kat h\u00e5rv\u00e4xtstadium<\/li>\n<\/ul>\n<\/div>\n<\/div>\n<\/div>\n<div class=\"field field-name-field-term-of-user field-type-text-long field-label-above\">\n<div class=\"field-label\"><strong>ANV\u00c4NDARVILLKOR:<\/strong><\/div>\n<div class=\"field-items\">\n<div class=\"field-item even\">\n<p>Applicera direkt p\u00e5 h\u00e5rbotten, tv\u00e5 g\u00e5nger dagligen. Anv\u00e4nd tillr\u00e4ckligt f\u00f6r att fukta h\u00e5rbotten och massera f\u00f6rsiktigt in i h\u00e5rbotten med fingertopparna. Anv\u00e4nd morgon och kv\u00e4ll.<\/p>\n<\/div>\n<\/div>\n<\/div>\n<\/div>\n<div class=\"field-items\">\n<div class=\"field-item even\">\n<div class=\"field-label\">\n<div class=\"field field-name-body field-type-text-with-summary field-label-above\">\n<div class=\"field-items\">\n<div class=\"field-item even\">\n<div class=\"field-label\"><strong>INGREDIENTS:<\/strong><\/div>\n<div class=\"field-items\">\n<div class=\"field-item even\">\n<p>Purified Water (Aqua), Hypnea Musciformis Extract, Gellidiela Acerosa\u00a0Extract, Sargassum Filipendula Extract, Sorbitol, Butylene Glycol, Dextran, Acetyl\u00a0Tetrapeptide-3, Trifolium Pratense (Clover) Flower Extract, Sodium Cocoyl Amino\u00a0Acids, Apigenin, Oleanolic Acid, Biotinoyl Tripeptide-1,\u00a0Phenoxyethanol, Ethylhexylglycerin.<\/p>\n<\/div>\n<\/div>\n<\/div>\n<\/div>\n<\/div>\n<div class=\"field field-name-field-term-of-user field-type-text-long field-label-above\">\n<div class=\"field-items\">\n<div class=\"field-item even\"><\/div>\n<\/div>\n<\/div>\n<\/div>\n<\/div>\n<\/div>\n<\/div>\n","protected":false},"excerpt":{"rendered":"<p><strong>Storlek: 30 ml.<\/strong><\/p>\n","protected":false},"featured_media":10979,"comment_status":"closed","ping_status":"closed","template":"","meta":[],"product_cat":[428],"product_tag":[],"class_list":["post-11088","product","type-product","status-publish","has-post-thumbnail","hentry","product_cat-signature-items"],"acf":[],"_links":{"self":[{"href":"https:\/\/simoreno.se\/sv\/wp-json\/wp\/v2\/product\/11088","targetHints":{"allow":["GET"]}}],"collection":[{"href":"https:\/\/simoreno.se\/sv\/wp-json\/wp\/v2\/product"}],"about":[{"href":"https:\/\/simoreno.se\/sv\/wp-json\/wp\/v2\/types\/product"}],"replies":[{"embeddable":true,"href":"https:\/\/simoreno.se\/sv\/wp-json\/wp\/v2\/comments?post=11088"}],"version-history":[{"count":0,"href":"https:\/\/simoreno.se\/sv\/wp-json\/wp\/v2\/product\/11088\/revisions"}],"wp:featuredmedia":[{"embeddable":true,"href":"https:\/\/simoreno.se\/sv\/wp-json\/wp\/v2\/media\/10979"}],"wp:attachment":[{"href":"https:\/\/simoreno.se\/sv\/wp-json\/wp\/v2\/media?parent=11088"}],"wp:term":[{"taxonomy":"product_cat","embeddable":true,"href":"https:\/\/simoreno.se\/sv\/wp-json\/wp\/v2\/product_cat?post=11088"},{"taxonomy":"product_tag","embeddable":true,"href":"https:\/\/simoreno.se\/sv\/wp-json\/wp\/v2\/product_tag?post=11088"}],"curies":[{"name":"wp","href":"https:\/\/api.w.org\/{rel}","templated":true}]}}