{"id":11094,"date":"2021-09-17T13:12:20","date_gmt":"2021-11-22T11:15:45","guid":{"rendered":"https:\/\/simoreno.se\/product\/platina-alder-defier-natt-kollagen\/"},"modified":"2022-01-24T10:04:17","modified_gmt":"2022-01-24T09:04:17","slug":"platinum-age-defier-night-collagen","status":"publish","type":"product","link":"https:\/\/simoreno.se\/sv\/product\/platinum-age-defier-night-collagen\/","title":{"rendered":"Platinum Age Defier Night Collagen"},"content":{"rendered":"<div class=\"field field-name-body field-type-text-with-summary field-label-above\">\n<div class=\"field-label\">\n<div class=\"field field-name-body field-type-text-with-summary field-label-above\">\n<div class=\"field-items\">\n<div class=\"field-item even\">\n<p>S\u00ec Moreno Platinum Age Defier Night Collagen \u00e4r en omfattande kollagenf\u00f6rst\u00e4rkande formel f\u00f6r att ge exceptionella f\u00f6rdelar f\u00f6r utj\u00e4mning av huden. Dessutom \u00e4r den baserad p\u00e5 ett naturligt biosyntetiserat Xanthum Gum som m\u00f6jligg\u00f6r snabb hudpenetration i en otroligt bekv\u00e4m applikation med en uts\u00f6kt k\u00e4nsla.<\/p>\n<ul>\n<li>J\u00e4mnar ut huden<\/li>\n<li>Hj\u00e4lper huden att se fylligare ut<\/li>\n<li>Hj\u00e4lper huden att se fastare ut<\/li>\n<li>F\u00f6rb\u00e4ttrar hudens elasticitet<\/li>\n<li>Hj\u00e4lper till att minska uppkomsten av fina linjer och rynkor<\/li>\n<\/ul>\n<\/div>\n<\/div>\n<\/div>\n<div class=\"field field-name-field-term-of-user field-type-text-long field-label-above\">\n<div class=\"field-label\"><strong>ANV\u00c4NDARVILLKOR:<\/strong><\/div>\n<div class=\"field-items\">\n<div class=\"field-item even\">\n<p>Applicera p\u00e5 nyrengjord hud. Applicera p\u00e5 fingertopparna och massera in i huden i cirkul\u00e4ra r\u00f6relser.<\/p>\n<div class=\"field-label\"><strong>INGREDIENSER:<\/strong><\/div>\n<div class=\"field-items\">\n<div class=\"field-item even\">\n<p>Purified Water (Aqua), Glycerin, Dimethicone, Dimethicone\/Vinyl Dimethicone Crosspolymer, Cyclomethicone, Tetradecyl Aminobutyroylvalylaminobutyric Urea Trifluoroacetate, Palmitoyl Tripeptide-5, Palmitoyl Dipeptide-5 Diaminobutyroyl Hydroxythreonine, Hyaluronic Acid, Sodium PCA, Sodium Polyacrylate, Xanthan Gum, Phenoxyethanol, Ethyhexylglycerin.<\/p>\n<\/div>\n<\/div>\n<\/div>\n<\/div>\n<\/div>\n<\/div>\n<\/div>\n","protected":false},"excerpt":{"rendered":"<p><strong>Storlek: 30 ml.<\/strong><\/p>\n","protected":false},"featured_media":10957,"comment_status":"closed","ping_status":"closed","template":"","meta":[],"product_cat":[419],"product_tag":[],"class_list":["post-11094","product","type-product","status-publish","has-post-thumbnail","hentry","product_cat-platinum-age-defier"],"acf":[],"_links":{"self":[{"href":"https:\/\/simoreno.se\/sv\/wp-json\/wp\/v2\/product\/11094","targetHints":{"allow":["GET"]}}],"collection":[{"href":"https:\/\/simoreno.se\/sv\/wp-json\/wp\/v2\/product"}],"about":[{"href":"https:\/\/simoreno.se\/sv\/wp-json\/wp\/v2\/types\/product"}],"replies":[{"embeddable":true,"href":"https:\/\/simoreno.se\/sv\/wp-json\/wp\/v2\/comments?post=11094"}],"version-history":[{"count":0,"href":"https:\/\/simoreno.se\/sv\/wp-json\/wp\/v2\/product\/11094\/revisions"}],"wp:featuredmedia":[{"embeddable":true,"href":"https:\/\/simoreno.se\/sv\/wp-json\/wp\/v2\/media\/10957"}],"wp:attachment":[{"href":"https:\/\/simoreno.se\/sv\/wp-json\/wp\/v2\/media?parent=11094"}],"wp:term":[{"taxonomy":"product_cat","embeddable":true,"href":"https:\/\/simoreno.se\/sv\/wp-json\/wp\/v2\/product_cat?post=11094"},{"taxonomy":"product_tag","embeddable":true,"href":"https:\/\/simoreno.se\/sv\/wp-json\/wp\/v2\/product_tag?post=11094"}],"curies":[{"name":"wp","href":"https:\/\/api.w.org\/{rel}","templated":true}]}}