{"id":11096,"date":"2021-09-17T13:47:48","date_gmt":"2021-11-22T11:15:46","guid":{"rendered":"https:\/\/simoreno.se\/product\/forsvar-solskyddsmedel-spf-55-for-man\/"},"modified":"2022-05-01T13:39:42","modified_gmt":"2022-05-01T11:39:42","slug":"defense-sunscreen-spf-55-for-men","status":"publish","type":"product","link":"https:\/\/simoreno.se\/sv\/product\/defense-sunscreen-spf-55-for-men\/","title":{"rendered":"Defense Sunscreen SPF 55-FOR MEN"},"content":{"rendered":"<div class=\"field field-name-body field-type-text-with-summary field-label-above\">\n<div class=\"field-label\">\n<div class=\"field field-name-body field-type-text-with-summary field-label-above\">\n<div class=\"field-items\">\n<div class=\"field-item even\">\n<p>Solskyddsmedel m\u00e5ste appliceras varje dag f\u00f6r att f\u00f6rhindra solskador, l\u00e4derig hud och rynkor. Men solskyddsmedel kan ofta t\u00e4ppa till porerna och orsaka finnar. Daily Defense ger skonsam fukt med lugnande aloe, plus hela dagen skydd mot solen i en l\u00e4tt, l\u00e4tt att b\u00e4ra textur.<\/p>\n<ul>\n<li>Ger brett spektrum UV-skydd<\/li>\n<li>\u00c5terfuktar och lugnar huden<\/li>\n<li>Vattent\u00e5lig upp till 80 minuter<\/li>\n<\/ul>\n<\/div>\n<\/div>\n<\/div>\n<div class=\"field field-name-field-term-of-user field-type-text-long field-label-above\">\n<div class=\"field-label\"><strong>ANV\u00c4NDARVILLKOR:<\/strong><\/div>\n<div class=\"field-items\">\n<div class=\"field-item even\">\n<p>Applicera rikligt och j\u00e4mnt 15 minuter f\u00f6re solexponering. Applicera igen minst 80 minuter efter simning eller svettning, omedelbart efter handdukstorkning och minst varannan timme.<\/p>\n<div class=\"field-label\">\n<div class=\"field field-name-body field-type-text-with-summary field-label-above\">\n<div class=\"field-label\">\n<div class=\"field field-name-field-term-of-user field-type-text-long field-label-above\">\n<div class=\"field-items\">\n<div class=\"field-item even\">\n<div class=\"field-label\"><strong>INGREDIENTS:<\/strong><\/div>\n<div class=\"field-items\">\n<div class=\"field-item even\">\n<p>Water, Hydrogenated Polybutene, Octyl Stearate, Polyglyceryl-4-Isostearate, Octinoxate, Zinc Oxide, Aloe Barbadensis Leaf Extract, Isopropyl Palmitate, Cyclomethicone, Sunflower Oil, Hydrogenated Microcrystalline Wax, Cetyl Dimethicone Copolyol, Cetyl Dimethicone, Hydrogenated Castor Oil, Sodium Chloride, Polyglyceryl-3-Oleate, Hexyl Laurate, Triethoxycaprylylsilane, Capryly Glycol, Methylisothiazolinone.<\/p>\n<\/div>\n<\/div>\n<\/div>\n<\/div>\n<\/div>\n<\/div>\n<div class=\"field-items\">\n<div class=\"field-item even\"><\/div>\n<\/div>\n<\/div>\n<div class=\"field field-name-field-term-of-user field-type-text-long field-label-above\">\n<div class=\"field-items\">\n<div class=\"field-item even\"><\/div>\n<\/div>\n<\/div>\n<\/div>\n<\/div>\n<\/div>\n<\/div>\n<\/div>\n<\/div>\n","protected":false},"excerpt":{"rendered":"<p><strong>Storlek: 30 ml.<\/strong><\/p>\n","protected":false},"featured_media":11010,"comment_status":"closed","ping_status":"closed","template":"","meta":[],"product_cat":[495],"product_tag":[],"class_list":["post-11096","product","type-product","status-publish","has-post-thumbnail","hentry","product_cat-sunscreen-natural-mens-line"],"acf":[],"_links":{"self":[{"href":"https:\/\/simoreno.se\/sv\/wp-json\/wp\/v2\/product\/11096","targetHints":{"allow":["GET"]}}],"collection":[{"href":"https:\/\/simoreno.se\/sv\/wp-json\/wp\/v2\/product"}],"about":[{"href":"https:\/\/simoreno.se\/sv\/wp-json\/wp\/v2\/types\/product"}],"replies":[{"embeddable":true,"href":"https:\/\/simoreno.se\/sv\/wp-json\/wp\/v2\/comments?post=11096"}],"version-history":[{"count":0,"href":"https:\/\/simoreno.se\/sv\/wp-json\/wp\/v2\/product\/11096\/revisions"}],"wp:featuredmedia":[{"embeddable":true,"href":"https:\/\/simoreno.se\/sv\/wp-json\/wp\/v2\/media\/11010"}],"wp:attachment":[{"href":"https:\/\/simoreno.se\/sv\/wp-json\/wp\/v2\/media?parent=11096"}],"wp:term":[{"taxonomy":"product_cat","embeddable":true,"href":"https:\/\/simoreno.se\/sv\/wp-json\/wp\/v2\/product_cat?post=11096"},{"taxonomy":"product_tag","embeddable":true,"href":"https:\/\/simoreno.se\/sv\/wp-json\/wp\/v2\/product_tag?post=11096"}],"curies":[{"name":"wp","href":"https:\/\/api.w.org\/{rel}","templated":true}]}}