{"id":11097,"date":"2021-09-17T09:53:50","date_gmt":"2021-11-22T11:15:47","guid":{"rendered":"https:\/\/simoreno.se\/product\/forforelse-flytande-matta-lappar\/"},"modified":"2022-04-30T16:58:47","modified_gmt":"2022-04-30T14:58:47","slug":"seduction-liquid-matte-lips","status":"publish","type":"product","link":"https:\/\/simoreno.se\/sv\/product\/seduction-liquid-matte-lips\/","title":{"rendered":"Seduction-LIQUID Matte Lips"},"content":{"rendered":"<div class=\"field field-name-body field-type-text-with-summary field-label-above\">\n<div class=\"field-items\">\n<div class=\"field-item even\">\n<ul>\n<li>Ett l\u00e5ngvarigt l\u00e4ppstift som h\u00e5ller l\u00e4nge<\/li>\n<li>Rik kr\u00e4mig konsistens<\/li>\n<li>Glider j\u00e4mnt och torkar inte ut l\u00e4pparna<\/li>\n<li>Fullt\u00e4ckande lackapplicering, med en sl\u00e4t matt yta<\/li>\n<li>Den h\u00e5ller hela dagen med minimalt smetning.<\/li>\n<li>Avokadoolja \u00f6kar elasticiteten och ger smidighet<\/li>\n<li>Vitamin E tillf\u00f6r fukt och fungerar som en antioxidant<\/li>\n<\/ul>\n<\/div>\n<\/div>\n<\/div>\n<div class=\"field field-name-field-term-of-user field-type-text-long field-label-above\">\n<div class=\"field-label\"><strong>ANV\u00c4NDARVILLKOR:<\/strong><\/div>\n<div class=\"field-items\">\n<div class=\"field-item even\">\n<ul>\n<li>F\u00f6rbered dina l\u00e4ppar: f\u00f6r att f\u00f6rb\u00e4ttra appliceringens textur<\/li>\n<li>F\u00f6r maximal effekt, rikta in dina l\u00e4ppar med den matchande S\u00ec Moreno Lip Pencil<\/li>\n<li>Applicera ett tunt lager Liquid Matte i motsatt eller ljusare nyans f\u00f6r att fylla i resten<\/li>\n<li>V\u00e4nta cirka 30 sekunder tills f\u00e4rgen stelnar och tjocknar till ogenomskinlig<\/li>\n<li>F\u00e4rgens utseende kan variera beroende p\u00e5 hudton<\/li>\n<\/ul>\n<div class=\"field-label\">\n<div class=\"field-label\"><strong>INGREDIENTS:<\/strong><\/div>\n<div class=\"field-items\">\n<div class=\"field-item even\">\n<p>Isododecane, Trimethylsiloxysilicate, Dimethicone, Polybutene, Mineral Oil, Disteardimonium Hectorite, Talc, Silica Dimethyl Silylate, Mica, Propylene Carbonate, Kaolin, Phenoxyethanol, Polyethylene, Sorbitan Sesquioleate, Aroma, Persea Gratissima (Avocado) Oil, Pentaerythrityl Tetra-di-t-butyl Hydroxyhydrocinnamate, Tocopherol, Calcium Aluminum Borosilicate, Silica, Synthetic Fluorphlogopite, Tin Oxide.<\/p>\n<\/div>\n<\/div>\n<\/div>\n<\/div>\n<\/div>\n<\/div>\n","protected":false},"excerpt":{"rendered":"<p><strong>Storlek: 7 gr.<\/strong><\/p>\n","protected":false},"featured_media":10897,"comment_status":"closed","ping_status":"closed","template":"","meta":[],"product_cat":[437],"product_tag":[],"class_list":["post-11097","product","type-product","status-publish","has-post-thumbnail","hentry","product_cat-liquid-matte-lips"],"acf":[],"_links":{"self":[{"href":"https:\/\/simoreno.se\/sv\/wp-json\/wp\/v2\/product\/11097","targetHints":{"allow":["GET"]}}],"collection":[{"href":"https:\/\/simoreno.se\/sv\/wp-json\/wp\/v2\/product"}],"about":[{"href":"https:\/\/simoreno.se\/sv\/wp-json\/wp\/v2\/types\/product"}],"replies":[{"embeddable":true,"href":"https:\/\/simoreno.se\/sv\/wp-json\/wp\/v2\/comments?post=11097"}],"version-history":[{"count":0,"href":"https:\/\/simoreno.se\/sv\/wp-json\/wp\/v2\/product\/11097\/revisions"}],"wp:featuredmedia":[{"embeddable":true,"href":"https:\/\/simoreno.se\/sv\/wp-json\/wp\/v2\/media\/10897"}],"wp:attachment":[{"href":"https:\/\/simoreno.se\/sv\/wp-json\/wp\/v2\/media?parent=11097"}],"wp:term":[{"taxonomy":"product_cat","embeddable":true,"href":"https:\/\/simoreno.se\/sv\/wp-json\/wp\/v2\/product_cat?post=11097"},{"taxonomy":"product_tag","embeddable":true,"href":"https:\/\/simoreno.se\/sv\/wp-json\/wp\/v2\/product_tag?post=11097"}],"curies":[{"name":"wp","href":"https:\/\/api.w.org\/{rel}","templated":true}]}}