{"id":11105,"date":"2021-09-17T13:27:03","date_gmt":"2021-11-22T11:15:54","guid":{"rendered":"https:\/\/simoreno.se\/product\/ansiktsfuktande-volymgivare\/"},"modified":"2022-05-01T13:36:07","modified_gmt":"2022-05-01T11:36:07","slug":"face-hydrating-volumizer","status":"publish","type":"product","link":"https:\/\/simoreno.se\/sv\/product\/face-hydrating-volumizer\/","title":{"rendered":"Face Hydrating Volumizer"},"content":{"rendered":"<div class=\"field field-name-body field-type-text-with-summary field-label-above\">\n<div class=\"field-label\">\n<div class=\"field field-name-body field-type-text-with-summary field-label-above\">\n<div class=\"field-items\">\n<div class=\"field-item even\">\n<p>Denna lotion \u00e4r en magnifik ansiktsvolymgivande formula skapad f\u00f6r att ge ett fylligare, yngre utseende genom att anv\u00e4nda tv\u00e5 fettf\u00f6rst\u00e4rkande ingredienser. Dessa aktiva naturliga ingredienser arbetar f\u00f6r att ge en fylligare, friskare hy och ett ungdomligt, mer pigg utseende.<\/p>\n<ul>\n<li>Hj\u00e4lper till att \u00f6ka utseendet p\u00e5 ansiktsvolymen<\/li>\n<li>Hj\u00e4lper till att \u00e5terfukta ansiktet<\/li>\n<li>Formulerad med naturliga ingredienser<\/li>\n<\/ul>\n<\/div>\n<\/div>\n<\/div>\n<div class=\"field field-name-field-term-of-user field-type-text-long field-label-above\">\n<div class=\"field-label\"><strong>ANV\u00c4NDARVILLKOR:<\/strong><\/div>\n<div class=\"field-items\">\n<div class=\"field-item even\">\n<p>Applicera f\u00f6rsiktigt lotion i ansiktet och l\u00e5t torka. Anv\u00e4nd dagligen morgon och kv\u00e4ll.<\/p>\n<div class=\"field-label\">\n<div class=\"field field-name-body field-type-text-with-summary field-label-above\">\n<div class=\"field-label\">\n<div class=\"field field-name-field-term-of-user field-type-text-long field-label-above\">\n<div class=\"field-items\">\n<div class=\"field-item even\">\n<div class=\"field-label\"><strong>INGREDIENTS:<\/strong><\/div>\n<div class=\"field-items\">\n<div class=\"field-item even\">\n<p>Purified Water (Aqua), Hydrogenated Polyisobutene, Anemarrhena Asphodeloides (Root) Extract, Glycerin, Cyclopentasiloxane, Dimethicone, Macadamia Ternifolia Seed Oil, Paraffinum Liquidum, Polysorbate 20, Cellulose Gum, Acrylates\/C10-30 Alkyl Acrylate Crosspolymer, Chamomilla Recutita (Matricaria) Extract, Macelignan, Tocopherol, Phenoxyethanol, Ethylhexylglycerin.<\/p>\n<\/div>\n<\/div>\n<\/div>\n<\/div>\n<\/div>\n<\/div>\n<div class=\"field-items\">\n<div class=\"field-item even\"><\/div>\n<\/div>\n<\/div>\n<div class=\"field field-name-field-term-of-user field-type-text-long field-label-above\">\n<div class=\"field-items\">\n<div class=\"field-item even\"><\/div>\n<\/div>\n<\/div>\n<\/div>\n<\/div>\n<\/div>\n<\/div>\n<\/div>\n<\/div>\n","protected":false},"excerpt":{"rendered":"<p><strong>Storlek: 30 ml.<\/strong><\/p>\n<div class=\"field-items\">\n<div class=\"field-item even\">\n<p>&nbsp;<\/p>\n<\/div>\n<\/div>\n","protected":false},"featured_media":10966,"comment_status":"closed","ping_status":"closed","template":"","meta":[],"product_cat":[410],"product_tag":[],"class_list":["post-11105","product","type-product","status-publish","has-post-thumbnail","hentry","product_cat-body-complete-care-range"],"acf":[],"_links":{"self":[{"href":"https:\/\/simoreno.se\/sv\/wp-json\/wp\/v2\/product\/11105","targetHints":{"allow":["GET"]}}],"collection":[{"href":"https:\/\/simoreno.se\/sv\/wp-json\/wp\/v2\/product"}],"about":[{"href":"https:\/\/simoreno.se\/sv\/wp-json\/wp\/v2\/types\/product"}],"replies":[{"embeddable":true,"href":"https:\/\/simoreno.se\/sv\/wp-json\/wp\/v2\/comments?post=11105"}],"version-history":[{"count":0,"href":"https:\/\/simoreno.se\/sv\/wp-json\/wp\/v2\/product\/11105\/revisions"}],"wp:featuredmedia":[{"embeddable":true,"href":"https:\/\/simoreno.se\/sv\/wp-json\/wp\/v2\/media\/10966"}],"wp:attachment":[{"href":"https:\/\/simoreno.se\/sv\/wp-json\/wp\/v2\/media?parent=11105"}],"wp:term":[{"taxonomy":"product_cat","embeddable":true,"href":"https:\/\/simoreno.se\/sv\/wp-json\/wp\/v2\/product_cat?post=11105"},{"taxonomy":"product_tag","embeddable":true,"href":"https:\/\/simoreno.se\/sv\/wp-json\/wp\/v2\/product_tag?post=11105"}],"curies":[{"name":"wp","href":"https:\/\/api.w.org\/{rel}","templated":true}]}}