{"id":11109,"date":"2021-09-17T03:55:15","date_gmt":"2021-11-22T11:15:56","guid":{"rendered":"https:\/\/simoreno.se\/product\/sjalva-hog-frost-ogonskugga\/"},"modified":"2022-04-30T17:36:44","modified_gmt":"2022-04-30T15:36:44","slug":"selva-high-frost-eyeshadow","status":"publish","type":"product","link":"https:\/\/simoreno.se\/sv\/product\/selva-high-frost-eyeshadow\/","title":{"rendered":"SELVA-High Frost EYESHADOW"},"content":{"rendered":"<div class=\"field field-name-body field-type-text-with-summary field-label-above\">\n<div class=\"field-items\">\n<div class=\"field-item even\">\n<ul>\n<li>Pressade \u00f6gonskuggor i formlerna High Frost, Frost, Semi-Frost och Matte<\/li>\n<li>Trippel fr\u00e4st f\u00f6r en mjuk, smidig applicering<\/li>\n<li>F\u00f6rvandlas till en vattenavvisande flytande liner med v\u00e5r ILine-001<\/li>\n<li>Mycket pigmenterad \u00f6gonskugga<\/li>\n<li>Stort urval av f\u00e4rger<\/li>\n<li>Glutenfri och Parabenfri<\/li>\n<\/ul>\n<\/div>\n<\/div>\n<\/div>\n<div class=\"field field-name-field-term-of-user field-type-text-long field-label-above\">\n<div class=\"field-label\"><strong>ANV\u00c4NDARVILLKOR:<\/strong><\/div>\n<div class=\"field-items\">\n<div class=\"field-item even\">\n<p>Applicera p\u00e5 \u00f6gonomr\u00e5det med skuggborste eller applikator. De flesta skuggor kan anv\u00e4ndas v\u00e5ta eller torra. Anv\u00e4nd v\u00e5t f\u00f6r liner, eller f\u00f6r att intensifiera f\u00e4rg och l\u00e4ngre b\u00e4rbarhet.<\/p>\n<div class=\"field-label\">\n<div class=\"field-label\"><strong>INGREDIENTS:<\/strong><\/div>\n<div class=\"field-items\">\n<div class=\"field-item even\">\n<p>Magnesium Silicate Monohydrate, Zinc Stearate, Phenoxyethanol, Sodium Benzoate, Octyl Palmitate.<\/p>\n<\/div>\n<\/div>\n<\/div>\n<\/div>\n<\/div>\n<\/div>\n","protected":false},"excerpt":{"rendered":"<p><strong>STORLEK: 1,48 gr.<\/strong><\/p>\n","protected":false},"featured_media":10891,"comment_status":"closed","ping_status":"closed","template":"","meta":[],"product_cat":[444],"product_tag":[],"class_list":["post-11109","product","type-product","status-publish","has-post-thumbnail","hentry","product_cat-eyeshadows"],"acf":[],"_links":{"self":[{"href":"https:\/\/simoreno.se\/sv\/wp-json\/wp\/v2\/product\/11109","targetHints":{"allow":["GET"]}}],"collection":[{"href":"https:\/\/simoreno.se\/sv\/wp-json\/wp\/v2\/product"}],"about":[{"href":"https:\/\/simoreno.se\/sv\/wp-json\/wp\/v2\/types\/product"}],"replies":[{"embeddable":true,"href":"https:\/\/simoreno.se\/sv\/wp-json\/wp\/v2\/comments?post=11109"}],"version-history":[{"count":0,"href":"https:\/\/simoreno.se\/sv\/wp-json\/wp\/v2\/product\/11109\/revisions"}],"wp:featuredmedia":[{"embeddable":true,"href":"https:\/\/simoreno.se\/sv\/wp-json\/wp\/v2\/media\/10891"}],"wp:attachment":[{"href":"https:\/\/simoreno.se\/sv\/wp-json\/wp\/v2\/media?parent=11109"}],"wp:term":[{"taxonomy":"product_cat","embeddable":true,"href":"https:\/\/simoreno.se\/sv\/wp-json\/wp\/v2\/product_cat?post=11109"},{"taxonomy":"product_tag","embeddable":true,"href":"https:\/\/simoreno.se\/sv\/wp-json\/wp\/v2\/product_tag?post=11109"}],"curies":[{"name":"wp","href":"https:\/\/api.w.org\/{rel}","templated":true}]}}