{"id":11113,"date":"2021-09-17T14:06:17","date_gmt":"2021-11-22T11:15:57","guid":{"rendered":"https:\/\/simoreno.se\/product\/2-i-1-bastacklack\/"},"modified":"2022-05-01T13:25:12","modified_gmt":"2022-05-01T11:25:12","slug":"2-in-1-base-top-coat","status":"publish","type":"product","link":"https:\/\/simoreno.se\/sv\/product\/2-in-1-base-top-coat\/","title":{"rendered":"2 in 1 BASE\/TOP COAT"},"content":{"rendered":"<div class=\"field field-name-body field-type-text-with-summary field-label-above\">\n<div class=\"field-label\">En kombination av baslack och topplack som \u00e5terfuktar och f\u00f6rseglar nagelb\u00e4dden och skapar en l\u00e5ngvarig glans och skydd mot flisor. Den inneh\u00e5ller \u00e4ven en UV-absorbent f\u00f6r att f\u00f6rhindra missf\u00e4rgning.<\/div>\n<\/div>\n<div class=\"field field-name-field-term-of-user field-type-text-long field-label-above\">\n<div><\/div>\n<div class=\"field-label\"><strong>ANV\u00c4NDARVILLKOR:<\/strong><\/div>\n<div class=\"field-items\">\n<div class=\"field-item even\">\n<p>Applicera ett lager som en \u00e5terfuktande bas under ditt favorit-S\u00ec Moreno-nagellack och ett lager som en t\u00e4tande topplack.<\/p>\n<\/div>\n<div class=\"field-label\">\n<div class=\"field-label\"><strong>INGREDIENTS:<\/strong><\/div>\n<div class=\"field-items\">\n<div class=\"field-item even\">\n<p>Butyl acetate, nitrocellulose, phthalic anhydride, isopropyl alcohol, sucrose acetate isobutyrate, acrylates copolymer, n-butyl alcohol, stearalkonium hectorite, acetyl tributyl citrate, camphor, citric acid, benzophenone-one.<\/p>\n<\/div>\n<\/div>\n<\/div>\n<\/div>\n<\/div>\n","protected":false},"excerpt":{"rendered":"<p><strong>Storlek: 9 ml.<\/strong><\/p>\n","protected":false},"featured_media":11001,"comment_status":"closed","ping_status":"closed","template":"","meta":[],"product_cat":[492],"product_tag":[],"class_list":["post-11113","product","type-product","status-publish","has-post-thumbnail","hentry","product_cat-treatment"],"acf":[],"_links":{"self":[{"href":"https:\/\/simoreno.se\/sv\/wp-json\/wp\/v2\/product\/11113","targetHints":{"allow":["GET"]}}],"collection":[{"href":"https:\/\/simoreno.se\/sv\/wp-json\/wp\/v2\/product"}],"about":[{"href":"https:\/\/simoreno.se\/sv\/wp-json\/wp\/v2\/types\/product"}],"replies":[{"embeddable":true,"href":"https:\/\/simoreno.se\/sv\/wp-json\/wp\/v2\/comments?post=11113"}],"version-history":[{"count":0,"href":"https:\/\/simoreno.se\/sv\/wp-json\/wp\/v2\/product\/11113\/revisions"}],"wp:featuredmedia":[{"embeddable":true,"href":"https:\/\/simoreno.se\/sv\/wp-json\/wp\/v2\/media\/11001"}],"wp:attachment":[{"href":"https:\/\/simoreno.se\/sv\/wp-json\/wp\/v2\/media?parent=11113"}],"wp:term":[{"taxonomy":"product_cat","embeddable":true,"href":"https:\/\/simoreno.se\/sv\/wp-json\/wp\/v2\/product_cat?post=11113"},{"taxonomy":"product_tag","embeddable":true,"href":"https:\/\/simoreno.se\/sv\/wp-json\/wp\/v2\/product_tag?post=11113"}],"curies":[{"name":"wp","href":"https:\/\/api.w.org\/{rel}","templated":true}]}}