{"id":11115,"date":"2021-09-17T14:10:46","date_gmt":"2021-11-22T11:16:00","guid":{"rendered":"https:\/\/simoreno.se\/product\/lila-nagellack\/"},"modified":"2022-05-01T13:26:45","modified_gmt":"2022-05-01T11:26:45","slug":"purplesque-nail-polish","status":"publish","type":"product","link":"https:\/\/simoreno.se\/sv\/product\/purplesque-nail-polish\/","title":{"rendered":"Purplesque-NAIL POLISH"},"content":{"rendered":"<div class=\"field-label\">\n<div class=\"field-label\">S\u00ec Moreno nagellack \u00e4r av \u00f6verl\u00e4gsen kvalitet, 7 free formler och inte testat p\u00e5 djur.<\/div>\n<div><\/div>\n<div>\n<div class=\"field-label\">\n<div class=\"field-label\"><strong>INGREDIENTS:<\/strong><\/div>\n<div class=\"field-items\">\n<div class=\"field-item even\">\n<p>Butyl acetate, nitrocellulose, isopropyl alcohol, benzophenone-one, neopentyl, glycol, acetyl tributyl citrate, silica, n-butyl alcohol, styrene, violate 2.<\/p>\n<\/div>\n<\/div>\n<\/div>\n<\/div>\n<\/div>\n","protected":false},"excerpt":{"rendered":"<p><strong>Storlek: 9 gr.<\/strong><\/p>\n","protected":false},"featured_media":10999,"comment_status":"closed","ping_status":"closed","template":"","meta":[],"product_cat":[408],"product_tag":[],"class_list":["post-11115","product","type-product","status-publish","has-post-thumbnail","hentry","product_cat-nail-polish"],"acf":[],"_links":{"self":[{"href":"https:\/\/simoreno.se\/sv\/wp-json\/wp\/v2\/product\/11115","targetHints":{"allow":["GET"]}}],"collection":[{"href":"https:\/\/simoreno.se\/sv\/wp-json\/wp\/v2\/product"}],"about":[{"href":"https:\/\/simoreno.se\/sv\/wp-json\/wp\/v2\/types\/product"}],"replies":[{"embeddable":true,"href":"https:\/\/simoreno.se\/sv\/wp-json\/wp\/v2\/comments?post=11115"}],"version-history":[{"count":0,"href":"https:\/\/simoreno.se\/sv\/wp-json\/wp\/v2\/product\/11115\/revisions"}],"wp:featuredmedia":[{"embeddable":true,"href":"https:\/\/simoreno.se\/sv\/wp-json\/wp\/v2\/media\/10999"}],"wp:attachment":[{"href":"https:\/\/simoreno.se\/sv\/wp-json\/wp\/v2\/media?parent=11115"}],"wp:term":[{"taxonomy":"product_cat","embeddable":true,"href":"https:\/\/simoreno.se\/sv\/wp-json\/wp\/v2\/product_cat?post=11115"},{"taxonomy":"product_tag","embeddable":true,"href":"https:\/\/simoreno.se\/sv\/wp-json\/wp\/v2\/product_tag?post=11115"}],"curies":[{"name":"wp","href":"https:\/\/api.w.org\/{rel}","templated":true}]}}