{"id":11116,"date":"2021-09-17T13:19:31","date_gmt":"2021-11-22T11:16:00","guid":{"rendered":"https:\/\/simoreno.se\/product\/platina-alder-defier-snabblyft\/"},"modified":"2023-04-03T07:43:47","modified_gmt":"2023-04-03T05:43:47","slug":"platinum-age-defier-rapid-lift","status":"publish","type":"product","link":"https:\/\/simoreno.se\/sv\/product\/platinum-age-defier-rapid-lift\/","title":{"rendered":"Platinum Age Defier Rapid Lift"},"content":{"rendered":"<div class=\"field field-name-body field-type-text-with-summary field-label-above\">\n<div class=\"field-label\">\n<div class=\"field field-name-body field-type-text-with-summary field-label-above\">\n<div class=\"field-items\">\n<div class=\"field-item even\">\n<p>Platinum Age Defier Rapid Lift \u00e4r en illusionskr\u00e4m som fyller i luckorna f\u00f6r att utf\u00f6ra en verklig rynkf\u00f6rsvinnande handling. Tricket \u00e4r att mjukfokusera definitionen av dina rynkor via en smart optisk justering, som \u00e4r ett resultat av ljusspridande mineraler som upptar rynkspalterna. Tillsammans med peptider ger denna h\u00e4pnadsv\u00e4ckande kr\u00e4m en omedelbar f\u00f6rsvinnande handling som n\u00e4stan raderar de synliga tecknen p\u00e5 fina linjer. Denna briljanta hudf\u00f6rst\u00e4rkande kr\u00e4m bildar ett tunt lager p\u00e5 huden och neutraliserar sprickor och linjer f\u00f6r en mjukare look och k\u00e4nsla. Dess vattenbest\u00e4ndiga egenskaper ger l\u00e5ngvariga h\u00e5llbara effekter.<\/p>\n<ul>\n<li>Optimerar mjukt fokus via ljusspridning, f\u00f6r omedelbar effekt<\/li>\n<li>Fyller rynkluckor och sprider ljus f\u00f6r ett mer str\u00e5lande utseende<\/li>\n<li>Peptider modulerar ansiktsmuskelsynapser f\u00f6r att minska rynkor<\/li>\n<li>Stimulerar spridningen av kollagenproduktion<\/li>\n<li>Ger en exceptionellt mjuk och smidig k\u00e4nsla<\/li>\n<\/ul>\n<\/div>\n<\/div>\n<\/div>\n<div class=\"field field-name-field-term-of-user field-type-text-long field-label-above\">\n<div class=\"field-label\"><strong>ANV\u00c4NDARVILLKOR:<\/strong><\/div>\n<div class=\"field-items\">\n<div class=\"field-item even\">\n<p>Applicera p\u00e5 ren hud med fingertopparna. Sprid i en upp\u00e5tg\u00e5ende, ut\u00e5tg\u00e5ende r\u00f6relse. L\u00e4gg den f\u00f6rsiktigt \u00f6ver fina linjer och rynkor. L\u00e5t torka i 5 minuter. Gnugga inte in i huden.<\/p>\n<div class=\"field-label\">\n<div class=\"field-label\"><strong>INGREDIENTS:<\/strong><\/div>\n<div class=\"field-items\">\n<div class=\"field-item even\">\n<p>Purified Water (Aqua), Polysilicone-11, Laureth-12, Cyclopentasiloxane, Isododecane, Polymethylsilsesquioxane, Disiloxane, Steareth-21, Glycerin, Hydroxypropyl Cyclodextrin, Palmitoyl Tripeptide-38, Dipeptide Diaminobutyroyl Benzyl amide Diacetate, Acetyl Hexapeptide-30, Arginine, Caprylyl Glycol, Phenoxyethanol, Ethylhexylglycerin, Carbomer, Triethanolamine.<\/p>\n<\/div>\n<\/div>\n<\/div>\n<\/div>\n<\/div>\n<\/div>\n<\/div>\n<\/div>\n","protected":false},"excerpt":{"rendered":"<p><strong>Storlek: 15 ml.<\/strong><\/p>\n","protected":false},"featured_media":10960,"comment_status":"closed","ping_status":"closed","template":"","meta":[],"product_cat":[419],"product_tag":[],"class_list":["post-11116","product","type-product","status-publish","has-post-thumbnail","hentry","product_cat-platinum-age-defier"],"acf":[],"_links":{"self":[{"href":"https:\/\/simoreno.se\/sv\/wp-json\/wp\/v2\/product\/11116","targetHints":{"allow":["GET"]}}],"collection":[{"href":"https:\/\/simoreno.se\/sv\/wp-json\/wp\/v2\/product"}],"about":[{"href":"https:\/\/simoreno.se\/sv\/wp-json\/wp\/v2\/types\/product"}],"replies":[{"embeddable":true,"href":"https:\/\/simoreno.se\/sv\/wp-json\/wp\/v2\/comments?post=11116"}],"version-history":[{"count":0,"href":"https:\/\/simoreno.se\/sv\/wp-json\/wp\/v2\/product\/11116\/revisions"}],"wp:featuredmedia":[{"embeddable":true,"href":"https:\/\/simoreno.se\/sv\/wp-json\/wp\/v2\/media\/10960"}],"wp:attachment":[{"href":"https:\/\/simoreno.se\/sv\/wp-json\/wp\/v2\/media?parent=11116"}],"wp:term":[{"taxonomy":"product_cat","embeddable":true,"href":"https:\/\/simoreno.se\/sv\/wp-json\/wp\/v2\/product_cat?post=11116"},{"taxonomy":"product_tag","embeddable":true,"href":"https:\/\/simoreno.se\/sv\/wp-json\/wp\/v2\/product_tag?post=11116"}],"curies":[{"name":"wp","href":"https:\/\/api.w.org\/{rel}","templated":true}]}}