{"id":11117,"date":"2021-09-17T13:45:30","date_gmt":"2021-11-22T11:16:00","guid":{"rendered":"https:\/\/simoreno.se\/product\/rakningslosning-for-man\/"},"modified":"2022-01-21T11:30:07","modified_gmt":"2022-01-21T10:30:07","slug":"shaving-solution-for-men","status":"publish","type":"product","link":"https:\/\/simoreno.se\/sv\/product\/shaving-solution-for-men\/","title":{"rendered":"Shaving Solution-FOR MEN"},"content":{"rendered":"<div class=\"field-label\">Inspirerad av klassiska rakkr\u00e4mer f\u00f6r den moderna mannen b\u00f6rjar v\u00e5r toppmoderna formulering som en flytande kr\u00e4m, men f\u00f6rvandlas snabbt till ett rikt l\u00f6dder. Calendula, kokosolja och kamomill lugnar huden eftersom de \u00e5terfuktar f\u00f6r den n\u00e4rmaste, mjukaste rakningen som l\u00e4mnar huden i b\u00e4sta skick.<\/div>\n<div><\/div>\n<div>\n<div class=\"field-label\">\n<div>\n<div class=\"field-label\"><strong>INGREDIENTS:<\/strong><\/div>\n<div class=\"field-items\">\n<div class=\"field-item even\">\n<p>Water, Glycerin, Stearic Acid, Myristic Acid, Potassium Hydroxide, Sodium Methyl Cocoyl Taurate, Glyeryl Stearate, Phenoxyethanol, Ethylhexylglycerin, Simmondsia Chinensis (jojoba) Seed oil, Persea Gratissima (Avocado) oil, Prunus Armeniaca (Apricot) Kernel oil, fragrance, Sodium hydroxide, Theobroma Cacao (Cocoa) seed butter, Butyrospermum Parkii (Shea) butter, Mentha Piperita (peppermint) oil, Chamomilla recutita (Matricaria) flower extract, Calendula officinalis flower extract, disodium EDTA.<\/p>\n<\/div>\n<\/div>\n<\/div>\n<div class=\"field-items\">\n<div class=\"field-item even\"><\/div>\n<\/div>\n<\/div>\n<\/div>\n","protected":false},"excerpt":{"rendered":"<p><strong>Storlek: 120 ml.<\/strong><\/p>\n","protected":false},"featured_media":10974,"comment_status":"closed","ping_status":"closed","template":"","meta":[],"product_cat":[429],"product_tag":[],"class_list":["post-11117","product","type-product","status-publish","has-post-thumbnail","hentry","product_cat-shaving"],"acf":[],"_links":{"self":[{"href":"https:\/\/simoreno.se\/sv\/wp-json\/wp\/v2\/product\/11117","targetHints":{"allow":["GET"]}}],"collection":[{"href":"https:\/\/simoreno.se\/sv\/wp-json\/wp\/v2\/product"}],"about":[{"href":"https:\/\/simoreno.se\/sv\/wp-json\/wp\/v2\/types\/product"}],"replies":[{"embeddable":true,"href":"https:\/\/simoreno.se\/sv\/wp-json\/wp\/v2\/comments?post=11117"}],"version-history":[{"count":0,"href":"https:\/\/simoreno.se\/sv\/wp-json\/wp\/v2\/product\/11117\/revisions"}],"wp:featuredmedia":[{"embeddable":true,"href":"https:\/\/simoreno.se\/sv\/wp-json\/wp\/v2\/media\/10974"}],"wp:attachment":[{"href":"https:\/\/simoreno.se\/sv\/wp-json\/wp\/v2\/media?parent=11117"}],"wp:term":[{"taxonomy":"product_cat","embeddable":true,"href":"https:\/\/simoreno.se\/sv\/wp-json\/wp\/v2\/product_cat?post=11117"},{"taxonomy":"product_tag","embeddable":true,"href":"https:\/\/simoreno.se\/sv\/wp-json\/wp\/v2\/product_tag?post=11117"}],"curies":[{"name":"wp","href":"https:\/\/api.w.org\/{rel}","templated":true}]}}