{"id":11130,"date":"2021-09-17T13:41:52","date_gmt":"2021-11-22T11:16:10","guid":{"rendered":"https:\/\/simoreno.se\/product\/ogonraddning-for-man\/"},"modified":"2022-01-21T11:28:13","modified_gmt":"2022-01-21T10:28:13","slug":"eye-rescue-for-men","status":"publish","type":"product","link":"https:\/\/simoreno.se\/sv\/product\/eye-rescue-for-men\/","title":{"rendered":"Eye Rescue-FOR MEN"},"content":{"rendered":"<div class=\"field field-name-body field-type-text-with-summary field-label-above\">\n<div class=\"field-label\">\n<div class=\"field field-name-body field-type-text-with-summary field-label-above\">\n<div class=\"field-items\">\n<div class=\"field-item even\">\n<p>Ta bort svullnader, m\u00f6rka ringar och rynkor med de kraftiga effekterna av Caffeine, Quinoa Seed Extract och slaktkvast. Dessa ingredienser kan hj\u00e4lpa till att st\u00e4rka svaga kapill\u00e4rer, den fr\u00e4msta orsaken till m\u00f6rka ringar.<\/p>\n<\/div>\n<\/div>\n<\/div>\n<div class=\"field field-name-field-term-of-user field-type-text-long field-label-above\">\n<div class=\"field-label\"><strong>ANV\u00c4NDARVILLKOR:<\/strong><\/div>\n<div class=\"field-items\">\n<div class=\"field-item even\">\n<p>Reng\u00f6r ditt ansikte noggrant. Applicera p\u00e5 ringfingret och knacka f\u00f6rsiktigt \u00f6ver hela \u00f6gonomr\u00e5det. Anv\u00e4nd morgon och kv\u00e4ll.<\/p>\n<\/div>\n<div class=\"field-label\">\n<div class=\"field-label\">\n<div class=\"field field-name-field-term-of-user field-type-text-long field-label-above\">\n<div class=\"field-items\">\n<div class=\"field-label\"><strong>INGREDIENTS:<\/strong><\/div>\n<div class=\"field-items\">\n<div class=\"field-item even\">\n<p>Purified Water (Aqua), Paraffinum Liquidum, Cetearyl alcohol, Cyclopentasiloxane, Dimethicone, Caprylic\/ Capric triglyceride, isopropyl myristate, Carnitine, Caffeine, Ruscus Aculeatus Root extract, Butylene Glycol, Chenopodium Quinoa seed extract, Squalane, Hyaluronic acid, Polysorbate 60, Phenoxyethanol, Ethyhexylglycerin.<\/p>\n<\/div>\n<\/div>\n<\/div>\n<\/div>\n<\/div>\n<div class=\"field-items\"><\/div>\n<\/div>\n<\/div>\n<\/div>\n<\/div>\n<\/div>\n","protected":false},"excerpt":{"rendered":"<p><strong>Storlek: 30 ml.<\/strong><\/p>\n","protected":false},"featured_media":10973,"comment_status":"closed","ping_status":"closed","template":"","meta":[],"product_cat":[407],"product_tag":[],"class_list":["post-11130","product","type-product","status-publish","has-post-thumbnail","hentry","product_cat-serums"],"acf":[],"_links":{"self":[{"href":"https:\/\/simoreno.se\/sv\/wp-json\/wp\/v2\/product\/11130","targetHints":{"allow":["GET"]}}],"collection":[{"href":"https:\/\/simoreno.se\/sv\/wp-json\/wp\/v2\/product"}],"about":[{"href":"https:\/\/simoreno.se\/sv\/wp-json\/wp\/v2\/types\/product"}],"replies":[{"embeddable":true,"href":"https:\/\/simoreno.se\/sv\/wp-json\/wp\/v2\/comments?post=11130"}],"version-history":[{"count":0,"href":"https:\/\/simoreno.se\/sv\/wp-json\/wp\/v2\/product\/11130\/revisions"}],"wp:featuredmedia":[{"embeddable":true,"href":"https:\/\/simoreno.se\/sv\/wp-json\/wp\/v2\/media\/10973"}],"wp:attachment":[{"href":"https:\/\/simoreno.se\/sv\/wp-json\/wp\/v2\/media?parent=11130"}],"wp:term":[{"taxonomy":"product_cat","embeddable":true,"href":"https:\/\/simoreno.se\/sv\/wp-json\/wp\/v2\/product_cat?post=11130"},{"taxonomy":"product_tag","embeddable":true,"href":"https:\/\/simoreno.se\/sv\/wp-json\/wp\/v2\/product_tag?post=11130"}],"curies":[{"name":"wp","href":"https:\/\/api.w.org\/{rel}","templated":true}]}}