{"id":11131,"date":"2021-09-17T13:28:09","date_gmt":"2021-11-22T11:16:10","guid":{"rendered":"https:\/\/simoreno.se\/product\/nacklyftande-kram\/"},"modified":"2022-01-21T11:10:21","modified_gmt":"2022-01-21T10:10:21","slug":"neck-lifting-cream","status":"publish","type":"product","link":"https:\/\/simoreno.se\/sv\/product\/neck-lifting-cream\/","title":{"rendered":"Neck Lifting Cream"},"content":{"rendered":"<div class=\"field field-name-body field-type-text-with-summary field-label-above\">\n<div class=\"field-label\">\n<div class=\"field field-name-body field-type-text-with-summary field-label-above\">\n<div class=\"field-items\">\n<div class=\"field-item even\">\n<p>Tillsatt till en \u00e5terfuktande hyaluronbas, fungerar den genom att f\u00f6rb\u00e4ttra b\u00e5de bindningen av hudlager och den elastisk motst\u00e5ndskraft, samtidigt som den fr\u00e4mjar sund kollagentillv\u00e4xt f\u00f6r att minska rynkig och l\u00f6s hud. V\u00e4nder p\u00e5 de synliga tecknen p\u00e5 \u00e5ldrande med avancerade huduppstramningsaktiva medel. Huden ser mjukare och mer tonad ut. en kr\u00e4m som rekommenderas \u00e4ven f\u00f6r dekolletage.<\/p>\n<ul>\n<li>Hj\u00e4lper till att f\u00f6rhindra f\u00f6rlust av hudens elasticitet<\/li>\n<li>F\u00f6rst\u00e4rker hudens naturliga stramhet<\/li>\n<li>Fr\u00e4mjar spridningen av kollagenceller<\/li>\n<li>F\u00f6rst\u00e4rker anslutningen i den dermo-epidermala junction<\/li>\n<li>\u00c5terfuktar<\/li>\n<\/ul>\n<\/div>\n<\/div>\n<\/div>\n<div class=\"field field-name-field-term-of-user field-type-text-long field-label-above\">\n<div class=\"field-label\"><strong>ANV\u00c4NDARVILLKOR:<\/strong><\/div>\n<div class=\"field-items\">\n<div class=\"field-item even\">\n<p>Applicera en riklig m\u00e4ngd kr\u00e4m p\u00e5 halsen och dekolletaget. Anv\u00e4nd upp\u00e5triktade r\u00f6relser och inkludera k\u00e4klinjen. Anv\u00e4nd dagligen morgon och kv\u00e4ll.<\/p>\n<div class=\"field-label\">\n<div class=\"field field-name-body field-type-text-with-summary field-label-above\">\n<div class=\"field-label\">\n<div class=\"field field-name-field-term-of-user field-type-text-long field-label-above\">\n<div class=\"field-items\">\n<div class=\"field-item even\">\n<div class=\"field-label\"><strong>INGREDIENTS:<\/strong><\/div>\n<div class=\"field-items\">\n<div class=\"field-item even\">\n<p>Purified Water (Aqua), Cetearyl Alcohol, Squalane, Cyclomethicone,\u00a0Hyaluronic Acid, Sorbitan Laurate, Lauroyl Proline, Butylene Glycol, Chenopodium\u00a0Quinoa Seed Extract, Xylitylglucoside, Anhydroxylitol, Xylitol, Polysorbate 60,\u00a0Phenoxyethanol, Ethylhexylglycerin.<\/p>\n<\/div>\n<\/div>\n<\/div>\n<\/div>\n<\/div>\n<\/div>\n<div class=\"field-items\">\n<div class=\"field-item even\"><\/div>\n<\/div>\n<\/div>\n<div class=\"field field-name-field-term-of-user field-type-text-long field-label-above\">\n<div class=\"field-items\">\n<div class=\"field-item even\"><\/div>\n<\/div>\n<\/div>\n<\/div>\n<\/div>\n<\/div>\n<\/div>\n<\/div>\n<\/div>\n<div class=\"field field-name-field-term-of-user field-type-text-long field-label-above\">\n<div class=\"field-items\">\n<div class=\"field-item even\">\n<p>&nbsp;<\/p>\n<\/div>\n<\/div>\n<\/div>\n","protected":false},"excerpt":{"rendered":"<p><strong>Storlek: 30 ml.<\/strong><\/p>\n","protected":false},"featured_media":10967,"comment_status":"closed","ping_status":"closed","template":"","meta":[],"product_cat":[410],"product_tag":[],"class_list":["post-11131","product","type-product","status-publish","has-post-thumbnail","hentry","product_cat-body-complete-care-range"],"acf":[],"_links":{"self":[{"href":"https:\/\/simoreno.se\/sv\/wp-json\/wp\/v2\/product\/11131","targetHints":{"allow":["GET"]}}],"collection":[{"href":"https:\/\/simoreno.se\/sv\/wp-json\/wp\/v2\/product"}],"about":[{"href":"https:\/\/simoreno.se\/sv\/wp-json\/wp\/v2\/types\/product"}],"replies":[{"embeddable":true,"href":"https:\/\/simoreno.se\/sv\/wp-json\/wp\/v2\/comments?post=11131"}],"version-history":[{"count":0,"href":"https:\/\/simoreno.se\/sv\/wp-json\/wp\/v2\/product\/11131\/revisions"}],"wp:featuredmedia":[{"embeddable":true,"href":"https:\/\/simoreno.se\/sv\/wp-json\/wp\/v2\/media\/10967"}],"wp:attachment":[{"href":"https:\/\/simoreno.se\/sv\/wp-json\/wp\/v2\/media?parent=11131"}],"wp:term":[{"taxonomy":"product_cat","embeddable":true,"href":"https:\/\/simoreno.se\/sv\/wp-json\/wp\/v2\/product_cat?post=11131"},{"taxonomy":"product_tag","embeddable":true,"href":"https:\/\/simoreno.se\/sv\/wp-json\/wp\/v2\/product_tag?post=11131"}],"curies":[{"name":"wp","href":"https:\/\/api.w.org\/{rel}","templated":true}]}}