{"id":11132,"date":"2021-09-17T13:05:29","date_gmt":"2021-11-22T11:16:10","guid":{"rendered":"https:\/\/simoreno.se\/product\/multiaktiv-vitaliserande-mask\/"},"modified":"2022-01-20T22:15:30","modified_gmt":"2022-01-20T21:15:30","slug":"multi-active-revitalizing-mask","status":"publish","type":"product","link":"https:\/\/simoreno.se\/sv\/product\/multi-active-revitalizing-mask\/","title":{"rendered":"Multi-Active Revitalising Mask"},"content":{"rendered":"<div class=\"field field-name-body field-type-text-with-summary field-label-above\">\n<div class=\"field-label\">\n<div class=\"field field-name-body field-type-text-with-summary field-label-above\">\n<div class=\"field-items\">\n<div class=\"field-item even\">\n<p>En exceptionellt effektiv uppfriskande mask formulerad f\u00f6r matt, tr\u00f6tt hud. Denna vetenskapsledande ingrediens, med Oxygen Plasma, levererar h\u00f6ga niv\u00e5er av syre och n\u00e4ring till de djupare lagren av huden. \u00c5terst\u00e4ller hudens balans som kan f\u00f6rsvagas av dagliga p\u00e5frestningar, fysisk tr\u00f6tthet och v\u00e4dersv\u00e4ngningar. Huden blir omedelbart str\u00e5lande och f\u00f6ryngrad.<\/p>\n<ul>\n<li>F\u00f6ryngrar och fr\u00e4schar upp tr\u00f6tt hud<\/li>\n<li>Tillf\u00f6r n\u00e4rings\u00e4mnen och syre till djupa v\u00e4vnader<\/li>\n<li>\u00c5terfuktar och skyddar<\/li>\n<\/ul>\n<\/div>\n<\/div>\n<\/div>\n<div class=\"field field-name-field-term-of-user field-type-text-long field-label-above\">\n<div class=\"field-label\"><strong>ANV\u00c4NDARVILLKOR:<\/strong><\/div>\n<div class=\"field-items\">\n<div class=\"field-item even\">\n<p>Applicera ett tunt lager \u00f6ver hela ansiktet, undvik omr\u00e5det kring \u00f6gonen. L\u00e5t den verka i 20 minuter och sk\u00f6lj sedan av den med varmt vatten. Anv\u00e4nd tv\u00e5 g\u00e5nger i veckan.<\/p>\n<div class=\"field-label\">\n<div class=\"field-label\"><strong>INGREDIENTS:<\/strong><\/div>\n<div class=\"field-items\">\n<div class=\"field-item even\">\n<p>Chondrus Crispus (Seaweed) Extract, Purified Water (Aqua), Perfluorodecalin, Polyperfluoromethylisopropyl ether, isoceteth-20, Saccharomyces\/Copper ferment, Hyaluronic Acid, Phenoxyethanol, Ethylhexylglycerin.<\/p>\n<\/div>\n<\/div>\n<\/div>\n<\/div>\n<\/div>\n<\/div>\n<\/div>\n<\/div>\n","protected":false},"excerpt":{"rendered":"<p><strong>Storlek: 90 ml.<\/strong><\/p>\n","protected":false},"featured_media":10955,"comment_status":"closed","ping_status":"closed","template":"","meta":[],"product_cat":[402],"product_tag":[],"class_list":["post-11132","product","type-product","status-publish","has-post-thumbnail","hentry","product_cat-multi-active-age-control"],"acf":[],"_links":{"self":[{"href":"https:\/\/simoreno.se\/sv\/wp-json\/wp\/v2\/product\/11132","targetHints":{"allow":["GET"]}}],"collection":[{"href":"https:\/\/simoreno.se\/sv\/wp-json\/wp\/v2\/product"}],"about":[{"href":"https:\/\/simoreno.se\/sv\/wp-json\/wp\/v2\/types\/product"}],"replies":[{"embeddable":true,"href":"https:\/\/simoreno.se\/sv\/wp-json\/wp\/v2\/comments?post=11132"}],"version-history":[{"count":0,"href":"https:\/\/simoreno.se\/sv\/wp-json\/wp\/v2\/product\/11132\/revisions"}],"wp:featuredmedia":[{"embeddable":true,"href":"https:\/\/simoreno.se\/sv\/wp-json\/wp\/v2\/media\/10955"}],"wp:attachment":[{"href":"https:\/\/simoreno.se\/sv\/wp-json\/wp\/v2\/media?parent=11132"}],"wp:term":[{"taxonomy":"product_cat","embeddable":true,"href":"https:\/\/simoreno.se\/sv\/wp-json\/wp\/v2\/product_cat?post=11132"},{"taxonomy":"product_tag","embeddable":true,"href":"https:\/\/simoreno.se\/sv\/wp-json\/wp\/v2\/product_tag?post=11132"}],"curies":[{"name":"wp","href":"https:\/\/api.w.org\/{rel}","templated":true}]}}