{"id":11134,"date":"2021-09-17T14:33:19","date_gmt":"2021-11-22T11:16:11","guid":{"rendered":"https:\/\/simoreno.se\/product\/vitt-nagellack\/"},"modified":"2022-05-01T13:24:25","modified_gmt":"2022-05-01T11:24:25","slug":"white-nail-polish","status":"publish","type":"product","link":"https:\/\/simoreno.se\/sv\/product\/white-nail-polish\/","title":{"rendered":"White-NAIL POLISH"},"content":{"rendered":"<div class=\"field field-name-body field-type-text-with-summary field-label-above\">\n<div class=\"field-label\">V\u00e5rt veganska \/ 7-Free Formler nagellack fr\u00e5n French Manicure ger dig en l\u00e5ngvarig glansig .<\/div>\n<\/div>\n<div class=\"field field-name-field-term-of-user field-type-text-long field-label-above\">\n<div><\/div>\n<div class=\"field-label\"><strong>ANV\u00c4NDARVILLKOR:<\/strong><\/div>\n<div class=\"field-items\">\n<div class=\"field-item even\">\n<p>Efter att ha njutit av en sk\u00f6n manikyr,<\/p>\n<ol>\n<li>Applicera v\u00e5r 2 i 1 Base \/ Top Coat.<\/li>\n<li>Sedan ett tunt lager S\u00ec Moreno # 28 White p\u00e5 den fria kanten bara.<\/li>\n<li>F\u00f6ljt av 1 lager #157 fransk vanilj p\u00e5 hela nagelytan.<\/li>\n<li>F\u00f6r en skyddande t\u00e4tning applicera ett tunt lager av v\u00e5r Top Coat.<\/li>\n<\/ol>\n<div><\/div>\n<div class=\"field-label\">\n<div class=\"field-label\">\n<div class=\"field-label\"><strong>INGREDIENTS:<\/strong><\/div>\n<div class=\"field-items\">\n<div class=\"field-item even\">\n<p>Butyl acetate, nitrocellulose, isopropyl alcohol, benzophenone-one, neopentyl, glycol, acetyl tributyl citrate, silica, n-butyl alcohol, styrene, violate 2.<\/p>\n<\/div>\n<\/div>\n<\/div>\n<\/div>\n<\/div>\n<\/div>\n<\/div>\n","protected":false},"excerpt":{"rendered":"<p><strong>Storlek: 9 gr.<\/strong><\/p>\n","protected":false},"featured_media":10988,"comment_status":"closed","ping_status":"closed","template":"","meta":[],"product_cat":[408],"product_tag":[],"class_list":["post-11134","product","type-product","status-publish","has-post-thumbnail","hentry","product_cat-nail-polish"],"acf":[],"_links":{"self":[{"href":"https:\/\/simoreno.se\/sv\/wp-json\/wp\/v2\/product\/11134","targetHints":{"allow":["GET"]}}],"collection":[{"href":"https:\/\/simoreno.se\/sv\/wp-json\/wp\/v2\/product"}],"about":[{"href":"https:\/\/simoreno.se\/sv\/wp-json\/wp\/v2\/types\/product"}],"replies":[{"embeddable":true,"href":"https:\/\/simoreno.se\/sv\/wp-json\/wp\/v2\/comments?post=11134"}],"version-history":[{"count":0,"href":"https:\/\/simoreno.se\/sv\/wp-json\/wp\/v2\/product\/11134\/revisions"}],"wp:featuredmedia":[{"embeddable":true,"href":"https:\/\/simoreno.se\/sv\/wp-json\/wp\/v2\/media\/10988"}],"wp:attachment":[{"href":"https:\/\/simoreno.se\/sv\/wp-json\/wp\/v2\/media?parent=11134"}],"wp:term":[{"taxonomy":"product_cat","embeddable":true,"href":"https:\/\/simoreno.se\/sv\/wp-json\/wp\/v2\/product_cat?post=11134"},{"taxonomy":"product_tag","embeddable":true,"href":"https:\/\/simoreno.se\/sv\/wp-json\/wp\/v2\/product_tag?post=11134"}],"curies":[{"name":"wp","href":"https:\/\/api.w.org\/{rel}","templated":true}]}}