{"id":11137,"date":"2021-09-17T13:02:47","date_gmt":"2021-11-22T11:16:13","guid":{"rendered":"https:\/\/simoreno.se\/product\/multiaktiv-ogonkonturkram\/"},"modified":"2022-01-20T22:01:23","modified_gmt":"2022-01-20T21:01:23","slug":"multi-active-eye-contour-cream","status":"publish","type":"product","link":"https:\/\/simoreno.se\/sv\/product\/multi-active-eye-contour-cream\/","title":{"rendered":"Multi-Active Eye Contour Cream"},"content":{"rendered":"<div class=\"field field-name-body field-type-text-with-summary field-label-above\">\n<div class=\"field-label\">\n<div class=\"field field-name-body field-type-text-with-summary field-label-above\">\n<div class=\"field-label\">\n<div class=\"field field-name-body field-type-text-with-summary field-label-above\">\n<div class=\"field-items\">\n<div class=\"field-item even\">\n<p>S\u00ec Moreno Multi Active Eye Cream \u00e4r uttryckligen framtagen f\u00f6r att hj\u00e4lpa till att minska utseendet p\u00e5 m\u00f6rka ringar och svullnader runt \u00f6gonen och \u00e5terst\u00e4lla ett ungdomligt och h\u00e4lsosamt utseende. Denna uppiggande kr\u00e4m \u00e4r skapad med en blandning av botaniska proteiner och hj\u00e4lper till att minska uppkomsten av svullnader och alla tr\u00f6tta eller utmattade uttryck som bidrar till \u00e5lderns utseende.<\/p>\n<ul>\n<li>Minskar uppkomsten av m\u00f6rka ringar, svullnader och fina linjer<\/li>\n<li>Minskar nedbrytningen av kollagen och elastin<\/li>\n<li>Antioxidanter hj\u00e4lper till att minska f\u00f6rekomsten av fria radikaler<\/li>\n<li>Lugnande och f\u00f6ryngrande effekt med Arnica<\/li>\n<\/ul>\n<\/div>\n<\/div>\n<\/div>\n<div class=\"field field-name-field-term-of-user field-type-text-long field-label-above\">\n<div class=\"field-label\"><strong>ANV\u00c4NDARVILLKOR:<\/strong><\/div>\n<div class=\"field-items\">\n<div class=\"field-item even\">\n<p>Applicera p\u00e5 ren hud. Applicera en liten m\u00e4ngd p\u00e5 ringfingret och knacka f\u00f6rsiktigt p\u00e5 det drabbade omr\u00e5det som omger orbitalbenet, knacka f\u00f6rsiktigt in. Anv\u00e4nd morgon och kv\u00e4ll.<\/p>\n<div class=\"field-label\"><strong>INGREDIENSER:<\/strong><\/div>\n<div class=\"field-items\">\n<div class=\"field-item even\">\n<p>Renat vatten (Aqua), Simmondsia Chinensis (Jojoba) Fr\u00f6olja, Prunus Armeniaca (Aprikos) K\u00e4rnolja, Squalane, Hyaluronsyra, Arnica Montana Flower Extract, Oxido Reductases, Glycine Soja (Sojab\u00f6na) Protein, Hydrolyserat riskli Protein, C13-1 Isoparaffin, Laureth-7, polyakrylamid, fenoxietanol, etylhexylglycerin.<\/p>\n<\/div>\n<\/div>\n<\/div>\n<\/div>\n<\/div>\n<\/div>\n<\/div>\n<\/div>\n<\/div>\n","protected":false},"excerpt":{"rendered":"<div class=\"field-label\"><strong>Storlek: 15 gr.<\/strong><\/div>\n","protected":false},"featured_media":10954,"comment_status":"closed","ping_status":"closed","template":"","meta":[],"product_cat":[402],"product_tag":[],"class_list":["post-11137","product","type-product","status-publish","has-post-thumbnail","hentry","product_cat-multi-active-age-control"],"acf":[],"_links":{"self":[{"href":"https:\/\/simoreno.se\/sv\/wp-json\/wp\/v2\/product\/11137","targetHints":{"allow":["GET"]}}],"collection":[{"href":"https:\/\/simoreno.se\/sv\/wp-json\/wp\/v2\/product"}],"about":[{"href":"https:\/\/simoreno.se\/sv\/wp-json\/wp\/v2\/types\/product"}],"replies":[{"embeddable":true,"href":"https:\/\/simoreno.se\/sv\/wp-json\/wp\/v2\/comments?post=11137"}],"version-history":[{"count":0,"href":"https:\/\/simoreno.se\/sv\/wp-json\/wp\/v2\/product\/11137\/revisions"}],"wp:featuredmedia":[{"embeddable":true,"href":"https:\/\/simoreno.se\/sv\/wp-json\/wp\/v2\/media\/10954"}],"wp:attachment":[{"href":"https:\/\/simoreno.se\/sv\/wp-json\/wp\/v2\/media?parent=11137"}],"wp:term":[{"taxonomy":"product_cat","embeddable":true,"href":"https:\/\/simoreno.se\/sv\/wp-json\/wp\/v2\/product_cat?post=11137"},{"taxonomy":"product_tag","embeddable":true,"href":"https:\/\/simoreno.se\/sv\/wp-json\/wp\/v2\/product_tag?post=11137"}],"curies":[{"name":"wp","href":"https:\/\/api.w.org\/{rel}","templated":true}]}}