{"id":11139,"date":"2021-09-17T13:25:21","date_gmt":"2021-11-22T11:16:13","guid":{"rendered":"https:\/\/simoreno.se\/product\/handfuktande-volymgivare\/"},"modified":"2022-05-01T13:35:58","modified_gmt":"2022-05-01T11:35:58","slug":"hand-hydrating-volumizer","status":"publish","type":"product","link":"https:\/\/simoreno.se\/sv\/product\/hand-hydrating-volumizer\/","title":{"rendered":"Hand Hydrating Volumizer"},"content":{"rendered":"<div class=\"field field-name-body field-type-text-with-summary field-label-above\">\n<div class=\"field-label\">\n<div class=\"field field-name-body field-type-text-with-summary field-label-above\">\n<div class=\"field-items\">\n<div class=\"field-item even\">\n<p>Designad f\u00f6r topisk applicering p\u00e5 h\u00e4nderna, denna fantastiska formula levererar fantastiskt aktiva ingredienser i en \u00e5terfuktande hudv\u00e5rdslotion. Naturliga och kraftfulla aktiva ingredienser \u00e5terupplivar h\u00e4ndernas friska utseende.<\/p>\n<ul>\n<li>Hj\u00e4lper till att \u00f6ka utseendet p\u00e5 kurvor och konturer p\u00e5 h\u00e4nderna<\/li>\n<li>Formulerad med naturliga ingredienser<\/li>\n<\/ul>\n<\/div>\n<\/div>\n<\/div>\n<div class=\"field field-name-field-term-of-user field-type-text-long field-label-above\">\n<div class=\"field-label\"><strong>ANV\u00c4NDARVILLKOR:<\/strong><\/div>\n<div class=\"field-items\">\n<div class=\"field-item even\">\n<p>Applicera en riklig m\u00e4ngd och massera in p\u00e5 h\u00e4nderna. Anv\u00e4nd tv\u00e5 g\u00e5nger dagligen.<\/p>\n<div class=\"field-label\">\n<div class=\"field field-name-body field-type-text-with-summary field-label-above\">\n<div class=\"field-label\">\n<div class=\"field field-name-field-term-of-user field-type-text-long field-label-above\">\n<div class=\"field-items\">\n<div class=\"field-item even\">\n<div class=\"field-label\"><strong>INGREDIENTS:<\/strong><\/div>\n<div class=\"field-items\">\n<div class=\"field-item even\">\n<p>Purified Water (Aqua), Hydrogenated Polyisobutene, Anemarrhena Asphodeloides (Root) Extract, Glycerin, Cyclopentasiloxane, Dimethicone, Macadamia Ternifolia Seed Oil, Paraffinum Liquidum, Polysorbate 20, Cellulose Gum, Acrylates\/C10-30 Alkyl Acrylate Crosspolymer, Chamomilla Recutita (Matricaria) Extract, Macelignan, Tocopherol, Phenoxyethanol, Ethylhexylglycerin<\/p>\n<\/div>\n<\/div>\n<\/div>\n<\/div>\n<\/div>\n<\/div>\n<div class=\"field-items\">\n<div class=\"field-item even\"><\/div>\n<\/div>\n<\/div>\n<div class=\"field field-name-field-term-of-user field-type-text-long field-label-above\">\n<div class=\"field-items\">\n<div class=\"field-item even\"><\/div>\n<\/div>\n<\/div>\n<\/div>\n<\/div>\n<\/div>\n<\/div>\n<\/div>\n<\/div>\n","protected":false},"excerpt":{"rendered":"<p><strong>Storlek: 60 ml.<\/strong><\/p>\n","protected":false},"featured_media":10964,"comment_status":"closed","ping_status":"closed","template":"","meta":[],"product_cat":[410],"product_tag":[],"class_list":["post-11139","product","type-product","status-publish","has-post-thumbnail","hentry","product_cat-body-complete-care-range"],"acf":[],"_links":{"self":[{"href":"https:\/\/simoreno.se\/sv\/wp-json\/wp\/v2\/product\/11139","targetHints":{"allow":["GET"]}}],"collection":[{"href":"https:\/\/simoreno.se\/sv\/wp-json\/wp\/v2\/product"}],"about":[{"href":"https:\/\/simoreno.se\/sv\/wp-json\/wp\/v2\/types\/product"}],"replies":[{"embeddable":true,"href":"https:\/\/simoreno.se\/sv\/wp-json\/wp\/v2\/comments?post=11139"}],"version-history":[{"count":0,"href":"https:\/\/simoreno.se\/sv\/wp-json\/wp\/v2\/product\/11139\/revisions"}],"wp:featuredmedia":[{"embeddable":true,"href":"https:\/\/simoreno.se\/sv\/wp-json\/wp\/v2\/media\/10964"}],"wp:attachment":[{"href":"https:\/\/simoreno.se\/sv\/wp-json\/wp\/v2\/media?parent=11139"}],"wp:term":[{"taxonomy":"product_cat","embeddable":true,"href":"https:\/\/simoreno.se\/sv\/wp-json\/wp\/v2\/product_cat?post=11139"},{"taxonomy":"product_tag","embeddable":true,"href":"https:\/\/simoreno.se\/sv\/wp-json\/wp\/v2\/product_tag?post=11139"}],"curies":[{"name":"wp","href":"https:\/\/api.w.org\/{rel}","templated":true}]}}