{"id":11140,"date":"2021-09-17T14:02:58","date_gmt":"2021-11-22T11:16:13","guid":{"rendered":"https:\/\/simoreno.se\/product\/bryn-borste\/"},"modified":"2022-01-21T12:10:51","modified_gmt":"2022-01-21T11:10:51","slug":"brow-brush","status":"publish","type":"product","link":"https:\/\/simoreno.se\/sv\/product\/brow-brush\/","title":{"rendered":"Brow Brush"},"content":{"rendered":"<div class=\"field field-name-body field-type-text-with-summary field-label-above\">\n<div class=\"field-label\">Definiera \u00f6gonbrynen och linjera \u00f6gonen sakkunnigt med v\u00e5r Brow Brush. F\u00f6r att skulptera det perfekta brynet, anv\u00e4nd den vinklade \u00e4nden f\u00f6r att applicera brynf\u00e4rg och blanda, ansa och forma avundsv\u00e4rda b\u00e5gar. Anv\u00e4nd den vinklade borsten f\u00f6r att applicera liner med precision och skapa klassiska vingar.<\/div>\n<div class=\"field-items\">\n<div class=\"field-item even\">\n<p>&nbsp;<\/p>\n<\/div>\n<\/div>\n<\/div>\n<div class=\"field field-name-field-term-of-user field-type-text-long field-label-above\">\n<div class=\"field-label\"><strong>ANV\u00c4NDARVILLKOR:<\/strong><\/div>\n<div class=\"field-items\">\n<div class=\"field-item even\">\n<p>Anv\u00e4nd denna borste med brynpulver f\u00f6r att fylla i brynen med en skissande r\u00f6relse f\u00f6r en naturlig effekt.<\/p>\n<\/div>\n<\/div>\n<\/div>\n","protected":false},"excerpt":{"rendered":"<p>Definiera \u00f6gonbrynen och linjera \u00f6gonen sakkunnigt med v\u00e5r Brow Brush. F\u00f6r att skulptera det perfekta brynet, anv\u00e4nd den vinklade \u00e4nden<\/p>\n","protected":false},"featured_media":11008,"comment_status":"closed","ping_status":"closed","template":"","meta":[],"product_cat":[413],"product_tag":[],"class_list":["post-11140","product","type-product","status-publish","has-post-thumbnail","hentry","product_cat-makeup-applicators"],"acf":[],"_links":{"self":[{"href":"https:\/\/simoreno.se\/sv\/wp-json\/wp\/v2\/product\/11140","targetHints":{"allow":["GET"]}}],"collection":[{"href":"https:\/\/simoreno.se\/sv\/wp-json\/wp\/v2\/product"}],"about":[{"href":"https:\/\/simoreno.se\/sv\/wp-json\/wp\/v2\/types\/product"}],"replies":[{"embeddable":true,"href":"https:\/\/simoreno.se\/sv\/wp-json\/wp\/v2\/comments?post=11140"}],"version-history":[{"count":0,"href":"https:\/\/simoreno.se\/sv\/wp-json\/wp\/v2\/product\/11140\/revisions"}],"wp:featuredmedia":[{"embeddable":true,"href":"https:\/\/simoreno.se\/sv\/wp-json\/wp\/v2\/media\/11008"}],"wp:attachment":[{"href":"https:\/\/simoreno.se\/sv\/wp-json\/wp\/v2\/media?parent=11140"}],"wp:term":[{"taxonomy":"product_cat","embeddable":true,"href":"https:\/\/simoreno.se\/sv\/wp-json\/wp\/v2\/product_cat?post=11140"},{"taxonomy":"product_tag","embeddable":true,"href":"https:\/\/simoreno.se\/sv\/wp-json\/wp\/v2\/product_tag?post=11140"}],"curies":[{"name":"wp","href":"https:\/\/api.w.org\/{rel}","templated":true}]}}