{"id":11147,"date":"2021-09-17T10:35:51","date_gmt":"2021-11-22T11:16:14","guid":{"rendered":"https:\/\/simoreno.se\/product\/mint-exfolierande-rengoring\/"},"modified":"2022-05-01T13:31:10","modified_gmt":"2022-05-01T11:31:10","slug":"mint-exfoliating-cleanser","status":"publish","type":"product","link":"https:\/\/simoreno.se\/sv\/product\/mint-exfoliating-cleanser\/","title":{"rendered":"Mint Exfoliating Cleanser"},"content":{"rendered":"<div class=\"field field-name-body field-type-text-with-summary field-label-above\">\n<div class=\"field-label\">\n<div class=\"field field-name-body field-type-text-with-summary field-label-above\">\n<div class=\"field-items\">\n<div class=\"field-item even\">\n<p>En uppfriskande pepparmint berikad formula blandad med naturliga oljor och extrakt f\u00f6r att skonsamt exfoliera ansikte och kropp.<\/p>\n<ul>\n<li>Ger utm\u00e4rkt \u00e5terfuktning<\/li>\n<li>Ger huden n\u00e4rande vitaminer och mineraler<\/li>\n<li>St\u00e4rker hudens skyddande barri\u00e4r<\/li>\n<li>Anv\u00e4nder s\u00e4kra hudkompatibla ingredienser<\/li>\n<li>F\u00f6r alla hudtyper<\/li>\n<\/ul>\n<\/div>\n<\/div>\n<\/div>\n<div class=\"field field-name-field-term-of-user field-type-text-long field-label-above\">\n<div class=\"field-label\"><strong>ANV\u00c4NDARVILLKOR:<\/strong><\/div>\n<div class=\"field-items\">\n<div class=\"field-item even\">\n<p>Rekommenderas f\u00f6r anv\u00e4ndning p\u00e5 alla hudtyper morgon och kv\u00e4ll. Skaka v\u00e4l innan anv\u00e4ndning. Applicera p\u00e5 fuktig hud med m\u00e5ttligt tryck f\u00f6r att reng\u00f6ra i en cirkul\u00e4r r\u00f6relse. Sk\u00f6lj v\u00e4l. Undvik kontakt med \u00f6gonomr\u00e5det.<\/p>\n<div class=\"field-label\">\n<div class=\"field-label\"><strong>INGREDIENTS:<\/strong><\/div>\n<div class=\"field-items\">\n<div class=\"field-item even\">\n<p>Purified water (aqua), sodium laureth sulfate, cocamidopropyl betaine, sodium olivate, polyethylene homopolymers, glycerin, rosa rubginosa (rose hip) seed oil, chondrus crispus (seaweed) extract, xanthan gum, Phenoxyethanol, Ethylhexylglycerin, mentha piperita (peppermint) oil, CI42090.<\/p>\n<\/div>\n<\/div>\n<\/div>\n<\/div>\n<\/div>\n<\/div>\n<\/div>\n<\/div>\n","protected":false},"excerpt":{"rendered":"<p><strong>Storlek: 120 ml.<\/strong><\/p>\n","protected":false},"featured_media":10933,"comment_status":"closed","ping_status":"closed","template":"","meta":[],"product_cat":[387],"product_tag":[],"class_list":["post-11147","product","type-product","status-publish","has-post-thumbnail","hentry","product_cat-cleansers-foamers"],"acf":[],"_links":{"self":[{"href":"https:\/\/simoreno.se\/sv\/wp-json\/wp\/v2\/product\/11147","targetHints":{"allow":["GET"]}}],"collection":[{"href":"https:\/\/simoreno.se\/sv\/wp-json\/wp\/v2\/product"}],"about":[{"href":"https:\/\/simoreno.se\/sv\/wp-json\/wp\/v2\/types\/product"}],"replies":[{"embeddable":true,"href":"https:\/\/simoreno.se\/sv\/wp-json\/wp\/v2\/comments?post=11147"}],"version-history":[{"count":0,"href":"https:\/\/simoreno.se\/sv\/wp-json\/wp\/v2\/product\/11147\/revisions"}],"wp:featuredmedia":[{"embeddable":true,"href":"https:\/\/simoreno.se\/sv\/wp-json\/wp\/v2\/media\/10933"}],"wp:attachment":[{"href":"https:\/\/simoreno.se\/sv\/wp-json\/wp\/v2\/media?parent=11147"}],"wp:term":[{"taxonomy":"product_cat","embeddable":true,"href":"https:\/\/simoreno.se\/sv\/wp-json\/wp\/v2\/product_cat?post=11147"},{"taxonomy":"product_tag","embeddable":true,"href":"https:\/\/simoreno.se\/sv\/wp-json\/wp\/v2\/product_tag?post=11147"}],"curies":[{"name":"wp","href":"https:\/\/api.w.org\/{rel}","templated":true}]}}