{"id":11149,"date":"2021-09-17T12:58:49","date_gmt":"2021-11-22T11:16:15","guid":{"rendered":"https:\/\/simoreno.se\/product\/multiaktiv-dagkram\/"},"modified":"2022-01-20T21:35:54","modified_gmt":"2022-01-20T20:35:54","slug":"multi-active-day-cream","status":"publish","type":"product","link":"https:\/\/simoreno.se\/sv\/product\/multi-active-day-cream\/","title":{"rendered":"Multi-Active Day Cream"},"content":{"rendered":"<div class=\"field field-name-body field-type-text-with-summary field-label-above\">\n<div class=\"field-label\">\n<div class=\"field field-name-body field-type-text-with-summary field-label-above\">\n<div class=\"field-items\">\n<div class=\"field-item even\">\n<p>Multi Active Day Cream \u00e4r en Multi-Peptide Cream, tillf\u00f6r de innovativa egenskaperna hos Multi Peptide Serum med de intensiva fuktgivande f\u00f6rdelarna av Jojobaolja, Aprikosk\u00e4rnolja, ren skvalan och hyaluronsyra.<\/p>\n<ul>\n<li>Minskar uppkomsten av fina linjer och rynkor<\/li>\n<li>Mjukar upp tecken p\u00e5 \u00e5ldrande<\/li>\n<li>J\u00e4mnar ut hudens struktur<\/li>\n<\/ul>\n<\/div>\n<\/div>\n<\/div>\n<div class=\"field field-name-field-term-of-user field-type-text-long field-label-above\">\n<div class=\"field-label\"><strong>ANV\u00c4NDARVILLKOR:<\/strong><\/div>\n<div class=\"field-items\">\n<div class=\"field-item even\">\n<p>Applicera p\u00e5 ren hud p\u00e5 morgonen applicera p\u00e5 fingertopparna och massera in p\u00e5 ansikte och hals i cirkul\u00e4ra r\u00f6relser. Rekommenderas f\u00f6r anv\u00e4ndning p\u00e5 alla hudtyper. Det \u00e4r l\u00e4mpligt att applicera S\u00ec Moreno&#8217;s Sunscreen Lotion SPF 30 efter v\u00e5r Multi Active Day Cream.<\/p>\n<div class=\"field-label\">\n<div class=\"field-label\"><strong>INGREDIENTS:<\/strong><\/div>\n<div class=\"field-items\">\n<div class=\"field-item even\">\n<p>Purified Water (Aqua), Simmondsia Chinensis (Jojoba) Seed Oil, Prunus Armeniaca (Apricot) Kernel Oil, Squalane, Hyaluronic Acid, Laureth-7, C13-14 Isoparaffin, Polyacrylamide, Acetyl Hexapeptide-8, Pentapeptide-18, Dipeptide Diaminobutyroyl Benzyl amide Diacetate, Acetyl Octapeptide-3, Palmitoyl Tripeptide-1, Palmitoyl Tetra peptide -7, Phenoxyethanol, Ethylhexylglycerin.<\/p>\n<\/div>\n<\/div>\n<\/div>\n<\/div>\n<\/div>\n<\/div>\n<\/div>\n<\/div>\n","protected":false},"excerpt":{"rendered":"<p><strong>Storlek: 50 gr.<\/strong><\/p>\n","protected":false},"featured_media":10951,"comment_status":"closed","ping_status":"closed","template":"","meta":[],"product_cat":[402],"product_tag":[],"class_list":["post-11149","product","type-product","status-publish","has-post-thumbnail","hentry","product_cat-multi-active-age-control"],"acf":[],"_links":{"self":[{"href":"https:\/\/simoreno.se\/sv\/wp-json\/wp\/v2\/product\/11149","targetHints":{"allow":["GET"]}}],"collection":[{"href":"https:\/\/simoreno.se\/sv\/wp-json\/wp\/v2\/product"}],"about":[{"href":"https:\/\/simoreno.se\/sv\/wp-json\/wp\/v2\/types\/product"}],"replies":[{"embeddable":true,"href":"https:\/\/simoreno.se\/sv\/wp-json\/wp\/v2\/comments?post=11149"}],"version-history":[{"count":0,"href":"https:\/\/simoreno.se\/sv\/wp-json\/wp\/v2\/product\/11149\/revisions"}],"wp:featuredmedia":[{"embeddable":true,"href":"https:\/\/simoreno.se\/sv\/wp-json\/wp\/v2\/media\/10951"}],"wp:attachment":[{"href":"https:\/\/simoreno.se\/sv\/wp-json\/wp\/v2\/media?parent=11149"}],"wp:term":[{"taxonomy":"product_cat","embeddable":true,"href":"https:\/\/simoreno.se\/sv\/wp-json\/wp\/v2\/product_cat?post=11149"},{"taxonomy":"product_tag","embeddable":true,"href":"https:\/\/simoreno.se\/sv\/wp-json\/wp\/v2\/product_tag?post=11149"}],"curies":[{"name":"wp","href":"https:\/\/api.w.org\/{rel}","templated":true}]}}