{"id":11150,"date":"2021-09-17T13:16:22","date_gmt":"2021-11-22T11:16:15","guid":{"rendered":"https:\/\/simoreno.se\/product\/platina-alder-defier-mask\/"},"modified":"2022-03-04T12:56:06","modified_gmt":"2022-03-04T11:56:06","slug":"platinum-age-defier-mask","status":"publish","type":"product","link":"https:\/\/simoreno.se\/sv\/product\/platinum-age-defier-mask\/","title":{"rendered":"Platinum Age Defier Mask"},"content":{"rendered":"<div class=\"field field-name-body field-type-text-with-summary field-label-above\">\n<div class=\"field-label\">\n<div class=\"field field-name-body field-type-text-with-summary field-label-above\">\n<div class=\"field-items\">\n<div class=\"field-item even\">\n<p>En kraftfull mask som inneh\u00e5ller kliniskt bevisade peptider och aktiva f\u00f6ryngrande ingredienser f\u00f6r en frisk, yngre hud. S\u00ec Moreno Platinum Age Defier Mask hj\u00e4lper till att bek\u00e4mpa hudens \u00e5ldrande genom att skydda den fr\u00e5n fria radikaler och st\u00e4rka hudens immunf\u00f6rsvar. Regelbunden daglig anv\u00e4ndning har en kumulativ effekt p\u00e5 huden.<\/p>\n<ul>\n<li>F\u00f6rb\u00e4ttrar elasticitet, ton och textur<\/li>\n<li>Minskar och f\u00f6rebygger fina linjer<\/li>\n<\/ul>\n<\/div>\n<\/div>\n<\/div>\n<div class=\"field field-name-field-term-of-user field-type-text-long field-label-above\">\n<div class=\"field-label\"><strong>ANV\u00c4NDARVILLKOR:<\/strong><\/div>\n<div class=\"field-items\">\n<div class=\"field-item even\">\n<p>Applicera masken p\u00e5 alla ansiktsomr\u00e5den som ska behandlas. Blanda kanterna och v\u00e4nta 20 minuter innan du sk\u00f6ljer med varmt vatten. Undvik direktkontakt med \u00f6gonomr\u00e5det. Anv\u00e4nd tv\u00e5 g\u00e5nger i veckan.<\/p>\n<div class=\"field-label\">\n<div class=\"field-label\"><strong>INGREDIENTS:<\/strong><\/div>\n<div class=\"field-items\">\n<div class=\"field-item even\">\n<p>Purified Water (Aqua), Acetyl Hexapeptide-8, Palmitoyl Tripeptide-1, Palmitoyl Tetrapeptide-7, Psuedoalteromonas Ferment extract, Simmondsia Chinensis (jojoba) seed oil, Prunus Armeniaca (Apricot) Kernel oil, Hyaluronic acid, Laureth-7, C13-14 Isoparaffin, Co-Enzyme Q10, Aspalatus Linearis (red tea) extract, Squalane, Glycolipids, polyacrylate-13, Anthemus noblis (Chamomile) extract, Salvia officinalis (sage) extract, Citrus Aurantium flower (neroli) extract, Phenoxyethanol, Ethyhexylglycerin.<\/p>\n<\/div>\n<\/div>\n<\/div>\n<\/div>\n<\/div>\n<\/div>\n<\/div>\n<\/div>\n","protected":false},"excerpt":{"rendered":"<p><strong>Storlek: 90 ml.<\/strong><\/p>\n","protected":false},"featured_media":10959,"comment_status":"closed","ping_status":"closed","template":"","meta":[],"product_cat":[419],"product_tag":[],"class_list":["post-11150","product","type-product","status-publish","has-post-thumbnail","hentry","product_cat-platinum-age-defier"],"acf":[],"_links":{"self":[{"href":"https:\/\/simoreno.se\/sv\/wp-json\/wp\/v2\/product\/11150","targetHints":{"allow":["GET"]}}],"collection":[{"href":"https:\/\/simoreno.se\/sv\/wp-json\/wp\/v2\/product"}],"about":[{"href":"https:\/\/simoreno.se\/sv\/wp-json\/wp\/v2\/types\/product"}],"replies":[{"embeddable":true,"href":"https:\/\/simoreno.se\/sv\/wp-json\/wp\/v2\/comments?post=11150"}],"version-history":[{"count":0,"href":"https:\/\/simoreno.se\/sv\/wp-json\/wp\/v2\/product\/11150\/revisions"}],"wp:featuredmedia":[{"embeddable":true,"href":"https:\/\/simoreno.se\/sv\/wp-json\/wp\/v2\/media\/10959"}],"wp:attachment":[{"href":"https:\/\/simoreno.se\/sv\/wp-json\/wp\/v2\/media?parent=11150"}],"wp:term":[{"taxonomy":"product_cat","embeddable":true,"href":"https:\/\/simoreno.se\/sv\/wp-json\/wp\/v2\/product_cat?post=11150"},{"taxonomy":"product_tag","embeddable":true,"href":"https:\/\/simoreno.se\/sv\/wp-json\/wp\/v2\/product_tag?post=11150"}],"curies":[{"name":"wp","href":"https:\/\/api.w.org\/{rel}","templated":true}]}}