{"id":11152,"date":"2021-09-17T10:25:44","date_gmt":"2021-11-22T11:16:15","guid":{"rendered":"https:\/\/simoreno.se\/product\/sangria-lappstift\/"},"modified":"2022-01-29T13:49:41","modified_gmt":"2022-01-29T12:49:41","slug":"sangria-lipstick","status":"publish","type":"product","link":"https:\/\/simoreno.se\/sv\/product\/sangria-lipstick\/","title":{"rendered":"SANGRIA-Lipstick"},"content":{"rendered":"<div class=\"field field-name-body field-type-text-with-summary field-label-above\">\n<div class=\"field-label\">\n<div class=\"field field-name-body field-type-text-with-summary field-label-above\">\n<div class=\"field-items\">\n<div class=\"field-item even\">\n<div class=\"field-label\">\n<div class=\"field field-name-body field-type-text-with-summary field-label-above\">\n<div class=\"field-items\">\n<div class=\"field-item even\">\n<ul>\n<li>Rika f\u00e4rger med varma och svala toner<\/li>\n<li>Naturliga mineralkomponenter inkluderar iron oxides, mica och titanium dioxide<\/li>\n<li>Vitamin E tillf\u00f6r fukt och fungerar som en antioxidant<\/li>\n<li>Hj\u00e4lper till att regenerera och omstrukturera skadade och stressade l\u00e4ppv\u00e4vnader med druvk\u00e4rneolja<\/li>\n<li>Inneh\u00e5ller <strong>jojobaolja<\/strong> som hj\u00e4lper till att skydda l\u00e4pparna fr\u00e5n fuktf\u00f6rluster, <strong>Sheasm\u00f6r<\/strong> \u00e4r rikt p\u00e5 vitamin A, E och F som vitaliserar, fr\u00e4schar upp, h\u00e5ller l\u00e4pparna \u00e5terfuktade och i balans, och <strong>Avokadoolja<\/strong> \u00e4r rik p\u00e5 vitamin A, lecitin, kalium och klorofyll, vilket fr\u00e4mjar elasticitet och smidighet p\u00e5 dina l\u00e4pper.<\/li>\n<li>Blyfri formulering<\/li>\n<\/ul>\n<\/div>\n<\/div>\n<\/div>\n<div class=\"field field-name-field-term-of-user field-type-text-long field-label-above\">\n<div><\/div>\n<div class=\"field-label\"><strong>ANV\u00c4NDARVILLKOR:<\/strong><\/div>\n<div class=\"field-items\">\n<div class=\"field-item even\">\n<p>L\u00e5ngvariga fuktrika nyanser skapade med naturliga mineraler, oxider och pigment. Den kr\u00e4miga konsistensen ger en rik h\u00f6g glans medan frostade eller p\u00e4rlformade formuleringar tillf\u00f6r high fashion glamour.<\/p>\n<\/div>\n<\/div>\n<\/div>\n<\/div>\n<div class=\"field-items\">\n<div class=\"field-item even\">\n<div class=\"field-label\">\n<div class=\"field-label\"><strong>INGREDIENTS:<\/strong><\/div>\n<div class=\"field-items\">\n<div class=\"field-item even\">\n<p>Castor Oil, Caprylic\/Capric Triglyceride, Candelilla Wax, Lanolin, Cetyl Acetate, Liquid Paraffin, Ozokerite Wax, Acetylated Lanolin Alcohol, Beeswax, Carnauba Wax, Myristyl Lactate, Lanolin Alcohol, Tocopheryl Acetate, Grapeseed Oil, Jojoba Oil, Shea Butter, Avocado Oil, Phenoxyethanol.<\/p>\n<\/div>\n<\/div>\n<\/div>\n<\/div>\n<\/div>\n<\/div>\n<\/div>\n<\/div>\n<\/div>\n<\/div>\n","protected":false},"excerpt":{"rendered":"<p><strong>Storlek: 3 gr.<\/strong><\/p>\n","protected":false},"featured_media":10900,"comment_status":"closed","ping_status":"closed","template":"","meta":[],"product_cat":[424,423],"product_tag":[],"class_list":["post-11152","product","type-product","status-publish","has-post-thumbnail","hentry","product_cat-lips","product_cat-lipstick"],"acf":[],"_links":{"self":[{"href":"https:\/\/simoreno.se\/sv\/wp-json\/wp\/v2\/product\/11152","targetHints":{"allow":["GET"]}}],"collection":[{"href":"https:\/\/simoreno.se\/sv\/wp-json\/wp\/v2\/product"}],"about":[{"href":"https:\/\/simoreno.se\/sv\/wp-json\/wp\/v2\/types\/product"}],"replies":[{"embeddable":true,"href":"https:\/\/simoreno.se\/sv\/wp-json\/wp\/v2\/comments?post=11152"}],"version-history":[{"count":0,"href":"https:\/\/simoreno.se\/sv\/wp-json\/wp\/v2\/product\/11152\/revisions"}],"wp:featuredmedia":[{"embeddable":true,"href":"https:\/\/simoreno.se\/sv\/wp-json\/wp\/v2\/media\/10900"}],"wp:attachment":[{"href":"https:\/\/simoreno.se\/sv\/wp-json\/wp\/v2\/media?parent=11152"}],"wp:term":[{"taxonomy":"product_cat","embeddable":true,"href":"https:\/\/simoreno.se\/sv\/wp-json\/wp\/v2\/product_cat?post=11152"},{"taxonomy":"product_tag","embeddable":true,"href":"https:\/\/simoreno.se\/sv\/wp-json\/wp\/v2\/product_tag?post=11152"}],"curies":[{"name":"wp","href":"https:\/\/api.w.org\/{rel}","templated":true}]}}