{"id":11153,"date":"2021-09-17T14:04:10","date_gmt":"2021-11-22T11:16:15","guid":{"rendered":"https:\/\/simoreno.se\/product\/gasbindor\/"},"modified":"2022-01-22T19:17:58","modified_gmt":"2022-01-22T18:17:58","slug":"gauze-pads","status":"publish","type":"product","link":"https:\/\/simoreno.se\/sv\/product\/gauze-pads\/","title":{"rendered":"Gauze Pads"},"content":{"rendered":"<div class=\"field field-name-body field-type-text-with-summary field-label-above\">\n<div class=\"field-label\">De \u00e4r 100% bomull utan tillsatta syntetiska fibrer. Gazev\u00e4ven ger en semi-slipande textur f\u00f6r att hj\u00e4lpa till med exfolieringsmedel. Dessa gasbindor l\u00e5ter flytande produkter l\u00e4tt spridas, vilket g\u00f6r dem idealiska f\u00f6r applicering. De \u00e4r ocks\u00e5 utm\u00e4rkta medier att anv\u00e4nda med en peeling f\u00f6r att ge dig den d\u00e4r exfolieringsf\u00f6rdelen.<\/div>\n<div class=\"field-items\">\n<div class=\"field-item even\">\n<p><strong>F\u00f6rdelar:<\/strong><\/p>\n<ul>\n<li>H\u00f6gkvalitativ gasv\u00e4v.<\/li>\n<li>100% bomull utan syntetfibrer<\/li>\n<li>Slipande textur f\u00f6r att underl\u00e4tta exfoliering<\/li>\n<li>Hj\u00e4lp till att sprida flytande produkt j\u00e4mnt<\/li>\n<\/ul>\n<\/div>\n<\/div>\n<\/div>\n<div class=\"field field-name-field-term-of-user field-type-text-long field-label-above\">\n<div class=\"field-label\"><strong>ANV\u00c4NDARVILLKOR:<\/strong><\/div>\n<div class=\"field-items\">\n<div class=\"field-item even\">\n<p>F\u00f6rdela en gener\u00f6s m\u00e4ngd exfolierande produkt p\u00e5 gasbindorna och polera f\u00f6rsiktigt huden<\/p>\n<\/div>\n<\/div>\n<\/div>\n","protected":false},"excerpt":{"rendered":"<p>De \u00e4r 100% bomull utan tillsatta syntetiska fibrer. Gazev\u00e4ven ger en semi-slipande textur f\u00f6r att hj\u00e4lpa till med exfolieringsmedel. Dessa<\/p>\n","protected":false},"featured_media":10939,"comment_status":"closed","ping_status":"closed","template":"","meta":[],"product_cat":[422],"product_tag":[],"class_list":["post-11153","product","type-product","status-publish","has-post-thumbnail","hentry","product_cat-skin-care-applicators"],"acf":[],"_links":{"self":[{"href":"https:\/\/simoreno.se\/sv\/wp-json\/wp\/v2\/product\/11153","targetHints":{"allow":["GET"]}}],"collection":[{"href":"https:\/\/simoreno.se\/sv\/wp-json\/wp\/v2\/product"}],"about":[{"href":"https:\/\/simoreno.se\/sv\/wp-json\/wp\/v2\/types\/product"}],"replies":[{"embeddable":true,"href":"https:\/\/simoreno.se\/sv\/wp-json\/wp\/v2\/comments?post=11153"}],"version-history":[{"count":0,"href":"https:\/\/simoreno.se\/sv\/wp-json\/wp\/v2\/product\/11153\/revisions"}],"wp:featuredmedia":[{"embeddable":true,"href":"https:\/\/simoreno.se\/sv\/wp-json\/wp\/v2\/media\/10939"}],"wp:attachment":[{"href":"https:\/\/simoreno.se\/sv\/wp-json\/wp\/v2\/media?parent=11153"}],"wp:term":[{"taxonomy":"product_cat","embeddable":true,"href":"https:\/\/simoreno.se\/sv\/wp-json\/wp\/v2\/product_cat?post=11153"},{"taxonomy":"product_tag","embeddable":true,"href":"https:\/\/simoreno.se\/sv\/wp-json\/wp\/v2\/product_tag?post=11153"}],"curies":[{"name":"wp","href":"https:\/\/api.w.org\/{rel}","templated":true}]}}