{"id":11155,"date":"2021-09-17T12:56:29","date_gmt":"2021-11-22T11:16:16","guid":{"rendered":"https:\/\/simoreno.se\/product\/forlang-ungdom-syre-mask\/"},"modified":"2022-01-16T22:59:15","modified_gmt":"2022-01-16T21:59:15","slug":"prolong-youth-oxygen-mask","status":"publish","type":"product","link":"https:\/\/simoreno.se\/sv\/product\/prolong-youth-oxygen-mask\/","title":{"rendered":"Prolong Youth Oxygen Mask"},"content":{"rendered":"<div class=\"field field-name-body field-type-text-with-summary field-label-above\">\n<div class=\"field-label\">\n<div class=\"field field-name-body field-type-text-with-summary field-label-above\">\n<div class=\"field-items\">\n<div class=\"field-item even\">\n<p>S\u00ec Moreno Prolong Youth Oxygen Mask anv\u00e4nder de otroliga oxiderande f\u00f6rdelarna och hudrensande egenskaperna hos v\u00e4teperoxid i en lugnande och bekv\u00e4m mask. V\u00e4teperoxid sl\u00e4pper ut ett \u00f6verfl\u00f6d av syre direkt till huden, vilket hj\u00e4lper till att lyfta bort smuts fr\u00e5n djupt inuti porerna samtidigt som det f\u00f6rb\u00e4ttrar hudens andning och metaboliska process. Detta hj\u00e4lper till att ge huden ett yngre, friskare utseende. En enkel mask en g\u00e5ng i veckan kan resultera i radikal sk\u00f6nhet och hudf\u00f6rb\u00e4ttring.<\/p>\n<ul>\n<li>Ger en mycket tillfredsst\u00e4llande reng\u00f6ring<\/li>\n<li>Lyftar skonsamt upp smuts och \u00f6verfl\u00f6diga oljor<\/li>\n<li>Exponerar livfull ny hud<\/li>\n<li>Minskar uppkomsten av rynkor och fina linjer<\/li>\n<\/ul>\n<\/div>\n<\/div>\n<\/div>\n<div class=\"field field-name-field-term-of-user field-type-text-long field-label-above\">\n<div class=\"field-label\"><strong>ANV\u00c4NDARVILLKOR:<\/strong><\/div>\n<div class=\"field-items\">\n<div class=\"field-item even\">\n<p>Applicera ett tunt lager p\u00e5 ansikte och hals. Undvik \u00f6gonomr\u00e5det. Gnid in i cirkul\u00e4ra r\u00f6relser till ett tunt lager. L\u00e5t verka i 7 till 10 minuter medan du kopplar av. Sk\u00f6lj med varmt vatten. Torka med en handduk. Anv\u00e4nd tv\u00e5 g\u00e5nger i veckan.<\/p>\n<div class=\"field-label\">\n<div class=\"field-label\"><strong>INGREDIENTS:<\/strong><\/div>\n<div class=\"field-items\">\n<div class=\"field-item even\">\n<p>Purified Water (Aqua), Glycerin, Glyceryl polyacrylate, Hyaluronic Acid, Hydrogen peroxide, Phenoxyethanol, Ethylhexylglycerin.<\/p>\n<\/div>\n<\/div>\n<\/div>\n<\/div>\n<\/div>\n<\/div>\n<\/div>\n<\/div>\n","protected":false},"excerpt":{"rendered":"<p><strong>Storlek: 90 ml.<\/strong><\/p>\n","protected":false},"featured_media":10950,"comment_status":"open","ping_status":"closed","template":"","meta":[],"product_cat":[425],"product_tag":[],"class_list":["post-11155","product","type-product","status-publish","has-post-thumbnail","hentry","product_cat-prolong-youth"],"acf":[],"_links":{"self":[{"href":"https:\/\/simoreno.se\/sv\/wp-json\/wp\/v2\/product\/11155","targetHints":{"allow":["GET"]}}],"collection":[{"href":"https:\/\/simoreno.se\/sv\/wp-json\/wp\/v2\/product"}],"about":[{"href":"https:\/\/simoreno.se\/sv\/wp-json\/wp\/v2\/types\/product"}],"replies":[{"embeddable":true,"href":"https:\/\/simoreno.se\/sv\/wp-json\/wp\/v2\/comments?post=11155"}],"version-history":[{"count":0,"href":"https:\/\/simoreno.se\/sv\/wp-json\/wp\/v2\/product\/11155\/revisions"}],"wp:featuredmedia":[{"embeddable":true,"href":"https:\/\/simoreno.se\/sv\/wp-json\/wp\/v2\/media\/10950"}],"wp:attachment":[{"href":"https:\/\/simoreno.se\/sv\/wp-json\/wp\/v2\/media?parent=11155"}],"wp:term":[{"taxonomy":"product_cat","embeddable":true,"href":"https:\/\/simoreno.se\/sv\/wp-json\/wp\/v2\/product_cat?post=11155"},{"taxonomy":"product_tag","embeddable":true,"href":"https:\/\/simoreno.se\/sv\/wp-json\/wp\/v2\/product_tag?post=11155"}],"curies":[{"name":"wp","href":"https:\/\/api.w.org\/{rel}","templated":true}]}}