{"id":11157,"date":"2021-09-17T13:13:25","date_gmt":"2021-11-22T11:16:16","guid":{"rendered":"https:\/\/simoreno.se\/product\/platina-alder-defier-ogon-kontur-serum\/"},"modified":"2023-05-19T21:10:04","modified_gmt":"2023-05-19T19:10:04","slug":"platinum-age-defier-eye-contour-serum","status":"publish","type":"product","link":"https:\/\/simoreno.se\/sv\/product\/platinum-age-defier-eye-contour-serum\/","title":{"rendered":"Platinum Age Defier Eye Contour Serum"},"content":{"rendered":"<div class=\"field field-name-body field-type-text-with-summary field-label-above\">\n<div class=\"field-label\">\n<div class=\"field field-name-body field-type-text-with-summary field-label-above\">\n<div class=\"field-label\">\n<div class=\"field field-name-body field-type-text-with-summary field-label-above\">\n<div class=\"field-items\">\n<div class=\"field-item even\">\n<p>Att f\u00f6rb\u00e4ttra \u00f6gonomr\u00e5det, s\u00e4rskilt m\u00f6rka ringar och svullnad under \u00f6gonen, kan g\u00f6ra stor skillnad n\u00e4r det kommer till \u00e5ldersuppfattning. Denna mirakelkr\u00e4m anv\u00e4nder 3 fantastiska ingredienser &#8211; Chenopodium Quinoa Seed Extract, Caffeine and Butchers Broom Extract, som alla \u00e4r naturligt producerade ingredienser som samverkar f\u00f6r att dramatiskt f\u00f6rb\u00e4ttra utseendet p\u00e5 \u00f6gonomr\u00e5det, vilket ger dig ett mer ungdomligt och levande utseende.<\/p>\n<ul>\n<li>Minskar svullnad i \u00f6gonomr\u00e5det<\/li>\n<li>Hj\u00e4lper till att st\u00e4rka blodk\u00e4rlenv\u00e4ggarna i huden runt \u00f6gonomr\u00e5det<\/li>\n<li>Hj\u00e4lper till att f\u00f6rb\u00e4ttra mikrocirkulationen<\/li>\n<li>Hj\u00e4lper till att minska bildningen av r\u00f6da blodkroppar runt \u00f6gonomr\u00e5det<\/li>\n<\/ul>\n<\/div>\n<\/div>\n<\/div>\n<div class=\"field field-name-field-term-of-user field-type-text-long field-label-above\">\n<div class=\"field-label\"><strong>ANV\u00c4NDARVILLKOR:<\/strong><\/div>\n<div class=\"field-items\">\n<div class=\"field-item even\">\n<p>Ta bort allt smink och reng\u00f6r ansiktet noggrant. Applicera p\u00e5 ringfingret och knacka f\u00f6rsiktigt \u00f6ver hela \u00f6gonomr\u00e5det. Anv\u00e4nd morgon och kv\u00e4ll.<\/p>\n<div class=\"field-label\">\n<div class=\"field-label\"><strong>INGREDIENTS:<\/strong><\/div>\n<div class=\"field-items\">\n<div class=\"field-item even\">\n<p>Purified Water (Aqua), Paraffinum Liquidum, Cetearyl alcohol, Cyclopentasiloxane, Dimethicone, Caprylic\/ Capric triglyceride, isopropyl myristate, Carnitine, Caffeine, Ruscus Aculeatus Root extract, Butylene Glycol, Chenopodium Quinoa seed extract, Squalane, Hyaluronic acid, Polysorbate 60, Phenoxyethanol, Ethyhexylglycerin.<\/p>\n<\/div>\n<\/div>\n<\/div>\n<\/div>\n<\/div>\n<\/div>\n<\/div>\n<\/div>\n<\/div>\n<\/div>\n","protected":false},"excerpt":{"rendered":"<p><strong>Storlek: 15 ml.<\/strong><\/p>\n<div>\n<div id=\"cboxContent\"><\/div>\n<\/div>\n","protected":false},"featured_media":10958,"comment_status":"closed","ping_status":"closed","template":"","meta":[],"product_cat":[419],"product_tag":[],"class_list":["post-11157","product","type-product","status-publish","has-post-thumbnail","hentry","product_cat-platinum-age-defier"],"acf":[],"_links":{"self":[{"href":"https:\/\/simoreno.se\/sv\/wp-json\/wp\/v2\/product\/11157","targetHints":{"allow":["GET"]}}],"collection":[{"href":"https:\/\/simoreno.se\/sv\/wp-json\/wp\/v2\/product"}],"about":[{"href":"https:\/\/simoreno.se\/sv\/wp-json\/wp\/v2\/types\/product"}],"replies":[{"embeddable":true,"href":"https:\/\/simoreno.se\/sv\/wp-json\/wp\/v2\/comments?post=11157"}],"version-history":[{"count":0,"href":"https:\/\/simoreno.se\/sv\/wp-json\/wp\/v2\/product\/11157\/revisions"}],"wp:featuredmedia":[{"embeddable":true,"href":"https:\/\/simoreno.se\/sv\/wp-json\/wp\/v2\/media\/10958"}],"wp:attachment":[{"href":"https:\/\/simoreno.se\/sv\/wp-json\/wp\/v2\/media?parent=11157"}],"wp:term":[{"taxonomy":"product_cat","embeddable":true,"href":"https:\/\/simoreno.se\/sv\/wp-json\/wp\/v2\/product_cat?post=11157"},{"taxonomy":"product_tag","embeddable":true,"href":"https:\/\/simoreno.se\/sv\/wp-json\/wp\/v2\/product_tag?post=11157"}],"curies":[{"name":"wp","href":"https:\/\/api.w.org\/{rel}","templated":true}]}}