{"id":11163,"date":"2021-09-17T12:52:00","date_gmt":"2021-11-22T11:16:19","guid":{"rendered":"https:\/\/simoreno.se\/product\/forlang-ungdoms-dagkram\/"},"modified":"2022-01-16T22:48:32","modified_gmt":"2022-01-16T21:48:32","slug":"prolong-youth-day-cream","status":"publish","type":"product","link":"https:\/\/simoreno.se\/sv\/product\/prolong-youth-day-cream\/","title":{"rendered":"Prolong Youth Day Cream"},"content":{"rendered":"<div class=\"field field-name-body field-type-text-with-summary field-label-above\">\n<div class=\"field-label\">\n<div class=\"field field-name-body field-type-text-with-summary field-label-above\">\n<div class=\"field-items\">\n<div class=\"field-item even\">\n<p>Prolong Youth Day Cream formulerad med vetenskapligt bevisad Acetyl Hexapeptide-3; tillsammans med de intensiva fuktgivande f\u00f6rdelarna med jojobaolja; Aprikosk\u00e4rnolja; Skvalan och hyaluronsyra har visat sig minimera och mjukg\u00f6ra uppkomsten av fina linjer.<\/p>\n<ul>\n<li>\u00c5terfuktar huden<\/li>\n<li>Minskar uppkomsten av rynkor och fina linjer<\/li>\n<li>Minskar 17 % av rynkdjupet efter 15 dagars konsekvent anv\u00e4ndning<\/li>\n<li>Uppg\u00e5r till 32 % efter 28 dagar n\u00e4r hela intervallet anv\u00e4nds konsekvent<\/li>\n<\/ul>\n<\/div>\n<\/div>\n<\/div>\n<div class=\"field field-name-field-term-of-user field-type-text-long field-label-above\">\n<div class=\"field-label\"><strong>ANV\u00c4NDARVILLKOR:<\/strong><\/div>\n<div class=\"field-items\">\n<div class=\"field-item even\">\n<p>Applicera p\u00e5 ren hud p\u00e5 morgonen applicera p\u00e5 fingertopparna och massera in p\u00e5 ansikte och hals i cirkul\u00e4ra r\u00f6relser. passar alla hudtyper. Det \u00e4r l\u00e4mpligt att applicera S\u00ec Moreno&#8217;s Sunscreen Lotion SPF 30 efter v\u00e5r Prolong Youth Day Cream.<\/p>\n<\/div>\n<\/div>\n<\/div>\n<\/div>\n<div class=\"field-items\">\n<div class=\"field-item even\">\n<div class=\"field-label\"><strong>INGREDIENTS:<\/strong><\/div>\n<div class=\"field-items\">\n<div class=\"field-item even\">\n<p>Purified Water (Aqua), Simmondsia Chinensis (Jojoba) Seed Oil, Prunus Armeniaca (Apricot) Kernel Oil, Acetyl Hexapeptide-8, Squalane, Hyaluronic Acid, Laureth-7, C13-14 Isoparaffin, Polyacrylamide, Phenoxyethanol, Ethylhexylglycerin.<\/p>\n<\/div>\n<\/div>\n<\/div>\n<\/div>\n<\/div>\n","protected":false},"excerpt":{"rendered":"<p><strong>Storlek: 50 ml.<\/strong><\/p>\n","protected":false},"featured_media":10947,"comment_status":"closed","ping_status":"closed","template":"","meta":[],"product_cat":[425],"product_tag":[],"class_list":["post-11163","product","type-product","status-publish","has-post-thumbnail","hentry","product_cat-prolong-youth"],"acf":[],"_links":{"self":[{"href":"https:\/\/simoreno.se\/sv\/wp-json\/wp\/v2\/product\/11163","targetHints":{"allow":["GET"]}}],"collection":[{"href":"https:\/\/simoreno.se\/sv\/wp-json\/wp\/v2\/product"}],"about":[{"href":"https:\/\/simoreno.se\/sv\/wp-json\/wp\/v2\/types\/product"}],"replies":[{"embeddable":true,"href":"https:\/\/simoreno.se\/sv\/wp-json\/wp\/v2\/comments?post=11163"}],"version-history":[{"count":0,"href":"https:\/\/simoreno.se\/sv\/wp-json\/wp\/v2\/product\/11163\/revisions"}],"wp:featuredmedia":[{"embeddable":true,"href":"https:\/\/simoreno.se\/sv\/wp-json\/wp\/v2\/media\/10947"}],"wp:attachment":[{"href":"https:\/\/simoreno.se\/sv\/wp-json\/wp\/v2\/media?parent=11163"}],"wp:term":[{"taxonomy":"product_cat","embeddable":true,"href":"https:\/\/simoreno.se\/sv\/wp-json\/wp\/v2\/product_cat?post=11163"},{"taxonomy":"product_tag","embeddable":true,"href":"https:\/\/simoreno.se\/sv\/wp-json\/wp\/v2\/product_tag?post=11163"}],"curies":[{"name":"wp","href":"https:\/\/api.w.org\/{rel}","templated":true}]}}