{"id":11169,"date":"2021-09-17T12:37:22","date_gmt":"2021-11-22T11:16:21","guid":{"rendered":"https:\/\/simoreno.se\/product\/parlmask\/"},"modified":"2022-01-24T10:15:46","modified_gmt":"2022-01-24T09:15:46","slug":"pearl-mask","status":"publish","type":"product","link":"https:\/\/simoreno.se\/sv\/product\/pearl-mask\/","title":{"rendered":"Pearl Mask"},"content":{"rendered":"<div class=\"field field-name-body field-type-text-with-summary field-label-above\">\n<div class=\"field-label\">\n<div class=\"field field-name-body field-type-text-with-summary field-label-above\">\n<div class=\"field-items\">\n<div class=\"field-item even\">\n<p>J\u00e4mna ut hudtonen med denna utm\u00e4rkta icke-hydrokinonformulering &#8211; en sofistikerad blandning av avancerade tyrosinash\u00e4mmare och ljusare. Regelbunden behandling med Lightening Mask och daglig anv\u00e4ndning av pigmentblekare kombinerat med disciplinen daglig Broad Spectrum Sunblock kommer att resultera i maximal minskning av hyperpigmentering.<\/p>\n<ul>\n<li>L\u00e4ttar upp pigmentering och j\u00e4mnar ut hudtonen<\/li>\n<li>Rik med skyddande antioxidanter<\/li>\n<\/ul>\n<\/div>\n<\/div>\n<\/div>\n<div class=\"field field-name-field-term-of-user field-type-text-long field-label-above\">\n<div class=\"field-label\"><strong>ANV\u00c4NDARVILLKOR:<\/strong><\/div>\n<div class=\"field-items\">\n<div class=\"field-item even\">\n<p>Applicera masken direkt p\u00e5 ansiktsomr\u00e5den som behandlas. Blanda kanterna. V\u00e4nta tjugo minuter innan du sk\u00f6ljer med rumstempererat vatten. Undvik direkt \u00f6gonkontakt. Rekommenderas f\u00f6r anv\u00e4ndning p\u00e5 alla depigmenterade hudtyper. Anv\u00e4nd tv\u00e5 g\u00e5nger i veckan.<\/p>\n<div class=\"field-label\"><strong>INGREDIENTS:<\/strong><\/div>\n<div class=\"field-items\">\n<div class=\"field-item even\">\n<p>Purified Water (Aqua), Simmondsia Chinensis (Jojoba) Seed Oil, Prunus Armeniaca (Apricot) Kernel Oil, Squalane, Hyaluronic Acid, Alpha Arbutin, Laureth-7, C13-14 Isoparaffin, Polyacrylamide, Phenoxyethanol, Ethylhexylglycerin.<\/p>\n<\/div>\n<\/div>\n<\/div>\n<\/div>\n<\/div>\n<\/div>\n<\/div>\n","protected":false},"excerpt":{"rendered":"<p><strong>Storlek: 50 ml.<\/strong><\/p>\n","protected":false},"featured_media":10942,"comment_status":"closed","ping_status":"closed","template":"","meta":[],"product_cat":[431],"product_tag":[],"class_list":["post-11169","product","type-product","status-publish","has-post-thumbnail","hentry","product_cat-pigment-correction"],"acf":[],"_links":{"self":[{"href":"https:\/\/simoreno.se\/sv\/wp-json\/wp\/v2\/product\/11169","targetHints":{"allow":["GET"]}}],"collection":[{"href":"https:\/\/simoreno.se\/sv\/wp-json\/wp\/v2\/product"}],"about":[{"href":"https:\/\/simoreno.se\/sv\/wp-json\/wp\/v2\/types\/product"}],"replies":[{"embeddable":true,"href":"https:\/\/simoreno.se\/sv\/wp-json\/wp\/v2\/comments?post=11169"}],"version-history":[{"count":0,"href":"https:\/\/simoreno.se\/sv\/wp-json\/wp\/v2\/product\/11169\/revisions"}],"wp:featuredmedia":[{"embeddable":true,"href":"https:\/\/simoreno.se\/sv\/wp-json\/wp\/v2\/media\/10942"}],"wp:attachment":[{"href":"https:\/\/simoreno.se\/sv\/wp-json\/wp\/v2\/media?parent=11169"}],"wp:term":[{"taxonomy":"product_cat","embeddable":true,"href":"https:\/\/simoreno.se\/sv\/wp-json\/wp\/v2\/product_cat?post=11169"},{"taxonomy":"product_tag","embeddable":true,"href":"https:\/\/simoreno.se\/sv\/wp-json\/wp\/v2\/product_tag?post=11169"}],"curies":[{"name":"wp","href":"https:\/\/api.w.org\/{rel}","templated":true}]}}