{"id":11170,"date":"2021-09-17T10:48:39","date_gmt":"2021-11-22T11:16:22","guid":{"rendered":"https:\/\/simoreno.se\/product\/co-enzym-q10-toner\/"},"modified":"2022-01-16T14:33:42","modified_gmt":"2022-01-16T13:33:42","slug":"co-enzym-q10-toner","status":"publish","type":"product","link":"https:\/\/simoreno.se\/sv\/product\/co-enzym-q10-toner\/","title":{"rendered":"CO Enzyme Q10 Toner"},"content":{"rendered":"<div class=\"field field-name-body field-type-text-with-summary field-label-above\">\n<div class=\"field-label\">\n<div class=\"field field-name-body field-type-text-with-summary field-label-above\">\n<div class=\"field-items\">\n<div class=\"field-item even\">\n<p>CoQ10 \u00e4r avg\u00f6rande f\u00f6r hudens h\u00e4lsa. Speciellt framtagen med n\u00e4rande blandning av naturliga botaniska extrakt, Aloe Vera och Hyaluronsyra. CoQ10 Toner \u00e4r en hudtonande dynamo som levererar cellupplivande CoQ10-koenzymer djupt in i cellerna med kraftfullt antioxidantskydd och hj\u00e4lper till att ge en naturlig och lugn pH-balans f\u00f6r huden.,<\/p>\n<ul>\n<li>Balanserar naturliga pH-niv\u00e5er<\/li>\n<li>F\u00f6rb\u00e4ttrar h\u00e4lsan och hudens utseende<\/li>\n<li>\u00c5terfuktar huden<\/li>\n<li>F\u00f6r alla hudtyper<\/li>\n<\/ul>\n<\/div>\n<\/div>\n<\/div>\n<div class=\"field field-name-field-term-of-user field-type-text-long field-label-above\">\n<div class=\"field-label\"><strong>ANV\u00c4NDARVILLKOR:<\/strong><\/div>\n<div class=\"field-items\">\n<div class=\"field-item even\">\n<p>Efter reng\u00f6ring, m\u00e4tta en bomullsrondell med Moreno&#8217;s Co Enzyme Q10 Toner. Applicera p\u00e5 ansiktet i en cirkul\u00e4r r\u00f6relse morgon och kv\u00e4ll. Undvik omr\u00e5det kring \u00f6gonen. Rekommenderas f\u00f6r alla hudtyper. F\u00f6r b\u00e4sta resultat. Applicera sedan en fuktkr\u00e4m.<\/p>\n<\/div>\n<\/div>\n<\/div>\n<\/div>\n<div class=\"field-items\">\n<div class=\"field-item even\">\n<div class=\"field-label\">\n<div class=\"field-label\"><strong>INGREDIENTS:<\/strong><\/div>\n<div class=\"field-items\">\n<div class=\"field-item even\">\n<p>Purified Water (Aqua), Aloe Barbadensis Leaf Extract, Ubiquinone (Coenzyme Q-10), Hyaluronic Acid, Anthemis Nobilis (Chamomile) Extract, Salvia Officinalis (Sage) Extract, Carica Papaya Fruit (Papaya) Extract, Cucumis Sativus (Cucumber) Extract, Citrus Aurantium (Orange) Flower Extract, Phenoxyethanol, Ethylhexylglycerin.<\/p>\n<\/div>\n<\/div>\n<\/div>\n<\/div>\n<\/div>\n<\/div>\n","protected":false},"excerpt":{"rendered":"<p><strong>Storlek: 120 ml.<\/strong><\/p>\n","protected":false},"featured_media":10935,"comment_status":"closed","ping_status":"closed","template":"","meta":[],"product_cat":[432],"product_tag":[],"class_list":["post-11170","product","type-product","status-publish","has-post-thumbnail","hentry","product_cat-toners"],"acf":[],"_links":{"self":[{"href":"https:\/\/simoreno.se\/sv\/wp-json\/wp\/v2\/product\/11170","targetHints":{"allow":["GET"]}}],"collection":[{"href":"https:\/\/simoreno.se\/sv\/wp-json\/wp\/v2\/product"}],"about":[{"href":"https:\/\/simoreno.se\/sv\/wp-json\/wp\/v2\/types\/product"}],"replies":[{"embeddable":true,"href":"https:\/\/simoreno.se\/sv\/wp-json\/wp\/v2\/comments?post=11170"}],"version-history":[{"count":0,"href":"https:\/\/simoreno.se\/sv\/wp-json\/wp\/v2\/product\/11170\/revisions"}],"wp:featuredmedia":[{"embeddable":true,"href":"https:\/\/simoreno.se\/sv\/wp-json\/wp\/v2\/media\/10935"}],"wp:attachment":[{"href":"https:\/\/simoreno.se\/sv\/wp-json\/wp\/v2\/media?parent=11170"}],"wp:term":[{"taxonomy":"product_cat","embeddable":true,"href":"https:\/\/simoreno.se\/sv\/wp-json\/wp\/v2\/product_cat?post=11170"},{"taxonomy":"product_tag","embeddable":true,"href":"https:\/\/simoreno.se\/sv\/wp-json\/wp\/v2\/product_tag?post=11170"}],"curies":[{"name":"wp","href":"https:\/\/api.w.org\/{rel}","templated":true}]}}