{"id":11171,"date":"2021-09-17T12:53:01","date_gmt":"2021-11-22T11:16:22","guid":{"rendered":"https:\/\/simoreno.se\/product\/forlanga-ungdomsnatt-serum\/"},"modified":"2022-01-29T13:45:11","modified_gmt":"2022-01-29T12:45:11","slug":"prolong-youth-night-serum","status":"publish","type":"product","link":"https:\/\/simoreno.se\/sv\/product\/prolong-youth-night-serum\/","title":{"rendered":"Prolong Youth Night Serum"},"content":{"rendered":"<div class=\"field field-name-body field-type-text-with-summary field-label-above\">\n<div class=\"field-label\">\n<div class=\"field field-name-body field-type-text-with-summary field-label-above\">\n<div class=\"field-items\">\n<div class=\"field-item even\">\n<p>Uttryckslinjer kan ge karakt\u00e4r, men de bidrar ocks\u00e5 till \u00e5lderns utseende. S\u00ec Moreno Prolong Youth Night Serum \u00e4r en otrolig formula som minimerar utseendet p\u00e5 uttryckslinjer. Genom att anv\u00e4nda tv\u00e5 kraftfulla peptid ingredienser i en n\u00e4rande bas av Seaweed Extract,\u00a0hj\u00e4lper denna kraftfulla formel framg\u00e5ngsrikt till att minska uppkomsten av fina linjer.<\/p>\n<ul>\n<li>Hj\u00e4lper till att minska utseendet p\u00e5 uttryckslinjer<\/li>\n<li>J\u00e4mnar ut hud och ansiktsdrag<\/li>\n<li>\u00c5terfuktar och skyddar<\/li>\n<\/ul>\n<\/div>\n<\/div>\n<\/div>\n<div class=\"field field-name-field-term-of-user field-type-text-long field-label-above\">\n<div class=\"field-label\"><strong>ANV\u00c4NDARVILLKOR:<\/strong><\/div>\n<div class=\"field-items\">\n<div class=\"field-item even\">\n<p>Applicera p\u00e5 ren hud. Anv\u00e4nd gener\u00f6st p\u00e5 omr\u00e5den d\u00e4r r\u00e4nder b\u00f6rjar synas. Kan anv\u00e4ndas i hela ansiktet om det beh\u00f6vs.<\/p>\n<div class=\"field-label\"><strong>INGREDIENTS:<\/strong><\/div>\n<div class=\"field-items\">\n<div class=\"field-item even\">\n<p>Chondrus Crispus (Seaweed) Extract, Purified Water (Aqua), Hyaluronic Acid, Acetyl hexapeptide-8, Acetyl hexapeptide-30, Arginine, Phenoxyethanol, Ethylhexylglycerin.<\/p>\n<\/div>\n<\/div>\n<\/div>\n<\/div>\n<\/div>\n<\/div>\n<\/div>\n","protected":false},"excerpt":{"rendered":"<p><strong>Storlek: 30 ml.<\/strong><\/p>\n","protected":false},"featured_media":10948,"comment_status":"open","ping_status":"closed","template":"","meta":[],"product_cat":[425],"product_tag":[],"class_list":["post-11171","product","type-product","status-publish","has-post-thumbnail","hentry","product_cat-prolong-youth"],"acf":[],"_links":{"self":[{"href":"https:\/\/simoreno.se\/sv\/wp-json\/wp\/v2\/product\/11171","targetHints":{"allow":["GET"]}}],"collection":[{"href":"https:\/\/simoreno.se\/sv\/wp-json\/wp\/v2\/product"}],"about":[{"href":"https:\/\/simoreno.se\/sv\/wp-json\/wp\/v2\/types\/product"}],"replies":[{"embeddable":true,"href":"https:\/\/simoreno.se\/sv\/wp-json\/wp\/v2\/comments?post=11171"}],"version-history":[{"count":0,"href":"https:\/\/simoreno.se\/sv\/wp-json\/wp\/v2\/product\/11171\/revisions"}],"wp:featuredmedia":[{"embeddable":true,"href":"https:\/\/simoreno.se\/sv\/wp-json\/wp\/v2\/media\/10948"}],"wp:attachment":[{"href":"https:\/\/simoreno.se\/sv\/wp-json\/wp\/v2\/media?parent=11171"}],"wp:term":[{"taxonomy":"product_cat","embeddable":true,"href":"https:\/\/simoreno.se\/sv\/wp-json\/wp\/v2\/product_cat?post=11171"},{"taxonomy":"product_tag","embeddable":true,"href":"https:\/\/simoreno.se\/sv\/wp-json\/wp\/v2\/product_tag?post=11171"}],"curies":[{"name":"wp","href":"https:\/\/api.w.org\/{rel}","templated":true}]}}