{"id":11173,"date":"2021-09-17T12:48:42","date_gmt":"2021-11-22T11:16:23","guid":{"rendered":"https:\/\/simoreno.se\/product\/junior-fuktkram-spf30\/"},"modified":"2022-01-24T10:17:59","modified_gmt":"2022-01-24T09:17:59","slug":"junior-moisture-cream-spf30","status":"publish","type":"product","link":"https:\/\/simoreno.se\/sv\/product\/junior-moisture-cream-spf30\/","title":{"rendered":"Junior Moisture Cream SPF30"},"content":{"rendered":"<div class=\"field field-name-body field-type-text-with-summary field-label-above\">\n<div class=\"field-label\">\n<div class=\"field field-name-body field-type-text-with-summary field-label-above\">\n<div class=\"field-items\">\n<div class=\"field-item even\">\n<p>Junior Moisture Cream SPF30 ger en daglig dos av v\u00e4lbeh\u00f6vlig hudfuktning med en SPF30 SUN CARE-bonus. Dess mjukg\u00f6rande ingredienser av h\u00f6g kvalitet ger exceptionella \u00e5terfuktningsf\u00f6rdelar medan Octyl Methoxycinnamate och zinkoxid hj\u00e4lper till att sl\u00e5 tillbaka solen.<\/p>\n<ul>\n<li>\u00c5terfuktar med naturliga ingredienser, som l\u00e5ser in fukt under solen<\/li>\n<li>Hj\u00e4lper till att f\u00f6rhindra solbr\u00e4nna<\/li>\n<li>Lugnar huden<\/li>\n<\/ul>\n<\/div>\n<\/div>\n<\/div>\n<div class=\"field field-name-field-term-of-user field-type-text-long field-label-above\">\n<div class=\"field-label\"><strong>ANV\u00c4NDARVILLKOR:<\/strong><\/div>\n<div class=\"field-items\">\n<div class=\"field-item even\">\n<p>Passar till all hud som uts\u00e4tts f\u00f6r solen. Applicera rikligt och j\u00e4mnt 15 minuter f\u00f6re solexponering. Applicera igen minst varannan timme. Anv\u00e4nd ett vattent\u00e5ligt solskydd om du simmar eller svettas. Fr\u00e5ga l\u00e4kare f\u00f6r barn under 6 m\u00e5nader.<\/p>\n<div class=\"field-label\"><strong>INGREDIENTS:<\/strong><\/div>\n<div class=\"field field-name-body field-type-text-with-summary field-label-above\">\n<div class=\"field-label\">\n<div class=\"field field-name-field-term-of-user field-type-text-long field-label-above\">\n<div class=\"field-items\">\n<div class=\"field-item even\">\n<div class=\"field-items\">\n<div class=\"field-item even\">\n<p>Deionized Water (Aqua), Stearyl Alcohol, Glycerin, Glyceryl Stearate, PEG-100 Stearate, Glyceryl Dilaurate, Cetearyl Alcohol, Beeswax, Dimethicone, Cyclomethicone, Diisopropyl Adipate, Hexylene Glycol, PEG-40 Stearate, C12-15 Alkyl Benzoate, Aluminum Starch Octenylsuccinate, PEG-20, Carnauba Wax, Dimethicone Copolyol, PVP\/Eicosene Copolymer, Sorbitan Tristearate, Stearoxytrimethylsilane, Steareth-100, Laureth-7, C13-14 Isoparaffin, Phenoxyethanol, Ethyhexylglycerin, Polyacrylamide.<\/p>\n<\/div>\n<\/div>\n<\/div>\n<\/div>\n<\/div>\n<\/div>\n<\/div>\n<\/div>\n<\/div>\n<\/div>\n<\/div>\n<\/div>\n","protected":false},"excerpt":{"rendered":"<div class=\"field-label\"><strong>Storlek: 30 ml.<\/strong><\/div>\n","protected":false},"featured_media":10681,"comment_status":"closed","ping_status":"closed","template":"","meta":[],"product_cat":[434],"product_tag":[],"class_list":["post-11173","product","type-product","status-publish","has-post-thumbnail","hentry","product_cat-junior"],"acf":[],"_links":{"self":[{"href":"https:\/\/simoreno.se\/sv\/wp-json\/wp\/v2\/product\/11173","targetHints":{"allow":["GET"]}}],"collection":[{"href":"https:\/\/simoreno.se\/sv\/wp-json\/wp\/v2\/product"}],"about":[{"href":"https:\/\/simoreno.se\/sv\/wp-json\/wp\/v2\/types\/product"}],"replies":[{"embeddable":true,"href":"https:\/\/simoreno.se\/sv\/wp-json\/wp\/v2\/comments?post=11173"}],"version-history":[{"count":0,"href":"https:\/\/simoreno.se\/sv\/wp-json\/wp\/v2\/product\/11173\/revisions"}],"wp:featuredmedia":[{"embeddable":true,"href":"https:\/\/simoreno.se\/sv\/wp-json\/wp\/v2\/media\/10681"}],"wp:attachment":[{"href":"https:\/\/simoreno.se\/sv\/wp-json\/wp\/v2\/media?parent=11173"}],"wp:term":[{"taxonomy":"product_cat","embeddable":true,"href":"https:\/\/simoreno.se\/sv\/wp-json\/wp\/v2\/product_cat?post=11173"},{"taxonomy":"product_tag","embeddable":true,"href":"https:\/\/simoreno.se\/sv\/wp-json\/wp\/v2\/product_tag?post=11173"}],"curies":[{"name":"wp","href":"https:\/\/api.w.org\/{rel}","templated":true}]}}