{"id":11175,"date":"2021-09-17T10:41:02","date_gmt":"2021-11-22T11:16:23","guid":{"rendered":"https:\/\/simoreno.se\/product\/mjolksyra-exfoliator\/"},"modified":"2022-01-29T13:34:11","modified_gmt":"2022-01-29T12:34:11","slug":"lactic-acid-exfoliator","status":"publish","type":"product","link":"https:\/\/simoreno.se\/sv\/product\/lactic-acid-exfoliator\/","title":{"rendered":"Lactic Acid Exfoliator"},"content":{"rendered":"<div class=\"field field-name-body field-type-text-with-summary field-label-above\">\n<div class=\"field-label\">\n<div class=\"field field-name-body field-type-text-with-summary field-label-above\">\n<div class=\"field-items\">\n<div class=\"field-item even\">\n<p>Fungerar inte bara f\u00f6r att exfoliera huden, utan hj\u00e4lper till att reng\u00f6ra smutsiga hudporer, mjuka upp huden. Mj\u00f6lksyra \u00e4r en effektiv alfa-hydroxisyra och mycket bra p\u00e5 att exfoliera och mjukg\u00f6ra \u00f6verhuden.<\/p>\n<ul>\n<li>Hj\u00e4lper till att reng\u00f6ra hudens porer<\/li>\n<li>Exfolierar epidermala hudceller<\/li>\n<li>Fr\u00e4schar upp och f\u00f6rnyar hudens yta<\/li>\n<li>Hj\u00e4lper till att mjuka upp huden<\/li>\n<li>F\u00f6r k\u00e4nsliga och uttorkade hudtyper<\/li>\n<\/ul>\n<\/div>\n<\/div>\n<\/div>\n<div class=\"field field-name-field-term-of-user field-type-text-long field-label-above\">\n<div class=\"field-label\"><strong>ANV\u00c4NDARVILLKOR:<\/strong><\/div>\n<div class=\"field-items\">\n<div class=\"field-item even\">\n<ul>\n<li>Dispensera en liten m\u00e4ngd Lactic Acid Exfoliator till en S\u00ec Moreno gauze pad och sl\u00e4ta ut \u00f6ver hela ansiktet och halsen.<\/li>\n<li>L\u00e5t verka i en till tre minuter, s\u00e5 l\u00e4nge det g\u00e5r. Sk\u00f6lj med kallt vatten tills det neutraliseras.<\/li>\n<li>F\u00f6lj med en fuktkr\u00e4m f\u00f6r att fylla p\u00e5 med fukt. Anv\u00e4nd p\u00e5 kv\u00e4llen s\u00e5 ofta som det g\u00e5r. Rekommenderas f\u00f6r anv\u00e4ndning p\u00e5 torr och k\u00e4nslig hud.<\/li>\n<\/ul>\n<\/div>\n<\/div>\n<\/div>\n<\/div>\n<div class=\"field-items\">\n<div class=\"field-item even\">\n<div class=\"field-label\">\n<div class=\"field-label\"><strong>INGREDIENTS:<\/strong><\/div>\n<div class=\"field-items\">\n<div class=\"field-item even\">\n<p>Purified water (aqua), lactic acid, xanthan gum.<\/p>\n<\/div>\n<\/div>\n<\/div>\n<\/div>\n<\/div>\n<\/div>\n","protected":false},"excerpt":{"rendered":"<p><strong>Storlek: 60 ml.<\/strong><\/p>\n","protected":false},"featured_media":10938,"comment_status":"closed","ping_status":"closed","template":"","meta":[],"product_cat":[433],"product_tag":[],"class_list":["post-11175","product","type-product","status-publish","has-post-thumbnail","hentry","product_cat-exfoliators"],"acf":[],"_links":{"self":[{"href":"https:\/\/simoreno.se\/sv\/wp-json\/wp\/v2\/product\/11175","targetHints":{"allow":["GET"]}}],"collection":[{"href":"https:\/\/simoreno.se\/sv\/wp-json\/wp\/v2\/product"}],"about":[{"href":"https:\/\/simoreno.se\/sv\/wp-json\/wp\/v2\/types\/product"}],"replies":[{"embeddable":true,"href":"https:\/\/simoreno.se\/sv\/wp-json\/wp\/v2\/comments?post=11175"}],"version-history":[{"count":0,"href":"https:\/\/simoreno.se\/sv\/wp-json\/wp\/v2\/product\/11175\/revisions"}],"wp:featuredmedia":[{"embeddable":true,"href":"https:\/\/simoreno.se\/sv\/wp-json\/wp\/v2\/media\/10938"}],"wp:attachment":[{"href":"https:\/\/simoreno.se\/sv\/wp-json\/wp\/v2\/media?parent=11175"}],"wp:term":[{"taxonomy":"product_cat","embeddable":true,"href":"https:\/\/simoreno.se\/sv\/wp-json\/wp\/v2\/product_cat?post=11175"},{"taxonomy":"product_tag","embeddable":true,"href":"https:\/\/simoreno.se\/sv\/wp-json\/wp\/v2\/product_tag?post=11175"}],"curies":[{"name":"wp","href":"https:\/\/api.w.org\/{rel}","templated":true}]}}