{"id":11176,"date":"2021-09-17T05:11:50","date_gmt":"2021-11-22T11:16:24","guid":{"rendered":"https:\/\/simoreno.se\/product\/fuego-tra-lapp-penna\/"},"modified":"2022-04-30T16:52:10","modified_gmt":"2022-04-30T14:52:10","slug":"fuego-wood-lip-pencil","status":"publish","type":"product","link":"https:\/\/simoreno.se\/sv\/product\/fuego-wood-lip-pencil\/","title":{"rendered":"FUEGO-WOOD Lip Pencil"},"content":{"rendered":"<div class=\"field field-name-body field-type-text-with-summary field-label-above\">\n<div class=\"field-label\">\n<div class=\"field field-name-body field-type-text-with-summary field-label-above\">\n<div class=\"field-label\">\n<div class=\"field field-name-body field-type-text-with-summary field-label-above\">\n<div class=\"field-items\">\n<div class=\"field-item even\">\n<div class=\"field-label\">\n<div class=\"field field-name-body field-type-text-with-summary field-label-above\">\n<div class=\"field-items\">\n<div class=\"field-item even\">\n<div class=\"field field-name-body field-type-text-with-summary field-label-above\">\n<div class=\"field-items\">\n<div class=\"field-item even\">\n<ul>\n<li>H\u00f6gkvalitativa l\u00e4ppenna.<\/li>\n<li>kompletterar l\u00e4ppstift linjen.<\/li>\n<li>Definierar den naturliga l\u00e4pplinjen.<\/li>\n<li>Utm\u00e4rkt f\u00f6r att korrigera oj\u00e4mnheter i l\u00e4pparna.<\/li>\n<li>Kan anv\u00e4ndas \u00f6ver hela l\u00e4pparna.<\/li>\n<\/ul>\n<p>&nbsp;<\/p>\n<\/div>\n<\/div>\n<\/div>\n<div class=\"field field-name-field-term-of-user field-type-text-long field-label-above\">\n<div class=\"field-label\"><strong>ANV\u00c4NDARVILLKOR:<\/strong><\/div>\n<div class=\"field-items\">\n<div class=\"field-item even\">\n<p>H\u00f6gkvalitativa l\u00e4pppennor med ett brett urval av f\u00e4rger, som anv\u00e4nds f\u00f6r att definiera l\u00e4pplinjen eller f\u00f6r att komplettera ett l\u00e4ppstift.<\/p>\n<p>F\u00f6r f\u00e4rg som h\u00e5ller l\u00e4nge, definiera l\u00e4pparna och applicera sedan pennan p\u00e5 hela l\u00e4ppomr\u00e5det.<\/p>\n<p>Avsluta med ett l\u00e4ppstift eller l\u00e4ppglans. En kombination av tv\u00e5 samordnande l\u00e4ppennas nyanser kan anv\u00e4ndas.<\/p>\n<p>TIPS: F\u00f6r smala l\u00e4ppar, applicera en penna n\u00e5got m\u00f6rkare \u00e4n l\u00e4ppstiftsf\u00e4rgen precis utanf\u00f6r den naturliga l\u00e4pplinjen. Om l\u00e4pparna \u00e4r fulla, applicera en penna, som matchar l\u00e4ppstiftsnyansen precis innanf\u00f6r den naturliga l\u00e4pplinjen.<\/p>\n<\/div>\n<\/div>\n<\/div>\n<\/div>\n<\/div>\n<\/div>\n<\/div>\n<div class=\"field-items\">\n<div class=\"field-item even\">\n<div class=\"field-label\">\n<div class=\"field-label\"><strong>INGREDIENTS:<\/strong><\/div>\n<div class=\"field-items\">\n<div class=\"field-item even\">\n<p>Ricinus Communis Oil, Microcrystalline Wax, Paraffin, 2-Ethylhexyl Palmitate, Carnauba Cera, Cera Alba, Lanolin, BHT, Propylparaben<\/p>\n<\/div>\n<\/div>\n<\/div>\n<\/div>\n<\/div>\n<\/div>\n<\/div>\n<\/div>\n<\/div>\n<\/div>\n<\/div>\n<\/div>\n","protected":false},"excerpt":{"rendered":"<p><strong>Storlek: 1,1 gr.<\/strong><\/p>\n","protected":false},"featured_media":11013,"comment_status":"closed","ping_status":"closed","template":"","meta":[],"product_cat":[466],"product_tag":[],"class_list":["post-11176","product","type-product","status-publish","has-post-thumbnail","hentry","product_cat-wood-lip-pencil"],"acf":[],"_links":{"self":[{"href":"https:\/\/simoreno.se\/sv\/wp-json\/wp\/v2\/product\/11176","targetHints":{"allow":["GET"]}}],"collection":[{"href":"https:\/\/simoreno.se\/sv\/wp-json\/wp\/v2\/product"}],"about":[{"href":"https:\/\/simoreno.se\/sv\/wp-json\/wp\/v2\/types\/product"}],"replies":[{"embeddable":true,"href":"https:\/\/simoreno.se\/sv\/wp-json\/wp\/v2\/comments?post=11176"}],"version-history":[{"count":0,"href":"https:\/\/simoreno.se\/sv\/wp-json\/wp\/v2\/product\/11176\/revisions"}],"wp:featuredmedia":[{"embeddable":true,"href":"https:\/\/simoreno.se\/sv\/wp-json\/wp\/v2\/media\/11013"}],"wp:attachment":[{"href":"https:\/\/simoreno.se\/sv\/wp-json\/wp\/v2\/media?parent=11176"}],"wp:term":[{"taxonomy":"product_cat","embeddable":true,"href":"https:\/\/simoreno.se\/sv\/wp-json\/wp\/v2\/product_cat?post=11176"},{"taxonomy":"product_tag","embeddable":true,"href":"https:\/\/simoreno.se\/sv\/wp-json\/wp\/v2\/product_tag?post=11176"}],"curies":[{"name":"wp","href":"https:\/\/api.w.org\/{rel}","templated":true}]}}