{"id":11177,"date":"2021-09-17T12:47:26","date_gmt":"2021-11-22T11:16:24","guid":{"rendered":"https:\/\/simoreno.se\/product\/jordgubbsskrubb\/"},"modified":"2022-01-16T21:51:33","modified_gmt":"2022-01-16T20:51:33","slug":"strawberry-scrub","status":"publish","type":"product","link":"https:\/\/simoreno.se\/sv\/product\/strawberry-scrub\/","title":{"rendered":"Strawberry Scrub"},"content":{"rendered":"<div class=\"field field-name-body field-type-text-with-summary field-label-above\">\n<div class=\"field-label\">\n<div class=\"field field-name-body field-type-text-with-summary field-label-above\">\n<div class=\"field-items\">\n<div class=\"field-item even\">\n<p>S\u00ec Moreno Strawberry Jojoba fr\u00f6nskrubb erbjuder en kombination av en uppiggande doft med djupreng\u00f6rande skrubbp\u00e4rlor f\u00f6r att avsl\u00f6ja sl\u00e4t och str\u00e5lande hud.<\/p>\n<ul>\n<li>Exfolierar varsamt d\u00f6da hudceller<\/li>\n<li>Tar effektivt bort smuts och oljeansamlingar<\/li>\n<li>\u00c5terfuktar och ger n\u00e4ring \u00e5t huden<\/li>\n<li>Har en h\u00e4rlig arom av jordgubbar<\/li>\n<\/ul>\n<\/div>\n<\/div>\n<\/div>\n<div class=\"field field-name-field-term-of-user field-type-text-long field-label-above\">\n<div class=\"field-label\"><strong>ANV\u00c4NDARVILLKOR:<\/strong><\/div>\n<div class=\"field-items\">\n<div class=\"field-item even\">\n<p>F\u00f6rdela en liten m\u00e4ngd i handflatan. Tills\u00e4tt n\u00e5gra droppar vatten. Applicera p\u00e5 ansiktet i en cirkul\u00e4r r\u00f6relse. Sk\u00f6lj av med mycket vatten. F\u00f6lj med fuktighetskr\u00e4m.<\/p>\n<div class=\"field-label\"><strong>INGREDIENSER:<\/strong><\/div>\n<div class=\"field-items\">\n<div class=\"field-item even\">\n<p>Purified Water (Aqua), Jojoba Esters, Cetearyl Alcohol, Simmondsia Chinensis (Jojoba) Seed Oil, Coco-Glucoside, Mel (Honey), Sodium Cocoyl Apple Amino Acids, Xylitylglucoside, Anhydroxylitol, Xylitol, Magnesium Gluconate, Fragaria Chiloensis (Strawberry) Oil, Ethylhexylglycerin, Phenoxyethanol.<\/p>\n<\/div>\n<\/div>\n<\/div>\n<\/div>\n<\/div>\n<\/div>\n<\/div>\n","protected":false},"excerpt":{"rendered":"<p><strong>Storlek: 60 ml.<\/strong><\/p>\n","protected":false},"featured_media":10680,"comment_status":"closed","ping_status":"closed","template":"","meta":[],"product_cat":[434],"product_tag":[],"class_list":["post-11177","product","type-product","status-publish","has-post-thumbnail","hentry","product_cat-junior"],"acf":[],"_links":{"self":[{"href":"https:\/\/simoreno.se\/sv\/wp-json\/wp\/v2\/product\/11177","targetHints":{"allow":["GET"]}}],"collection":[{"href":"https:\/\/simoreno.se\/sv\/wp-json\/wp\/v2\/product"}],"about":[{"href":"https:\/\/simoreno.se\/sv\/wp-json\/wp\/v2\/types\/product"}],"replies":[{"embeddable":true,"href":"https:\/\/simoreno.se\/sv\/wp-json\/wp\/v2\/comments?post=11177"}],"version-history":[{"count":0,"href":"https:\/\/simoreno.se\/sv\/wp-json\/wp\/v2\/product\/11177\/revisions"}],"wp:featuredmedia":[{"embeddable":true,"href":"https:\/\/simoreno.se\/sv\/wp-json\/wp\/v2\/media\/10680"}],"wp:attachment":[{"href":"https:\/\/simoreno.se\/sv\/wp-json\/wp\/v2\/media?parent=11177"}],"wp:term":[{"taxonomy":"product_cat","embeddable":true,"href":"https:\/\/simoreno.se\/sv\/wp-json\/wp\/v2\/product_cat?post=11177"},{"taxonomy":"product_tag","embeddable":true,"href":"https:\/\/simoreno.se\/sv\/wp-json\/wp\/v2\/product_tag?post=11177"}],"curies":[{"name":"wp","href":"https:\/\/api.w.org\/{rel}","templated":true}]}}