{"id":11188,"date":"2021-09-17T03:44:51","date_gmt":"2021-11-22T11:16:28","guid":{"rendered":"https:\/\/simoreno.se\/product\/kram-fransfortjockningsmedel\/"},"modified":"2022-01-12T13:29:16","modified_gmt":"2022-01-12T12:29:16","slug":"cream-lash-thickener","status":"publish","type":"product","link":"https:\/\/simoreno.se\/sv\/product\/cream-lash-thickener\/","title":{"rendered":"Cream Lash Thickener"},"content":{"rendered":"<div class=\"field field-name-body field-type-text-with-summary field-label-above\">\n<div class=\"field-label\">\n<div class=\"field field-name-body field-type-text-with-summary field-label-above\">\n<div class=\"field-items\">\n<div class=\"field-item even\">\n<ul>\n<li>bygger upp volym och separerar \u00f6gonfransar fr\u00e5n varandra<\/li>\n<li>Huvudsakliga aktiva ingredienser: Vitamin B, Vitamin E och hydrolyserat vegetabiliskt protein<\/li>\n<li>Hj\u00e4lper till att ge n\u00e4ring \u00e5t \u00f6gonfransar<\/li>\n<li>Inneh\u00e5ller filmbildande medel som hj\u00e4lper till att bibeh\u00e5lla aktiva ingredienser p\u00e5 \u00f6gonfransarna<\/li>\n<li>F\u00f6rhindrar att mascaran klibbar ihop<\/li>\n<li>Mild f\u00f6r k\u00e4nsliga \u00f6gon<\/li>\n<li>Parabenfri formel.<\/li>\n<\/ul>\n<\/div>\n<\/div>\n<\/div>\n<div class=\"field field-name-field-term-of-user field-type-text-long field-label-above\">\n<div class=\"field-label\"><strong>ANV\u00c4NDARVILLKOR:<\/strong><\/div>\n<div class=\"field-items\">\n<div class=\"field-item even\">\n<p>Lash thickener \u00e4r ett kr\u00e4mbalsam formulerat f\u00f6r att ge dig vackra tjocka l\u00e5nga fransar p\u00e5 n\u00e5gra sekunder med naturliga ingredienser (inga fibrer). Applicera ett lager p\u00e5 rena fransar innan du applicerar din mascara. F\u00f6r en mer glamor\u00f6s look, l\u00e4gg ett andra lager\u00a0av\u00a0<strong>Lash Thickener\u00a0<\/strong>\u00f6ver mascaran innan du anv\u00e4nder ett andra lager mascara.<\/p>\n<\/div>\n<\/div>\n<\/div>\n<\/div>\n<div class=\"field-items\">\n<div class=\"field-item even\">\n<div class=\"field-label\"><strong>INGREDIENTS:<\/strong><\/div>\n<div class=\"field-items\">\n<div class=\"field-item even\">\n<p>Water (Aqua), Cera Alba, Copernicia Cerifera (Carnauba) Wax, Stearic Acid, Glyceryl Stearate, Propanediol, Mica, Acrylates\/Octylacrylamide Copolymer, Phenyl Trimethicone, Isocetyl Stearate, Aminomethyl Propanol, Caprylic Glycol, Hexylene Glycol, Phenoxyethanol, Glycerin, Myristoyl Pentapeptide-17, Tocopheryl Acetate, Iodopropynyl Butylcarbamate, Panthenol, Hydrolyzed Wheat Protein \/ PVP Crosspolymer, Hydrolyzed Vegetable Protein PG-Propyl Silanetriol, Phenethyl Alcohol, Methylisothiazolinone.<\/p>\n<\/div>\n<\/div>\n<\/div>\n<\/div>\n<\/div>\n","protected":false},"excerpt":{"rendered":"<p><strong>STORLEK: 7,4 gr.<\/strong><\/p>\n","protected":false},"featured_media":10865,"comment_status":"closed","ping_status":"closed","template":"","meta":[],"product_cat":[450],"product_tag":[],"class_list":["post-11188","product","type-product","status-publish","has-post-thumbnail","hentry","product_cat-mascara"],"acf":[],"_links":{"self":[{"href":"https:\/\/simoreno.se\/sv\/wp-json\/wp\/v2\/product\/11188","targetHints":{"allow":["GET"]}}],"collection":[{"href":"https:\/\/simoreno.se\/sv\/wp-json\/wp\/v2\/product"}],"about":[{"href":"https:\/\/simoreno.se\/sv\/wp-json\/wp\/v2\/types\/product"}],"replies":[{"embeddable":true,"href":"https:\/\/simoreno.se\/sv\/wp-json\/wp\/v2\/comments?post=11188"}],"version-history":[{"count":0,"href":"https:\/\/simoreno.se\/sv\/wp-json\/wp\/v2\/product\/11188\/revisions"}],"wp:featuredmedia":[{"embeddable":true,"href":"https:\/\/simoreno.se\/sv\/wp-json\/wp\/v2\/media\/10865"}],"wp:attachment":[{"href":"https:\/\/simoreno.se\/sv\/wp-json\/wp\/v2\/media?parent=11188"}],"wp:term":[{"taxonomy":"product_cat","embeddable":true,"href":"https:\/\/simoreno.se\/sv\/wp-json\/wp\/v2\/product_cat?post=11188"},{"taxonomy":"product_tag","embeddable":true,"href":"https:\/\/simoreno.se\/sv\/wp-json\/wp\/v2\/product_tag?post=11188"}],"curies":[{"name":"wp","href":"https:\/\/api.w.org\/{rel}","templated":true}]}}