{"id":11195,"date":"2021-09-17T03:46:10","date_gmt":"2021-11-22T11:16:29","guid":{"rendered":"https:\/\/simoreno.se\/product\/hd-fransar-mascara\/"},"modified":"2022-04-30T17:03:20","modified_gmt":"2022-04-30T15:03:20","slug":"hd-lashes-mascara","status":"publish","type":"product","link":"https:\/\/simoreno.se\/sv\/product\/hd-lashes-mascara\/","title":{"rendered":"HD Lashes Mascara"},"content":{"rendered":"<div class=\"field field-name-body field-type-text-with-summary field-label-above\">\n<div class=\"field-label\">\n<div class=\"field field-name-body field-type-text-with-summary field-label-above\">\n<div class=\"field-label\">\n<div class=\"field field-name-body field-type-text-with-summary field-label-above\">\n<div class=\"field-items\">\n<div class=\"field-item even\">\n<ul>\n<li>Friska fylliga fransar och ger maxad volym<\/li>\n<li>Vattenbest\u00e4ndig formulering<\/li>\n<li>Borsten hj\u00e4lper till att lyfta dina fransar med l\u00e4tthet<\/li>\n<li>Kompatibel med fransf\u00f6rl\u00e4ngning<\/li>\n<\/ul>\n<\/div>\n<\/div>\n<\/div>\n<div class=\"field field-name-field-term-of-user field-type-text-long field-label-above\">\n<div class=\"field-label\"><strong>ANV\u00c4NDARVILLKOR:<\/strong><\/div>\n<div class=\"field-items\">\n<div class=\"field-item even\">\n<p>F\u00f6r de l\u00e5nga frodiga tjocka fransarna \u00e4r S\u00ec Moreno HD vattenbest\u00e4ndig formula ett m\u00e5ste. Denna nya banbrytande formel kommer att ge dina fransar en omedelbar definition och volym. Som ett resultat kommer fransarna att se l\u00e5nga och friska ut med bara ett lager applicering.<\/p>\n<\/div>\n<\/div>\n<\/div>\n<\/div>\n<div class=\"field-items\">\n<div class=\"field-item even\">\n<div class=\"field-label\"><strong>INGREDIENSER:<\/strong><\/div>\n<div class=\"field-items\">\n<div class=\"field-item even\">\n<p>Aqua (Water), Pentaerytrityl Tetrastearate, Cera Alba, PVP, Ozokerite, Glyceryl Stearate SE, Oleic Acid, Polybutene, Cera Carnauba, Phenoxyethanol, Propylparaben, Isopropanolamine, Panthenol, Quaternium-22, Sorbitan Sesquioleate, Quaternium-15, Imidazolidinyl Urea, Hydrolyzed Keratin.<\/p>\n<\/div>\n<\/div>\n<\/div>\n<\/div>\n<\/div>\n<\/div>\n<\/div>\n","protected":false},"excerpt":{"rendered":"<p><strong>STORLEK: 7,4 gr.<\/strong><\/p>\n","protected":false},"featured_media":10866,"comment_status":"closed","ping_status":"closed","template":"","meta":[],"product_cat":[450],"product_tag":[],"class_list":["post-11195","product","type-product","status-publish","has-post-thumbnail","hentry","product_cat-mascara"],"acf":[],"_links":{"self":[{"href":"https:\/\/simoreno.se\/sv\/wp-json\/wp\/v2\/product\/11195","targetHints":{"allow":["GET"]}}],"collection":[{"href":"https:\/\/simoreno.se\/sv\/wp-json\/wp\/v2\/product"}],"about":[{"href":"https:\/\/simoreno.se\/sv\/wp-json\/wp\/v2\/types\/product"}],"replies":[{"embeddable":true,"href":"https:\/\/simoreno.se\/sv\/wp-json\/wp\/v2\/comments?post=11195"}],"version-history":[{"count":0,"href":"https:\/\/simoreno.se\/sv\/wp-json\/wp\/v2\/product\/11195\/revisions"}],"wp:featuredmedia":[{"embeddable":true,"href":"https:\/\/simoreno.se\/sv\/wp-json\/wp\/v2\/media\/10866"}],"wp:attachment":[{"href":"https:\/\/simoreno.se\/sv\/wp-json\/wp\/v2\/media?parent=11195"}],"wp:term":[{"taxonomy":"product_cat","embeddable":true,"href":"https:\/\/simoreno.se\/sv\/wp-json\/wp\/v2\/product_cat?post=11195"},{"taxonomy":"product_tag","embeddable":true,"href":"https:\/\/simoreno.se\/sv\/wp-json\/wp\/v2\/product_tag?post=11195"}],"curies":[{"name":"wp","href":"https:\/\/api.w.org\/{rel}","templated":true}]}}