{"id":11209,"date":"2021-09-17T09:41:24","date_gmt":"2021-11-22T11:16:31","guid":{"rendered":"https:\/\/simoreno.se\/product\/indian-rod-lip-shine-gloss\/"},"modified":"2022-04-30T17:11:36","modified_gmt":"2022-04-30T15:11:36","slug":"indian-rod-lip-shine-gloss","status":"publish","type":"product","link":"https:\/\/simoreno.se\/sv\/product\/indian-rod-lip-shine-gloss\/","title":{"rendered":"INDIAN RED-LIP SHINE GLOSS"},"content":{"rendered":"<div class=\"field field-name-body field-type-text-with-summary field-label-above\">\n<div class=\"field-label\">\n<div class=\"field field-name-body field-type-text-with-summary field-label-above\">\n<div class=\"field-items\">\n<div class=\"field-item even\">\n<ul>\n<li>Parabenfri \u2013 Mineralbasformulering.<\/li>\n<li>Vitamin E hj\u00e4lper till att h\u00e5lla l\u00e4pparna \u00e5terfuktade hela dagen.<\/li>\n<li>Ger ultraglans och f\u00e4rg till l\u00e4pparna.<\/li>\n<li>F\u00e4rgens utseende kan variera beroende p\u00e5 hudton.<\/li>\n<\/ul>\n<\/div>\n<\/div>\n<\/div>\n<div class=\"field field-name-field-term-of-user field-type-text-long field-label-above\">\n<div class=\"field-label\"><strong>ANV\u00c4NDARVILLKOR:<\/strong><\/div>\n<div class=\"field-items\">\n<div class=\"field-item even\">\n<div class=\"field-label\">\n<div class=\"field field-name-field-term-of-user field-type-text-long field-label-above\">\n<div class=\"field-items\">\n<div class=\"field-item even\">\n<p>Ett oemotst\u00e5ndligt f\u00e4rgbibliotek av l\u00e4ppglans som du m\u00e5ste ha,<br \/>\nUtm\u00e4rkt f\u00f6r att l\u00e4gga \u00f6ver ditt favoritl\u00e4ppstift, eller till och med ensamt f\u00f6r en fantastisk touch av glans och f\u00e4rg.<br \/>\nV\u00e4lj bland skira och ogenomskinliga f\u00e4rger samt nyanser med en touch av glitter.<\/p>\n<\/div>\n<\/div>\n<\/div>\n<\/div>\n<div class=\"field-items\">\n<div class=\"field-item even\">\n<div class=\"field-label\">\n<div class=\"field-label\"><strong>INGREDIENTS:<\/strong><\/div>\n<div class=\"field-items\">\n<div class=\"field-item even\">\n<p>Polybutene, Octyldodecanol, C12-15 Alkyl Benzoate, Myristyl Lactate, Ozokerite Wax, Beeswax, Dipentaerythrityl Tetrahydroxystearate \/ Tetraisostearate, Tocopheryl Acetate (Vitamin E), Phenoxyethanol.<\/p>\n<\/div>\n<\/div>\n<\/div>\n<\/div>\n<\/div>\n<\/div>\n<\/div>\n<\/div>\n<\/div>\n<\/div>\n","protected":false},"excerpt":{"rendered":"<p><strong>Storlek: 7 gr.<\/strong><\/p>\n","protected":false},"featured_media":10916,"comment_status":"closed","ping_status":"closed","template":"","meta":[],"product_cat":[447],"product_tag":[],"class_list":["post-11209","product","type-product","status-publish","has-post-thumbnail","hentry","product_cat-lip-shine-gloss"],"acf":[],"_links":{"self":[{"href":"https:\/\/simoreno.se\/sv\/wp-json\/wp\/v2\/product\/11209","targetHints":{"allow":["GET"]}}],"collection":[{"href":"https:\/\/simoreno.se\/sv\/wp-json\/wp\/v2\/product"}],"about":[{"href":"https:\/\/simoreno.se\/sv\/wp-json\/wp\/v2\/types\/product"}],"replies":[{"embeddable":true,"href":"https:\/\/simoreno.se\/sv\/wp-json\/wp\/v2\/comments?post=11209"}],"version-history":[{"count":0,"href":"https:\/\/simoreno.se\/sv\/wp-json\/wp\/v2\/product\/11209\/revisions"}],"wp:featuredmedia":[{"embeddable":true,"href":"https:\/\/simoreno.se\/sv\/wp-json\/wp\/v2\/media\/10916"}],"wp:attachment":[{"href":"https:\/\/simoreno.se\/sv\/wp-json\/wp\/v2\/media?parent=11209"}],"wp:term":[{"taxonomy":"product_cat","embeddable":true,"href":"https:\/\/simoreno.se\/sv\/wp-json\/wp\/v2\/product_cat?post=11209"},{"taxonomy":"product_tag","embeddable":true,"href":"https:\/\/simoreno.se\/sv\/wp-json\/wp\/v2\/product_tag?post=11209"}],"curies":[{"name":"wp","href":"https:\/\/api.w.org\/{rel}","templated":true}]}}