{"id":11226,"date":"2021-09-17T03:10:19","date_gmt":"2021-11-22T11:16:41","guid":{"rendered":"https:\/\/simoreno.se\/product\/azul-liquid-eyeliner-penna\/"},"modified":"2022-01-24T13:14:58","modified_gmt":"2022-01-24T12:14:58","slug":"azul-liquid-eyeliner-pen","status":"publish","type":"product","link":"https:\/\/simoreno.se\/sv\/product\/azul-liquid-eyeliner-pen\/","title":{"rendered":"AZUL-Liquid EYELINER PEN"},"content":{"rendered":"<div class=\"field field-name-body field-type-text-with-summary field-label-above\">\n<div class=\"field-label\">\n<div class=\"field field-name-body field-type-text-with-summary field-label-above\">\n<div class=\"field-items\">\n<div class=\"field-item even\">\n<ul>\n<li>L\u00e4tt att applicera med det flexibel filtspets applikator<\/li>\n<li>En flytande vattent\u00e4t och h\u00f6gpigmenterad linerpenna.<\/li>\n<li>Vattent\u00e4t och l\u00e5ngvarig formula.<\/li>\n<li>Du kan kontrollera att linjerna blir tunna, tjocka eller med mer intensiv effekt, T ex (cat Eyeliner or winged Eyeliner).<\/li>\n<\/ul>\n<\/div>\n<\/div>\n<\/div>\n<div class=\"field field-name-field-term-of-user field-type-text-long field-label-above\">\n<div class=\"field-label\"><strong>ANV\u00c4NDARVILLKOR:<\/strong><\/div>\n<div class=\"field-items\">\n<div class=\"field-item even\">\n<p>Den flexibla filtspetsen g\u00f6r att det blir l\u00e4tt att applicera n\u00e4ra fransbasen med en fin linje eller skapar mer intensiv effekt med ett n\u00e5got \u00f6kat tryck.<\/p>\n<div class=\"field-label\">\n<div class=\"field-label\"><strong>INGREDIENTS:<\/strong><\/div>\n<div class=\"field-items\">\n<div class=\"field-item even\">\n<p>Water (Aqua), Polyacrylic Acid, Acrylates\/Octylacrylamide Copolymer, Triethanolamine, Sorbitan Sesquioleate, Propylene Glycol, Polyvinylpyrrolidone.<\/p>\n<\/div>\n<\/div>\n<\/div>\n<\/div>\n<\/div>\n<\/div>\n<\/div>\n<\/div>\n","protected":false},"excerpt":{"rendered":"<p><strong>STORLEK: 2 gr.<\/strong><\/p>\n","protected":false},"featured_media":10849,"comment_status":"closed","ping_status":"closed","template":"","meta":[],"product_cat":[471],"product_tag":[],"class_list":["post-11226","product","type-product","status-publish","has-post-thumbnail","hentry","product_cat-liquid-liner-pen-eyeliner-sealer"],"acf":[],"_links":{"self":[{"href":"https:\/\/simoreno.se\/sv\/wp-json\/wp\/v2\/product\/11226","targetHints":{"allow":["GET"]}}],"collection":[{"href":"https:\/\/simoreno.se\/sv\/wp-json\/wp\/v2\/product"}],"about":[{"href":"https:\/\/simoreno.se\/sv\/wp-json\/wp\/v2\/types\/product"}],"replies":[{"embeddable":true,"href":"https:\/\/simoreno.se\/sv\/wp-json\/wp\/v2\/comments?post=11226"}],"version-history":[{"count":0,"href":"https:\/\/simoreno.se\/sv\/wp-json\/wp\/v2\/product\/11226\/revisions"}],"wp:featuredmedia":[{"embeddable":true,"href":"https:\/\/simoreno.se\/sv\/wp-json\/wp\/v2\/media\/10849"}],"wp:attachment":[{"href":"https:\/\/simoreno.se\/sv\/wp-json\/wp\/v2\/media?parent=11226"}],"wp:term":[{"taxonomy":"product_cat","embeddable":true,"href":"https:\/\/simoreno.se\/sv\/wp-json\/wp\/v2\/product_cat?post=11226"},{"taxonomy":"product_tag","embeddable":true,"href":"https:\/\/simoreno.se\/sv\/wp-json\/wp\/v2\/product_tag?post=11226"}],"curies":[{"name":"wp","href":"https:\/\/api.w.org\/{rel}","templated":true}]}}