{"id":11228,"date":"2021-09-16T14:43:51","date_gmt":"2021-11-22T11:16:41","guid":{"rendered":"https:\/\/simoreno.se\/product\/sahara-mineral-rodnad\/"},"modified":"2022-04-30T17:25:04","modified_gmt":"2022-04-30T15:25:04","slug":"sahara-mineral-blush","status":"publish","type":"product","link":"https:\/\/simoreno.se\/sv\/product\/sahara-mineral-blush\/","title":{"rendered":"Sahara-MINERAL Blush"},"content":{"rendered":"<div class=\"field field-name-body field-type-text-with-summary field-label-above\">\n<div class=\"field-label\">\n<div class=\"field field-name-body field-type-text-with-summary field-label-above\">\n<div class=\"field-items\">\n<div class=\"field-item even\">\n<ul>\n<li>En mjuk silkeslen texturerad original formel pressad Blush<b> <\/b><\/li>\n<li>Matt, Blank eller halvblank.<\/li>\n<li>Blandar l\u00e4tt n\u00e4r den appliceras med en fin kvalitetsborste.<\/li>\n<li>Stort urval av naturliga och dramatiska f\u00e4rger.<\/li>\n<li>Kan anv\u00e4ndas p\u00e5 alla hudtyper<\/li>\n<li>Kollektionen \u00e4r komplett med highlighter och konturnyanser.<\/li>\n<\/ul>\n<\/div>\n<\/div>\n<\/div>\n<div class=\"field field-name-field-term-of-user field-type-text-long field-label-above\">\n<div class=\"field-label\"><strong>ANV\u00c4NDARVILLKOR:<\/strong><\/div>\n<div class=\"field-items\">\n<div class=\"field-item even\">\n<p>F\u00f6r den mest professionella looken, blanda f\u00e4rg v\u00e4l. Ingen gr\u00e4nslinje ska vara synlig mellan kontur, rouge och highlighter nyanser.<\/p>\n<\/div>\n<\/div>\n<\/div>\n<\/div>\n<div class=\"field-items\">\n<div class=\"field-item even\">\n<div class=\"field-label\">\n<div class=\"field-label\">\n<div class=\"field-label\"><strong>INGREDIENTS:<\/strong><\/div>\n<div class=\"field-items\">\n<div class=\"field-item even\">\n<p>Magnesium Silicate Monohydrate, Zinc Stearate, Phenoxyethanol, Sodium Benzoate, Octyl Palmitate<\/p>\n<\/div>\n<\/div>\n<\/div>\n<\/div>\n<\/div>\n<\/div>\n<\/div>\n","protected":false},"excerpt":{"rendered":"<div class=\"field-label\"><strong>Storlek: 4 gr.<\/strong><\/div>\n","protected":false},"featured_media":10834,"comment_status":"closed","ping_status":"closed","template":"","meta":[],"product_cat":[473],"product_tag":[],"class_list":["post-11228","product","type-product","status-publish","has-post-thumbnail","hentry","product_cat-mineral-blush"],"acf":[],"_links":{"self":[{"href":"https:\/\/simoreno.se\/sv\/wp-json\/wp\/v2\/product\/11228","targetHints":{"allow":["GET"]}}],"collection":[{"href":"https:\/\/simoreno.se\/sv\/wp-json\/wp\/v2\/product"}],"about":[{"href":"https:\/\/simoreno.se\/sv\/wp-json\/wp\/v2\/types\/product"}],"replies":[{"embeddable":true,"href":"https:\/\/simoreno.se\/sv\/wp-json\/wp\/v2\/comments?post=11228"}],"version-history":[{"count":0,"href":"https:\/\/simoreno.se\/sv\/wp-json\/wp\/v2\/product\/11228\/revisions"}],"wp:featuredmedia":[{"embeddable":true,"href":"https:\/\/simoreno.se\/sv\/wp-json\/wp\/v2\/media\/10834"}],"wp:attachment":[{"href":"https:\/\/simoreno.se\/sv\/wp-json\/wp\/v2\/media?parent=11228"}],"wp:term":[{"taxonomy":"product_cat","embeddable":true,"href":"https:\/\/simoreno.se\/sv\/wp-json\/wp\/v2\/product_cat?post=11228"},{"taxonomy":"product_tag","embeddable":true,"href":"https:\/\/simoreno.se\/sv\/wp-json\/wp\/v2\/product_tag?post=11228"}],"curies":[{"name":"wp","href":"https:\/\/api.w.org\/{rel}","templated":true}]}}