{"id":11234,"date":"2021-09-16T15:03:09","date_gmt":"2021-11-22T11:16:42","guid":{"rendered":"https:\/\/simoreno.se\/product\/piedra-concealer-ogonskugga-bas\/"},"modified":"2022-04-30T17:07:33","modified_gmt":"2022-04-30T15:07:33","slug":"piedra-concealer-eyeshadow-base","status":"publish","type":"product","link":"https:\/\/simoreno.se\/sv\/product\/piedra-concealer-eyeshadow-base\/","title":{"rendered":"PIEDRA-CONCEALER EYESHADOW BASE"},"content":{"rendered":"<div class=\"field field-name-body field-type-text-with-summary field-label-above\">\n<div class=\"field-label\">\n<div class=\"field field-name-body field-type-text-with-summary field-label-above\">\n<div class=\"field-items\">\n<ul>\n<li class=\"field-item even\">En Lyxig, l\u00e5ngvarig concealer och \u00f6gonskuggsbas<\/li>\n<li class=\"field-item even\">Ger dig ungdomlig gl\u00f6dande.<\/li>\n<li class=\"field-item even\">Multifunktionell formel inneb\u00e4r rikare f\u00e4rgf\u00f6rdelning,<\/li>\n<li class=\"field-item even\">l\u00e4tt att bland, l\u00e4tt att ta med sig (on-the-go touchups)<\/li>\n<li class=\"field-item even\">Mineralbas &#8211; fri fr\u00e5n parabener<\/li>\n<li class=\"field-item even\">d\u00f6ljer den m\u00f6rka ringar n\u00e4r den appliceras under \u00f6gonomr\u00e5det<\/li>\n<li class=\"field-item even\">Framh\u00e4ver omr\u00e5de som under \u00f6gonbrynet<\/li>\n<li class=\"field-item even\">Mild mot huden och parfymfri<\/li>\n<\/ul>\n<\/div>\n<\/div>\n<div class=\"field field-name-field-term-of-user field-type-text-long field-label-above\">\n<div class=\"field-items\">\n<div class=\"field-item even\">\n<div class=\"field-label\">\n<div class=\"field field-name-body field-type-text-with-summary field-label-above\">\n<div class=\"field-items\">\n<div class=\"field-item even\">\n<p><strong>ANV\u00c4NDARVILLKOR<\/strong><\/p>\n<p>Det \u00e4r b\u00e4st att anv\u00e4nda innan du applicerar makeup f\u00f6r att j\u00e4mna ut hudtonen eller f\u00f6r att t\u00e4cka fr\u00e4knar, fl\u00e4ckar och brister.<\/p>\n<\/div>\n<\/div>\n<\/div>\n<\/div>\n<div class=\"field-items\">\n<div class=\"field-item even\">\n<div class=\"field-label\">\n<div class=\"field-label\"><\/div>\n<\/div>\n<\/div>\n<\/div>\n<\/div>\n<\/div>\n<\/div>\n<\/div>\n<div class=\"field-items\">\n<div class=\"field-item even\">\n<div class=\"field-label\">\n<div class=\"field-label\"><strong>INGREDIENTS:<\/strong><\/div>\n<div class=\"field-items\">\n<div class=\"field-item even\">\n<p>Liquid Paraffin, Ozokerite Wax, Beeswax, Cetyl Esters, Lanolin, Zinc Stearate, Phenoxyethanol, Iron Oxides, Titanium Dioxide, Ultramarine, Chromium Green, Red # 40, Kaolin.<\/p>\n<\/div>\n<\/div>\n<\/div>\n<\/div>\n<\/div>\n<\/div>\n","protected":false},"excerpt":{"rendered":"<div class=\"field-label\"><strong>Storlek: 9 gr.<\/strong><\/div>\n","protected":false},"featured_media":10838,"comment_status":"closed","ping_status":"closed","template":"","meta":[],"product_cat":[472],"product_tag":[],"class_list":["post-11234","product","type-product","status-publish","has-post-thumbnail","hentry","product_cat-concealer-eyeshadow-base"],"acf":[],"_links":{"self":[{"href":"https:\/\/simoreno.se\/sv\/wp-json\/wp\/v2\/product\/11234","targetHints":{"allow":["GET"]}}],"collection":[{"href":"https:\/\/simoreno.se\/sv\/wp-json\/wp\/v2\/product"}],"about":[{"href":"https:\/\/simoreno.se\/sv\/wp-json\/wp\/v2\/types\/product"}],"replies":[{"embeddable":true,"href":"https:\/\/simoreno.se\/sv\/wp-json\/wp\/v2\/comments?post=11234"}],"version-history":[{"count":0,"href":"https:\/\/simoreno.se\/sv\/wp-json\/wp\/v2\/product\/11234\/revisions"}],"wp:featuredmedia":[{"embeddable":true,"href":"https:\/\/simoreno.se\/sv\/wp-json\/wp\/v2\/media\/10838"}],"wp:attachment":[{"href":"https:\/\/simoreno.se\/sv\/wp-json\/wp\/v2\/media?parent=11234"}],"wp:term":[{"taxonomy":"product_cat","embeddable":true,"href":"https:\/\/simoreno.se\/sv\/wp-json\/wp\/v2\/product_cat?post=11234"},{"taxonomy":"product_tag","embeddable":true,"href":"https:\/\/simoreno.se\/sv\/wp-json\/wp\/v2\/product_tag?post=11234"}],"curies":[{"name":"wp","href":"https:\/\/api.w.org\/{rel}","templated":true}]}}