{"id":11238,"date":"2021-09-16T14:27:48","date_gmt":"2021-11-22T11:16:43","guid":{"rendered":"https:\/\/simoreno.se\/product\/cafe-sen-dual-powder-foundation\/"},"modified":"2022-01-04T13:25:46","modified_gmt":"2022-01-04T12:25:46","slug":"cafe-sen-dual-powder-foundation","status":"publish","type":"product","link":"https:\/\/simoreno.se\/sv\/product\/cafe-sen-dual-powder-foundation\/","title":{"rendered":"Caf\u00e9 Late-DUAL POWDER FOUNDATION"},"content":{"rendered":"<div class=\"field field-name-body field-type-text-with-summary field-label-above\">\n<div class=\"field-label\">\n<div class=\"field field-name-body field-type-text-with-summary field-label-above\">\n<div class=\"field-items\">\n<div class=\"field-item even\">\n<ul>\n<li>En h\u00f6gkvalitativ foundation som ger utm\u00e4rkt t\u00e4ckning.<\/li>\n<li>High Definition-t\u00e4ckning hj\u00e4lper till att j\u00e4mna ut hudtonen, minskar uppkomsten av hudfel, \u00e4r utm\u00e4rkt f\u00f6r TV.<\/li>\n<li>Kan anv\u00e4ndas som finishpuder \u00f6ver flytande foundation f\u00f6r att ge en oljefri, l\u00e5ngvarig sammetsmjuka finishen<\/li>\n<li>Formulerad med m\u00e5nga naturliga ingredienser: Hydrerat lecitin: minskar fj\u00e4llning av huden, hj\u00e4lper till att \u00e5terst\u00e4lla hudens smidighet. Kiseldioxid: en naturlig ingrediens som ger en vattenavvisande effekt.\u00a0Titandioxid: ett solskydd som filtrerar UV-str\u00e5lar och har avledande egenskaper.<\/li>\n<li>F\u00f6rpackad i en spegelkompakt med luftad sektion f\u00f6r svamp.<\/li>\n<li>Oljefri och vattent\u00e5lig<\/li>\n<li>F\u00f6rb\u00e4ttrad PARABENFRI formulering<\/li>\n<\/ul>\n<p>&nbsp;<\/p>\n<\/div>\n<\/div>\n<\/div>\n<div class=\"field field-name-field-term-of-user field-type-text-long field-label-above\">\n<div class=\"field-label\"><strong>ANV\u00c4NDARVILLKOR:<\/strong><\/div>\n<div class=\"field-items\">\n<div class=\"field-item even\">\n<p>Applicera med en torr eller fuktig svamp f\u00f6r ett daggigt finish, eller en kabukiborste f\u00f6r en sl\u00e4t matt finish.<\/p>\n<\/div>\n<\/div>\n<\/div>\n<\/div>\n<div class=\"field-items\">\n<div class=\"field-item even\">\n<div class=\"field-label\">\n<div class=\"field-label\"><strong>INGREDIENTS:<\/strong><\/div>\n<div class=\"field-items\">\n<div class=\"field-item even\">\n<p>Mica, Trimethylsiloxysilicate, Dimethicone, Boron Nitride, Silica, Polyethylene, Nylon 12, Methicone, Chlorphenesin, Potassium Sorbate, Hydrogenated Lecithin.<\/p>\n<\/div>\n<\/div>\n<\/div>\n<\/div>\n<\/div>\n<\/div>\n","protected":false},"excerpt":{"rendered":"<div class=\"field-label\"><strong>Storlek: 8 gr.<\/strong><\/div>\n","protected":false},"featured_media":10822,"comment_status":"closed","ping_status":"closed","template":"","meta":[],"product_cat":[478],"product_tag":[],"class_list":["post-11238","product","type-product","status-publish","has-post-thumbnail","hentry","product_cat-dual-wet-dry-powder-foundation"],"acf":[],"_links":{"self":[{"href":"https:\/\/simoreno.se\/sv\/wp-json\/wp\/v2\/product\/11238","targetHints":{"allow":["GET"]}}],"collection":[{"href":"https:\/\/simoreno.se\/sv\/wp-json\/wp\/v2\/product"}],"about":[{"href":"https:\/\/simoreno.se\/sv\/wp-json\/wp\/v2\/types\/product"}],"replies":[{"embeddable":true,"href":"https:\/\/simoreno.se\/sv\/wp-json\/wp\/v2\/comments?post=11238"}],"version-history":[{"count":0,"href":"https:\/\/simoreno.se\/sv\/wp-json\/wp\/v2\/product\/11238\/revisions"}],"wp:featuredmedia":[{"embeddable":true,"href":"https:\/\/simoreno.se\/sv\/wp-json\/wp\/v2\/media\/10822"}],"wp:attachment":[{"href":"https:\/\/simoreno.se\/sv\/wp-json\/wp\/v2\/media?parent=11238"}],"wp:term":[{"taxonomy":"product_cat","embeddable":true,"href":"https:\/\/simoreno.se\/sv\/wp-json\/wp\/v2\/product_cat?post=11238"},{"taxonomy":"product_tag","embeddable":true,"href":"https:\/\/simoreno.se\/sv\/wp-json\/wp\/v2\/product_tag?post=11238"}],"curies":[{"name":"wp","href":"https:\/\/api.w.org\/{rel}","templated":true}]}}