{"id":11239,"date":"2021-09-17T03:14:50","date_gmt":"2021-11-22T11:16:43","guid":{"rendered":"https:\/\/simoreno.se\/product\/flytande-eyeliner-sealer\/"},"modified":"2022-01-08T13:21:31","modified_gmt":"2022-01-08T12:21:31","slug":"flytande-eyeliner-sealer","status":"publish","type":"product","link":"https:\/\/simoreno.se\/sv\/product\/flytande-eyeliner-sealer\/","title":{"rendered":"Flytande Eyeliner Sealer"},"content":{"rendered":"<div class=\"field field-name-body field-type-text-with-summary field-label-above\">\n<div class=\"field-label\">\n<div class=\"field field-name-body field-type-text-with-summary field-label-above\">\n<div class=\"field-items\">\n<div class=\"field-item even\">\n<ul>\n<li>F\u00f6rvandlar alla \u00f6gonskuggor eller l\u00f6st skimmerpuder till en flytande eyeliner<\/li>\n<li>kan anv\u00e4ndas med de flesta l\u00f6sa eller skimrande \u00f6gonskuggor<\/li>\n<li>V\u00e4nder pulver till en v\u00e4tska<\/li>\n<li>G\u00f6r att f\u00e4rgen sitter kvar l\u00e4ngre<\/li>\n<li>Naturlig ingrediens!<\/li>\n<\/ul>\n<p><strong>ANV\u00c4NDARVILLKOR:<\/strong><\/p>\n<ul>\n<li>L\u00e4gg en droppe eller tv\u00e5 S\u00ec Moreno ILine i locket p\u00e5 en skugga\/skimmer.<\/li>\n<li>Doppa eyelinerborsten i v\u00e4tska och sedan i skugga eller skimmer.<\/li>\n<li>Blanda tills du har tillr\u00e4ckligt med f\u00e4rg p\u00e5 din borste.<\/li>\n<li>Applicera som flytande eyeliner.<\/li>\n<\/ul>\n<\/div>\n<\/div>\n<\/div>\n<div class=\"field field-name-field-term-of-user field-type-text-long field-label-above\"><\/div>\n<\/div>\n<div class=\"field-items\">\n<div class=\"field-item even\">\n<div class=\"field-items\">\n<div class=\"field-item even\">\n<div class=\"field-label\"><strong>INGREDIENTS:<\/strong><\/div>\n<div class=\"field-items\">\n<div class=\"field-item even\">\n<p>Water (Aqua), Hydroxyethyl Cellulose, Polysorbate 20, Propylene Glycol, Sodium Benzoate.<\/p>\n<\/div>\n<\/div>\n<\/div>\n<\/div>\n<\/div>\n<\/div>\n<\/div>\n","protected":false},"excerpt":{"rendered":"<div class=\"field-label\"><strong>STORLEK: 3,5 gr.<\/strong><\/div>\n","protected":false},"featured_media":10852,"comment_status":"closed","ping_status":"closed","template":"","meta":[],"product_cat":[471],"product_tag":[],"class_list":["post-11239","product","type-product","status-publish","has-post-thumbnail","hentry","product_cat-liquid-liner-pen-eyeliner-sealer"],"acf":[],"_links":{"self":[{"href":"https:\/\/simoreno.se\/sv\/wp-json\/wp\/v2\/product\/11239","targetHints":{"allow":["GET"]}}],"collection":[{"href":"https:\/\/simoreno.se\/sv\/wp-json\/wp\/v2\/product"}],"about":[{"href":"https:\/\/simoreno.se\/sv\/wp-json\/wp\/v2\/types\/product"}],"replies":[{"embeddable":true,"href":"https:\/\/simoreno.se\/sv\/wp-json\/wp\/v2\/comments?post=11239"}],"version-history":[{"count":0,"href":"https:\/\/simoreno.se\/sv\/wp-json\/wp\/v2\/product\/11239\/revisions"}],"wp:featuredmedia":[{"embeddable":true,"href":"https:\/\/simoreno.se\/sv\/wp-json\/wp\/v2\/media\/10852"}],"wp:attachment":[{"href":"https:\/\/simoreno.se\/sv\/wp-json\/wp\/v2\/media?parent=11239"}],"wp:term":[{"taxonomy":"product_cat","embeddable":true,"href":"https:\/\/simoreno.se\/sv\/wp-json\/wp\/v2\/product_cat?post=11239"},{"taxonomy":"product_tag","embeddable":true,"href":"https:\/\/simoreno.se\/sv\/wp-json\/wp\/v2\/product_tag?post=11239"}],"curies":[{"name":"wp","href":"https:\/\/api.w.org\/{rel}","templated":true}]}}