{"id":11242,"date":"2021-09-16T14:35:25","date_gmt":"2021-11-22T11:16:44","guid":{"rendered":"https:\/\/simoreno.se\/product\/siena-torrt-lost-pulver\/"},"modified":"2022-04-30T17:43:20","modified_gmt":"2022-04-30T15:43:20","slug":"siena-dry-loose-powder","status":"publish","type":"product","link":"https:\/\/simoreno.se\/sv\/product\/siena-dry-loose-powder\/","title":{"rendered":"SIENA-DRY LOOSE POWDER"},"content":{"rendered":"<div class=\"field field-name-body field-type-text-with-summary field-label-above\">\n<div class=\"field-label\">\n<div class=\"field field-name-body field-type-text-with-summary field-label-above\">\n<div class=\"field-items\">\n<div class=\"field-item even\">\n<ul>\n<li>Setting powder tillverkat av mineraler absorberar olja och h\u00e5ller huden matt.<\/li>\n<li>Oljeabsorberande egenskaper<\/li>\n<li>Minskar glans<\/li>\n<li>Naturliga konserveringsmedel<\/li>\n<li>Kaolin absorberar b\u00e5de olja och vatten<\/li>\n<li>Parabenfri och glutenfri<\/li>\n<\/ul>\n<\/div>\n<\/div>\n<\/div>\n<div class=\"field field-name-field-term-of-user field-type-text-long field-label-above\">\n<div class=\"field-label\"><strong>ANV\u00c4NDARVILLKOR:<\/strong><\/div>\n<div class=\"field-items\">\n<div class=\"field-item even\">\n<p>Applicera med en stor mjuk fluffig puderborste f\u00f6r efterbehandling. Eller anv\u00e4nd en puderpuff f\u00f6r mer f\u00e4rg och t\u00e4ckning.<\/p>\n<\/div>\n<\/div>\n<\/div>\n<\/div>\n<div class=\"field-items\">\n<div class=\"field-item even\">\n<div class=\"field-label\">\n<div class=\"field-label\">\n<div class=\"field-label\"><strong>INGREDIENTS:<\/strong><\/div>\n<div class=\"field-items\">\n<div class=\"field-item even\">\n<p>Magnesium Silicate Monohydrate, Zinc Stearate, Magnesium Carbonate, Kaolin, Iron Oxide, Titanium Dioxide, Ultramarines.<\/p>\n<\/div>\n<\/div>\n<\/div>\n<\/div>\n<\/div>\n<\/div>\n<\/div>\n","protected":false},"excerpt":{"rendered":"<div class=\"field-label\"><strong>Storlek: 21 gr.<\/strong><\/div>\n","protected":false},"featured_media":10826,"comment_status":"closed","ping_status":"closed","template":"","meta":[],"product_cat":[480],"product_tag":[],"class_list":["post-11242","product","type-product","status-publish","has-post-thumbnail","hentry","product_cat-loose-powders"],"acf":[],"_links":{"self":[{"href":"https:\/\/simoreno.se\/sv\/wp-json\/wp\/v2\/product\/11242","targetHints":{"allow":["GET"]}}],"collection":[{"href":"https:\/\/simoreno.se\/sv\/wp-json\/wp\/v2\/product"}],"about":[{"href":"https:\/\/simoreno.se\/sv\/wp-json\/wp\/v2\/types\/product"}],"replies":[{"embeddable":true,"href":"https:\/\/simoreno.se\/sv\/wp-json\/wp\/v2\/comments?post=11242"}],"version-history":[{"count":0,"href":"https:\/\/simoreno.se\/sv\/wp-json\/wp\/v2\/product\/11242\/revisions"}],"wp:featuredmedia":[{"embeddable":true,"href":"https:\/\/simoreno.se\/sv\/wp-json\/wp\/v2\/media\/10826"}],"wp:attachment":[{"href":"https:\/\/simoreno.se\/sv\/wp-json\/wp\/v2\/media?parent=11242"}],"wp:term":[{"taxonomy":"product_cat","embeddable":true,"href":"https:\/\/simoreno.se\/sv\/wp-json\/wp\/v2\/product_cat?post=11242"},{"taxonomy":"product_tag","embeddable":true,"href":"https:\/\/simoreno.se\/sv\/wp-json\/wp\/v2\/product_tag?post=11242"}],"curies":[{"name":"wp","href":"https:\/\/api.w.org\/{rel}","templated":true}]}}