{"id":11243,"date":"2021-09-16T14:15:57","date_gmt":"2021-11-22T11:16:44","guid":{"rendered":"https:\/\/simoreno.se\/product\/piedra-perfect-cream-foundation\/"},"modified":"2022-01-05T15:05:04","modified_gmt":"2022-01-05T14:05:04","slug":"piedra-perfect-cream-foundation","status":"publish","type":"product","link":"https:\/\/simoreno.se\/sv\/product\/piedra-perfect-cream-foundation\/","title":{"rendered":"PIEDRA-Perfect CREAM FOUNDATION"},"content":{"rendered":"<div class=\"field field-name-body field-type-text-with-summary field-label-above\">\n<div class=\"field-label\">\n<div class=\"field field-name-body field-type-text-with-summary field-label-above\">\n<div class=\"field-items\">\n<div class=\"field-item even\">\n<ul>\n<li>High definition, full t\u00e4ckning och byggbar formel f\u00f6r en ungdomlig, sl\u00e4t, str\u00e5lande finish.<b> <\/b><\/li>\n<li>En lyxig kr\u00e4mig high-definition foundation skapar en felfri hy.<\/li>\n<li>Denna foundation \u00e4r perfekt f\u00f6r fotografering, tv och teatersminkning<\/li>\n<li>Vattenbest\u00e4ndig formulering<\/li>\n<li>Utm\u00e4rkt felfri t\u00e4ckning f\u00f6r alla hudtyper<\/li>\n<li>Naturligt solskydd<\/li>\n<li>F\u00f6rb\u00e4ttrad PARABENFRI formulering<\/li>\n<li>Ger en medium till full t\u00e4ckning baserat p\u00e5 applikation<\/li>\n<\/ul>\n<\/div>\n<\/div>\n<\/div>\n<div class=\"field field-name-field-term-of-user field-type-text-long field-label-above\">\n<div class=\"field-label\"><strong>ANV\u00c4NDARVILLKOR:<\/strong><\/div>\n<div class=\"field-items\">\n<div class=\"field-item even\">\n<p>Applicera med svamp f\u00f6r full t\u00e4ckning eller en foundationborste f\u00f6r medium t\u00e4ckning. Fungerar bra med No Shine Loose Powder f\u00f6r att kontrollera eventuell glans.<\/p>\n<\/div>\n<\/div>\n<\/div>\n<\/div>\n<div class=\"field-items\">\n<div class=\"field-item even\">\n<div class=\"field-label\">\n<div class=\"field-label\"><strong>INGREDIENTS:<\/strong><\/div>\n<div class=\"field-items\">\n<div class=\"field-item even\">\n<p>Cocos Nucifera (Coconut) Oil, Helianthus Annuus (Sunflower) Seed Oil, Ozokerite, Copernicia Cerifera (Carnauba) Wax, Stearic Acid.<\/p>\n<\/div>\n<\/div>\n<\/div>\n<\/div>\n<\/div>\n<\/div>\n","protected":false},"excerpt":{"rendered":"<div class=\"field-label\"><strong>Storlek: 28 gr.<\/strong><\/div>\n","protected":false},"featured_media":10818,"comment_status":"closed","ping_status":"closed","template":"","meta":[],"product_cat":[477],"product_tag":[],"class_list":["post-11243","product","type-product","status-publish","has-post-thumbnail","hentry","product_cat-picture-perfect-cream-foundation"],"acf":[],"_links":{"self":[{"href":"https:\/\/simoreno.se\/sv\/wp-json\/wp\/v2\/product\/11243","targetHints":{"allow":["GET"]}}],"collection":[{"href":"https:\/\/simoreno.se\/sv\/wp-json\/wp\/v2\/product"}],"about":[{"href":"https:\/\/simoreno.se\/sv\/wp-json\/wp\/v2\/types\/product"}],"replies":[{"embeddable":true,"href":"https:\/\/simoreno.se\/sv\/wp-json\/wp\/v2\/comments?post=11243"}],"version-history":[{"count":0,"href":"https:\/\/simoreno.se\/sv\/wp-json\/wp\/v2\/product\/11243\/revisions"}],"wp:featuredmedia":[{"embeddable":true,"href":"https:\/\/simoreno.se\/sv\/wp-json\/wp\/v2\/media\/10818"}],"wp:attachment":[{"href":"https:\/\/simoreno.se\/sv\/wp-json\/wp\/v2\/media?parent=11243"}],"wp:term":[{"taxonomy":"product_cat","embeddable":true,"href":"https:\/\/simoreno.se\/sv\/wp-json\/wp\/v2\/product_cat?post=11243"},{"taxonomy":"product_tag","embeddable":true,"href":"https:\/\/simoreno.se\/sv\/wp-json\/wp\/v2\/product_tag?post=11243"}],"curies":[{"name":"wp","href":"https:\/\/api.w.org\/{rel}","templated":true}]}}