{"id":11247,"date":"2021-09-17T03:04:42","date_gmt":"2021-11-22T11:16:44","guid":{"rendered":"https:\/\/simoreno.se\/product\/neger-indragbar-ogonbryn-penna\/"},"modified":"2022-01-06T13:59:31","modified_gmt":"2022-01-06T12:59:31","slug":"negro-retractable-eyebrow-pencil","status":"publish","type":"product","link":"https:\/\/simoreno.se\/sv\/product\/negro-retractable-eyebrow-pencil\/","title":{"rendered":"NEGRO-RETRACTABLE EYEBROW PENCIL"},"content":{"rendered":"<div class=\"field field-name-body field-type-text-with-summary field-label-above\">\n<div class=\"field-label\">\n<div class=\"field field-name-body field-type-text-with-summary field-label-above\">\n<div class=\"field-items\">\n<div class=\"field-item even\">\n<ul>\n<li>3 l\u00e4ttanv\u00e4nda inf\u00e4llbara f\u00e4rger<\/li>\n<li>Blandas l\u00e4tt<\/li>\n<li>Kan anv\u00e4ndas som eyeliner<\/li>\n<li>L\u00e5ngvarig vattenfast f\u00e4rg<\/li>\n<li>Smetningsbest\u00e4ndig f\u00e4rg<\/li>\n<li>Avokadoolja fr\u00e4mjar elasticitet och ger smidighet<\/li>\n<li>Tillsats av vitamin E hj\u00e4lper till att \u00e5terfukta och\u00a0fungerar som en antioxidant\n<p><strong>ANV\u00c4NDARVILLKOR<\/strong>:<\/li>\n<li>Anv\u00e4nd S\u00ec Moreno inf\u00e4llbar \u00f6gonbrynspenna f\u00f6r att skapa en perfekt b\u00e5ge som f\u00f6ljer din naturliga benstruktur<\/li>\n<li>kamma upp ditt \u00f6gonbrynsh\u00e5r vertikalt och dra en tunn linje l\u00e4ngs h\u00e5rf\u00e4stet efter den nedre b\u00e5gen<\/li>\n<li>kamma ner ditt brynh\u00e5r och definiera toppen av din brynb\u00e5ge p\u00e5 samma s\u00e4tt<\/li>\n<li>Applicera med l\u00e4tta drag och blanda sedan genom att borsta igenom med \u00f6gonbrynsborste<\/li>\n<li>Fyll i eventuella luckor eller glesa omr\u00e5den med f\u00e4rgen inom dina bryn.<\/li>\n<\/ul>\n<p><strong>INGREDIENTS:<\/strong><\/p>\n<p>Ceresin, Ozokerite, Beeswax, Microcrylstalline Wax, Carnauba Wax, Poylethylene Castor (Ricinus Communis) Oil, Octyl Palmitate, Lanolin, Petrolatum, Propylparaben, BHT.<\/p>\n<\/div>\n<\/div>\n<\/div>\n<\/div>\n<\/div>\n","protected":false},"excerpt":{"rendered":"<p><strong>Storlek: 2,5 gr.<\/strong><\/p>\n","protected":false},"featured_media":10845,"comment_status":"closed","ping_status":"closed","template":"","meta":[],"product_cat":[482],"product_tag":[],"class_list":["post-11247","product","type-product","status-publish","has-post-thumbnail","hentry","product_cat-retractable-eyebrow-pencil"],"acf":[],"_links":{"self":[{"href":"https:\/\/simoreno.se\/sv\/wp-json\/wp\/v2\/product\/11247","targetHints":{"allow":["GET"]}}],"collection":[{"href":"https:\/\/simoreno.se\/sv\/wp-json\/wp\/v2\/product"}],"about":[{"href":"https:\/\/simoreno.se\/sv\/wp-json\/wp\/v2\/types\/product"}],"replies":[{"embeddable":true,"href":"https:\/\/simoreno.se\/sv\/wp-json\/wp\/v2\/comments?post=11247"}],"version-history":[{"count":0,"href":"https:\/\/simoreno.se\/sv\/wp-json\/wp\/v2\/product\/11247\/revisions"}],"wp:featuredmedia":[{"embeddable":true,"href":"https:\/\/simoreno.se\/sv\/wp-json\/wp\/v2\/media\/10845"}],"wp:attachment":[{"href":"https:\/\/simoreno.se\/sv\/wp-json\/wp\/v2\/media?parent=11247"}],"wp:term":[{"taxonomy":"product_cat","embeddable":true,"href":"https:\/\/simoreno.se\/sv\/wp-json\/wp\/v2\/product_cat?post=11247"},{"taxonomy":"product_tag","embeddable":true,"href":"https:\/\/simoreno.se\/sv\/wp-json\/wp\/v2\/product_tag?post=11247"}],"curies":[{"name":"wp","href":"https:\/\/api.w.org\/{rel}","templated":true}]}}